{"id":10975,"date":"2025-04-24T13:33:31","date_gmt":"2025-04-24T11:33:31","guid":{"rendered":"https:\/\/induquim.com\/industrie-alimentaire\/hypermarches\/"},"modified":"2025-05-29T12:11:45","modified_gmt":"2025-05-29T10:11:45","slug":"hypermarches","status":"publish","type":"page","link":"https:\/\/induquim.com\/fr\/industrie-alimentaire\/hypermarches\/","title":{"rendered":"Hypermarch\u00e9s"},"content":{"rendered":"\t\t<div data-elementor-type=\"wp-page\" data-elementor-id=\"10975\" class=\"elementor elementor-10975 elementor-8367\" data-elementor-post-type=\"page\">\n\t\t\t\t<div class=\"elementor-element elementor-element-1fb13e5 e-con-full e-flex e-con e-parent\" data-id=\"1fb13e5\" data-element_type=\"container\" data-settings=\"{&quot;background_background&quot;:&quot;classic&quot;}\">\n\t\t\t\t<div class=\"elementor-element elementor-element-ae198fd elementor-widget elementor-widget-image\" data-id=\"ae198fd\" data-element_type=\"widget\" data-widget_type=\"image.default\">\n\t\t\t\t<div class=\"elementor-widget-container\">\n\t\t\t\t\t\t\t\t\t\t\t\t\t\t\t\t<a href=\"https:\/\/induquim.com\/fr\/divisions-fr\/massfood-fr\/\">\n\t\t\t\t\t\t\t<img fetchpriority=\"high\" decoding=\"async\" width=\"517\" height=\"152\" src=\"https:\/\/induquim.com\/wp-content\/uploads\/2025\/04\/massfood.png\" class=\"attachment-full size-full wp-image-8344\" alt=\"Massfood logo\" srcset=\"https:\/\/induquim.com\/wp-content\/uploads\/2025\/04\/massfood.png 517w, https:\/\/induquim.com\/wp-content\/uploads\/2025\/04\/massfood-300x88.png 300w\" sizes=\"(max-width: 517px) 100vw, 517px\" \/>\t\t\t\t\t\t\t\t<\/a>\n\t\t\t\t\t\t\t\t\t\t\t\t\t\t\t<\/div>\n\t\t\t\t<\/div>\n\t\t\t\t<\/div>\n\t\t<div class=\"elementor-element elementor-element-f06de23 e-flex e-con-boxed e-con e-parent\" data-id=\"f06de23\" data-element_type=\"container\">\n\t\t\t\t\t<div class=\"e-con-inner\">\n\t\t\t\t<div class=\"elementor-element elementor-element-de886ad elementor-widget elementor-widget-heading\" data-id=\"de886ad\" data-element_type=\"widget\" data-widget_type=\"heading.default\">\n\t\t\t\t<div class=\"elementor-widget-container\">\n\t\t\t\t\t<h1 class=\"elementor-heading-title elementor-size-default\">Hypermarch\u00e9s<\/h1>\t\t\t\t<\/div>\n\t\t\t\t<\/div>\n\t\t\t\t<div class=\"elementor-element elementor-element-d6efb1f elementor-widget elementor-widget-image\" data-id=\"d6efb1f\" data-element_type=\"widget\" data-widget_type=\"image.default\">\n\t\t\t\t<div class=\"elementor-widget-container\">\n\t\t\t\t\t\t\t\t\t\t\t\t\t\t\t<img decoding=\"async\" width=\"177\" height=\"177\" src=\"https:\/\/induquim.com\/wp-content\/uploads\/2025\/04\/massfood-hipermercados.png\" class=\"attachment-full size-full wp-image-8477\" alt=\"Massfood hipermercados icono\" srcset=\"https:\/\/induquim.com\/wp-content\/uploads\/2025\/04\/massfood-hipermercados.png 177w, https:\/\/induquim.com\/wp-content\/uploads\/2025\/04\/massfood-hipermercados-150x150.png 150w\" sizes=\"(max-width: 177px) 100vw, 177px\" \/>\t\t\t\t\t\t\t\t\t\t\t\t\t\t\t<\/div>\n\t\t\t\t<\/div>\n\t\t\t\t<div class=\"elementor-element elementor-element-5da4bca elementor-widget elementor-widget-text-editor\" data-id=\"5da4bca\" data-element_type=\"widget\" data-widget_type=\"text-editor.default\">\n\t\t\t\t<div class=\"elementor-widget-container\">\n\t\t\t\t\t\t\t\t\t<p>Les habitudes d&rsquo;achat et de consommation d&rsquo;aujourd&rsquo;hui ont fait des grands hypermarch\u00e9s un \u00e9l\u00e9ment important de la vie urbaine.<\/p><p>Ces centres disposent d&rsquo;entrep\u00f4ts et de grandes \u00e9tag\u00e8res o\u00f9 sont vendus des produits frais, r\u00e9frig\u00e9r\u00e9s et surgel\u00e9s. La plupart d&rsquo;entre eux proposent des viandes et des saucisses coup\u00e9es ou pr\u00e9par\u00e9es sur place, du poisson frais, des p\u00e2tisseries cuites sur place et, de plus en plus, une large gamme d&rsquo;aliments pr\u00eats \u00e0 \u00eatre consomm\u00e9s.<\/p><p>Pour toutes ces raisons, le nettoyage et la d\u00e9sinfection dans ces centres doivent \u00eatre trait\u00e9s comme de \u00ab petites industries \u00bb au sein des hypermarch\u00e9s eux-m\u00eames, o\u00f9 la pulv\u00e9risation d&rsquo;une mousse consistante ou la dilution contr\u00f4l\u00e9e des d\u00e9sinfectants dans les zones de vente est essentielle. En raison de la forte rotation du personnel, un service complet de formation et d&rsquo;audit est essentiel dans ces centres pour garantir l&rsquo;ex\u00e9cution correcte des processus de nettoyage. <\/p>\t\t\t\t\t\t\t\t<\/div>\n\t\t\t\t<\/div>\n\t\t\t\t<div class=\"elementor-element elementor-element-557ecf7 elementor-widget elementor-widget-image\" data-id=\"557ecf7\" data-element_type=\"widget\" data-widget_type=\"image.default\">\n\t\t\t\t<div class=\"elementor-widget-container\">\n\t\t\t\t\t\t\t\t\t\t\t\t\t\t\t<img decoding=\"async\" width=\"800\" height=\"488\" src=\"https:\/\/induquim.com\/wp-content\/uploads\/2025\/04\/massfood-hipermercados-1024x624.jpg\" class=\"attachment-large size-large wp-image-8473\" alt=\"Massfood hipermercados\" srcset=\"https:\/\/induquim.com\/wp-content\/uploads\/2025\/04\/massfood-hipermercados-1024x624.jpg 1024w, https:\/\/induquim.com\/wp-content\/uploads\/2025\/04\/massfood-hipermercados-300x183.jpg 300w, https:\/\/induquim.com\/wp-content\/uploads\/2025\/04\/massfood-hipermercados-768x468.jpg 768w, https:\/\/induquim.com\/wp-content\/uploads\/2025\/04\/massfood-hipermercados.jpg 1280w\" sizes=\"(max-width: 800px) 100vw, 800px\" \/>\t\t\t\t\t\t\t\t\t\t\t\t\t\t\t<\/div>\n\t\t\t\t<\/div>\n\t\t\t\t\t<\/div>\n\t\t\t\t<\/div>\n\t\t\t\t<\/div>\n\t\t","protected":false},"excerpt":{"rendered":"<p>Hypermarch\u00e9s Les habitudes d&rsquo;achat et de consommation d&rsquo;aujourd&rsquo;hui ont fait des grands hypermarch\u00e9s un \u00e9l\u00e9ment important de la vie urbaine. Ces centres disposent d&rsquo;entrep\u00f4ts et de grandes \u00e9tag\u00e8res o\u00f9 sont vendus des produits frais, r\u00e9frig\u00e9r\u00e9s et surgel\u00e9s. La plupart d&rsquo;entre eux proposent des viandes et des saucisses coup\u00e9es ou pr\u00e9par\u00e9es sur place, du poisson frais, [&hellip;]<\/p>\n","protected":false},"author":1,"featured_media":0,"parent":10973,"menu_order":0,"comment_status":"closed","ping_status":"closed","template":"","meta":{"_acf_changed":false,"footnotes":""},"class_list":["post-10975","page","type-page","status-publish","hentry"],"acf":[],"_links":{"self":[{"href":"https:\/\/induquim.com\/fr\/wp-json\/wp\/v2\/pages\/10975","targetHints":{"allow":["GET"]}}],"collection":[{"href":"https:\/\/induquim.com\/fr\/wp-json\/wp\/v2\/pages"}],"about":[{"href":"https:\/\/induquim.com\/fr\/wp-json\/wp\/v2\/types\/page"}],"author":[{"embeddable":true,"href":"https:\/\/induquim.com\/fr\/wp-json\/wp\/v2\/users\/1"}],"replies":[{"embeddable":true,"href":"https:\/\/induquim.com\/fr\/wp-json\/wp\/v2\/comments?post=10975"}],"version-history":[{"count":2,"href":"https:\/\/induquim.com\/fr\/wp-json\/wp\/v2\/pages\/10975\/revisions"}],"predecessor-version":[{"id":10977,"href":"https:\/\/induquim.com\/fr\/wp-json\/wp\/v2\/pages\/10975\/revisions\/10977"}],"up":[{"embeddable":true,"href":"https:\/\/induquim.com\/fr\/wp-json\/wp\/v2\/pages\/10973"}],"wp:attachment":[{"href":"https:\/\/induquim.com\/fr\/wp-json\/wp\/v2\/media?parent=10975"}],"curies":[{"name":"wp","href":"https:\/\/api.w.org\/{rel}","templated":true}]}}