{"id":10980,"date":"2025-04-24T13:33:18","date_gmt":"2025-04-24T11:33:18","guid":{"rendered":"https:\/\/induquim.com\/industrie-alimentaire\/fruits-et-legumes\/"},"modified":"2025-05-29T12:12:11","modified_gmt":"2025-05-29T10:12:11","slug":"fruits-et-legumes","status":"publish","type":"page","link":"https:\/\/induquim.com\/fr\/industrie-alimentaire\/fruits-et-legumes\/","title":{"rendered":"Fruits et l\u00e9gumes"},"content":{"rendered":"\t\t<div data-elementor-type=\"wp-page\" data-elementor-id=\"10980\" class=\"elementor elementor-10980 elementor-8366\" data-elementor-post-type=\"page\">\n\t\t\t\t<div class=\"elementor-element elementor-element-1fb13e5 e-con-full e-flex e-con e-parent\" data-id=\"1fb13e5\" data-element_type=\"container\" data-settings=\"{&quot;background_background&quot;:&quot;classic&quot;}\">\n\t\t\t\t<div class=\"elementor-element elementor-element-ae198fd elementor-widget elementor-widget-image\" data-id=\"ae198fd\" data-element_type=\"widget\" data-widget_type=\"image.default\">\n\t\t\t\t<div class=\"elementor-widget-container\">\n\t\t\t\t\t\t\t\t\t\t\t\t\t\t\t\t<a href=\"https:\/\/induquim.com\/fr\/divisions-fr\/massfood-fr\/\">\n\t\t\t\t\t\t\t<img fetchpriority=\"high\" decoding=\"async\" width=\"517\" height=\"152\" src=\"https:\/\/induquim.com\/wp-content\/uploads\/2025\/04\/massfood.png\" class=\"attachment-full size-full wp-image-8344\" alt=\"Massfood logo\" srcset=\"https:\/\/induquim.com\/wp-content\/uploads\/2025\/04\/massfood.png 517w, https:\/\/induquim.com\/wp-content\/uploads\/2025\/04\/massfood-300x88.png 300w\" sizes=\"(max-width: 517px) 100vw, 517px\" \/>\t\t\t\t\t\t\t\t<\/a>\n\t\t\t\t\t\t\t\t\t\t\t\t\t\t\t<\/div>\n\t\t\t\t<\/div>\n\t\t\t\t<\/div>\n\t\t<div class=\"elementor-element elementor-element-f06de23 e-flex e-con-boxed e-con e-parent\" data-id=\"f06de23\" data-element_type=\"container\">\n\t\t\t\t\t<div class=\"e-con-inner\">\n\t\t\t\t<div class=\"elementor-element elementor-element-de886ad elementor-widget elementor-widget-heading\" data-id=\"de886ad\" data-element_type=\"widget\" data-widget_type=\"heading.default\">\n\t\t\t\t<div class=\"elementor-widget-container\">\n\t\t\t\t\t<h1 class=\"elementor-heading-title elementor-size-default\">Fruits et l\u00e9gumes<\/h1>\t\t\t\t<\/div>\n\t\t\t\t<\/div>\n\t\t\t\t<div class=\"elementor-element elementor-element-d6efb1f elementor-widget elementor-widget-image\" data-id=\"d6efb1f\" data-element_type=\"widget\" data-widget_type=\"image.default\">\n\t\t\t\t<div class=\"elementor-widget-container\">\n\t\t\t\t\t\t\t\t\t\t\t\t\t\t\t<img decoding=\"async\" width=\"881\" height=\"177\" src=\"https:\/\/induquim.com\/wp-content\/uploads\/2025\/04\/massfood-frutas-hortalizas.png\" class=\"attachment-full size-full wp-image-8485\" alt=\"Massfood datos frutas y hortalizas\" srcset=\"https:\/\/induquim.com\/wp-content\/uploads\/2025\/04\/massfood-frutas-hortalizas.png 881w, https:\/\/induquim.com\/wp-content\/uploads\/2025\/04\/massfood-frutas-hortalizas-300x60.png 300w, https:\/\/induquim.com\/wp-content\/uploads\/2025\/04\/massfood-frutas-hortalizas-768x154.png 768w\" sizes=\"(max-width: 881px) 100vw, 881px\" \/>\t\t\t\t\t\t\t\t\t\t\t\t\t\t\t<\/div>\n\t\t\t\t<\/div>\n\t\t\t\t<div class=\"elementor-element elementor-element-5da4bca elementor-widget elementor-widget-text-editor\" data-id=\"5da4bca\" data-element_type=\"widget\" data-widget_type=\"text-editor.default\">\n\t\t\t\t<div class=\"elementor-widget-container\">\n\t\t\t\t\t\t\t\t\t<p>Le secteur de la pr\u00e9paration et de la conservation des fruits et l\u00e9gumes est le troisi\u00e8me secteur le plus important de l&rsquo;industrie agroalimentaire en Espagne et, avec l&rsquo;Italie, il repr\u00e9sente plus de 40 % de l&rsquo;UE et 30 % des terres agricoles europ\u00e9ennes, ce qui en fait le plus important dynamiseur de la vie rurale.<\/p><p>Il s&rsquo;agit d&rsquo;un secteur en pleine croissance en raison des habitudes de consommation saines que la soci\u00e9t\u00e9 acquiert et qui fournit des mati\u00e8res premi\u00e8res au reste de l&rsquo;industrie alimentaire pour les aliments transform\u00e9s et les produits pr\u00e9par\u00e9s.<\/p><p>Le nettoyage dans cette industrie implique des processus simples de L&amp;D sur les bandes transporteuses, les trieurs, les chambres, les surfaces, etc., et des processus plus complexes dans les usines produisant des produits transform\u00e9s, tels que les concentr\u00e9s de fruits, o\u00f9 il peut y avoir des syst\u00e8mes CIP avec des cuves et des pasteurisateurs, ou dans la production de conserves o\u00f9 il y a \u00e9galement diverses machines \u00e0 laver, machines \u00e0 \u00e9plucher, etc.<\/p><p>La r\u00e9glementation pour l&rsquo;exportation vers les pays anglo-saxons principalement, limite certains principes actifs biocides tels que les QUAT&rsquo;S pour lesquels induquim dispose d&rsquo;une gamme de d\u00e9sinfectants \u00e0 base d&rsquo;amines tertiaires.<\/p>\t\t\t\t\t\t\t\t<\/div>\n\t\t\t\t<\/div>\n\t\t\t\t<div class=\"elementor-element elementor-element-557ecf7 elementor-widget elementor-widget-image\" data-id=\"557ecf7\" data-element_type=\"widget\" data-widget_type=\"image.default\">\n\t\t\t\t<div class=\"elementor-widget-container\">\n\t\t\t\t\t\t\t\t\t\t\t\t\t\t\t<img decoding=\"async\" width=\"800\" height=\"347\" src=\"https:\/\/induquim.com\/wp-content\/uploads\/2025\/04\/massfood-frutas-hortalizas-1024x444.jpg\" class=\"attachment-large size-large wp-image-8481\" alt=\"Massfood frutas y hortalizas\" srcset=\"https:\/\/induquim.com\/wp-content\/uploads\/2025\/04\/massfood-frutas-hortalizas-1024x444.jpg 1024w, https:\/\/induquim.com\/wp-content\/uploads\/2025\/04\/massfood-frutas-hortalizas-300x130.jpg 300w, https:\/\/induquim.com\/wp-content\/uploads\/2025\/04\/massfood-frutas-hortalizas-768x333.jpg 768w, https:\/\/induquim.com\/wp-content\/uploads\/2025\/04\/massfood-frutas-hortalizas.jpg 1280w\" sizes=\"(max-width: 800px) 100vw, 800px\" \/>\t\t\t\t\t\t\t\t\t\t\t\t\t\t\t<\/div>\n\t\t\t\t<\/div>\n\t\t\t\t\t<\/div>\n\t\t\t\t<\/div>\n\t\t\t\t<\/div>\n\t\t","protected":false},"excerpt":{"rendered":"<p>Fruits et l\u00e9gumes Le secteur de la pr\u00e9paration et de la conservation des fruits et l\u00e9gumes est le troisi\u00e8me secteur le plus important de l&rsquo;industrie agroalimentaire en Espagne et, avec l&rsquo;Italie, il repr\u00e9sente plus de 40 % de l&rsquo;UE et 30 % des terres agricoles europ\u00e9ennes, ce qui en fait le plus important dynamiseur de [&hellip;]<\/p>\n","protected":false},"author":1,"featured_media":0,"parent":10973,"menu_order":0,"comment_status":"closed","ping_status":"closed","template":"","meta":{"_acf_changed":false,"footnotes":""},"class_list":["post-10980","page","type-page","status-publish","hentry"],"acf":[],"_links":{"self":[{"href":"https:\/\/induquim.com\/fr\/wp-json\/wp\/v2\/pages\/10980","targetHints":{"allow":["GET"]}}],"collection":[{"href":"https:\/\/induquim.com\/fr\/wp-json\/wp\/v2\/pages"}],"about":[{"href":"https:\/\/induquim.com\/fr\/wp-json\/wp\/v2\/types\/page"}],"author":[{"embeddable":true,"href":"https:\/\/induquim.com\/fr\/wp-json\/wp\/v2\/users\/1"}],"replies":[{"embeddable":true,"href":"https:\/\/induquim.com\/fr\/wp-json\/wp\/v2\/comments?post=10980"}],"version-history":[{"count":2,"href":"https:\/\/induquim.com\/fr\/wp-json\/wp\/v2\/pages\/10980\/revisions"}],"predecessor-version":[{"id":10982,"href":"https:\/\/induquim.com\/fr\/wp-json\/wp\/v2\/pages\/10980\/revisions\/10982"}],"up":[{"embeddable":true,"href":"https:\/\/induquim.com\/fr\/wp-json\/wp\/v2\/pages\/10973"}],"wp:attachment":[{"href":"https:\/\/induquim.com\/fr\/wp-json\/wp\/v2\/media?parent=10980"}],"curies":[{"name":"wp","href":"https:\/\/api.w.org\/{rel}","templated":true}]}}