{"id":10985,"date":"2025-04-24T13:32:59","date_gmt":"2025-04-24T11:32:59","guid":{"rendered":"https:\/\/induquim.com\/industrie-alimentaire\/boulangeries-et-patisseries\/"},"modified":"2025-05-29T12:12:38","modified_gmt":"2025-05-29T10:12:38","slug":"boulangeries-et-patisseries","status":"publish","type":"page","link":"https:\/\/induquim.com\/fr\/industrie-alimentaire\/boulangeries-et-patisseries\/","title":{"rendered":"Boulangeries et p\u00e2tisseries"},"content":{"rendered":"\t\t<div data-elementor-type=\"wp-page\" data-elementor-id=\"10985\" class=\"elementor elementor-10985 elementor-8365\" data-elementor-post-type=\"page\">\n\t\t\t\t<div class=\"elementor-element elementor-element-1fb13e5 e-con-full e-flex e-con e-parent\" data-id=\"1fb13e5\" data-element_type=\"container\" data-settings=\"{&quot;background_background&quot;:&quot;classic&quot;}\">\n\t\t\t\t<div class=\"elementor-element elementor-element-ae198fd elementor-widget elementor-widget-image\" data-id=\"ae198fd\" data-element_type=\"widget\" data-widget_type=\"image.default\">\n\t\t\t\t<div class=\"elementor-widget-container\">\n\t\t\t\t\t\t\t\t\t\t\t\t\t\t\t\t<a href=\"https:\/\/induquim.com\/fr\/divisions-fr\/massfood-fr\/\">\n\t\t\t\t\t\t\t<img fetchpriority=\"high\" decoding=\"async\" width=\"517\" height=\"152\" src=\"https:\/\/induquim.com\/wp-content\/uploads\/2025\/04\/massfood.png\" class=\"attachment-full size-full wp-image-8344\" alt=\"Massfood logo\" srcset=\"https:\/\/induquim.com\/wp-content\/uploads\/2025\/04\/massfood.png 517w, https:\/\/induquim.com\/wp-content\/uploads\/2025\/04\/massfood-300x88.png 300w\" sizes=\"(max-width: 517px) 100vw, 517px\" \/>\t\t\t\t\t\t\t\t<\/a>\n\t\t\t\t\t\t\t\t\t\t\t\t\t\t\t<\/div>\n\t\t\t\t<\/div>\n\t\t\t\t<\/div>\n\t\t<div class=\"elementor-element elementor-element-f06de23 e-flex e-con-boxed e-con e-parent\" data-id=\"f06de23\" data-element_type=\"container\">\n\t\t\t\t\t<div class=\"e-con-inner\">\n\t\t\t\t<div class=\"elementor-element elementor-element-de886ad elementor-widget elementor-widget-heading\" data-id=\"de886ad\" data-element_type=\"widget\" data-widget_type=\"heading.default\">\n\t\t\t\t<div class=\"elementor-widget-container\">\n\t\t\t\t\t<h1 class=\"elementor-heading-title elementor-size-default\">Boulangeries et p\u00e2tisseries<\/h1>\t\t\t\t<\/div>\n\t\t\t\t<\/div>\n\t\t\t\t<div class=\"elementor-element elementor-element-d6efb1f elementor-widget elementor-widget-image\" data-id=\"d6efb1f\" data-element_type=\"widget\" data-widget_type=\"image.default\">\n\t\t\t\t<div class=\"elementor-widget-container\">\n\t\t\t\t\t\t\t\t\t\t\t\t\t\t\t<img decoding=\"async\" width=\"882\" height=\"177\" src=\"https:\/\/induquim.com\/wp-content\/uploads\/2025\/04\/massfood-obradores.png\" class=\"attachment-full size-full wp-image-8466\" alt=\"Massfood dato Obradores de panader\u00eda y boller\u00eda\" srcset=\"https:\/\/induquim.com\/wp-content\/uploads\/2025\/04\/massfood-obradores.png 882w, https:\/\/induquim.com\/wp-content\/uploads\/2025\/04\/massfood-obradores-300x60.png 300w, https:\/\/induquim.com\/wp-content\/uploads\/2025\/04\/massfood-obradores-768x154.png 768w\" sizes=\"(max-width: 882px) 100vw, 882px\" \/>\t\t\t\t\t\t\t\t\t\t\t\t\t\t\t<\/div>\n\t\t\t\t<\/div>\n\t\t\t\t<div class=\"elementor-element elementor-element-5da4bca elementor-widget elementor-widget-text-editor\" data-id=\"5da4bca\" data-element_type=\"widget\" data-widget_type=\"text-editor.default\">\n\t\t\t\t<div class=\"elementor-widget-container\">\n\t\t\t\t\t\t\t\t\t<p>Il s&rsquo;agit d&rsquo;un secteur tr\u00e8s fragment\u00e9 et familial. Le grand nombre d&rsquo;entreprises d\u00e9di\u00e9es \u00e0 ce sous-secteur permet une grande variabilit\u00e9 dans le type de clients, des petites boulangeries et boulangeries-p\u00e2tisseries aux franchises et aux grandes boulangeries o\u00f9 la production de produits sal\u00e9s coexiste avec celle de produits sucr\u00e9s et de p\u00e2tisseries. <\/p><p>La grande quantit\u00e9 de produits transform\u00e9s fait que dans ce type d&rsquo;industrie, on trouve en abondance des salissures grasses provenant des huiles appliqu\u00e9es sur les p\u00e2tisseries et de la peinture des plateaux, des glucides et des sucres souvent br\u00fbl\u00e9s, des sucreries et des chocolats difficiles \u00e0 \u00e9liminer, de la farine&#8230;<\/p><p>C&rsquo;est pourquoi le nettoyage doit \u00eatre adapt\u00e9 au type de client et une large gamme de produits doit \u00eatre utilis\u00e9e pour \u00e9liminer les d\u00e9bris adh\u00e9rant aux diff\u00e9rentes surfaces et pour garantir la d\u00e9sinfection des machines critiques telles que les machines \u00e0 fouetter la cr\u00e8me ou les machines \u00e0 peindre les \u0153ufs. Il est essentiel de disposer de d\u00e9graissants de haute qualit\u00e9, d&rsquo;une large gamme de d\u00e9sinfectants ou de d\u00e9tergents pour les ustensiles de cuisine. <\/p>\t\t\t\t\t\t\t\t<\/div>\n\t\t\t\t<\/div>\n\t\t\t\t<div class=\"elementor-element elementor-element-557ecf7 elementor-widget elementor-widget-image\" data-id=\"557ecf7\" data-element_type=\"widget\" data-widget_type=\"image.default\">\n\t\t\t\t<div class=\"elementor-widget-container\">\n\t\t\t\t\t\t\t\t\t\t\t\t\t\t\t<img decoding=\"async\" width=\"800\" height=\"346\" src=\"https:\/\/induquim.com\/wp-content\/uploads\/2025\/04\/massfood-obradores-panaderia-bolleria-1024x443.jpg\" class=\"attachment-large size-large wp-image-8462\" alt=\"Massfood Obradores de panader\u00eda y boller\u00eda\" srcset=\"https:\/\/induquim.com\/wp-content\/uploads\/2025\/04\/massfood-obradores-panaderia-bolleria-1024x443.jpg 1024w, https:\/\/induquim.com\/wp-content\/uploads\/2025\/04\/massfood-obradores-panaderia-bolleria-300x130.jpg 300w, https:\/\/induquim.com\/wp-content\/uploads\/2025\/04\/massfood-obradores-panaderia-bolleria-768x332.jpg 768w, https:\/\/induquim.com\/wp-content\/uploads\/2025\/04\/massfood-obradores-panaderia-bolleria.jpg 1280w\" sizes=\"(max-width: 800px) 100vw, 800px\" \/>\t\t\t\t\t\t\t\t\t\t\t\t\t\t\t<\/div>\n\t\t\t\t<\/div>\n\t\t\t\t\t<\/div>\n\t\t\t\t<\/div>\n\t\t\t\t<\/div>\n\t\t","protected":false},"excerpt":{"rendered":"<p>Boulangeries et p\u00e2tisseries Il s&rsquo;agit d&rsquo;un secteur tr\u00e8s fragment\u00e9 et familial. Le grand nombre d&rsquo;entreprises d\u00e9di\u00e9es \u00e0 ce sous-secteur permet une grande variabilit\u00e9 dans le type de clients, des petites boulangeries et boulangeries-p\u00e2tisseries aux franchises et aux grandes boulangeries o\u00f9 la production de produits sal\u00e9s coexiste avec celle de produits sucr\u00e9s et de p\u00e2tisseries. La [&hellip;]<\/p>\n","protected":false},"author":1,"featured_media":0,"parent":10973,"menu_order":0,"comment_status":"closed","ping_status":"closed","template":"","meta":{"_acf_changed":false,"footnotes":""},"class_list":["post-10985","page","type-page","status-publish","hentry"],"acf":[],"_links":{"self":[{"href":"https:\/\/induquim.com\/fr\/wp-json\/wp\/v2\/pages\/10985","targetHints":{"allow":["GET"]}}],"collection":[{"href":"https:\/\/induquim.com\/fr\/wp-json\/wp\/v2\/pages"}],"about":[{"href":"https:\/\/induquim.com\/fr\/wp-json\/wp\/v2\/types\/page"}],"author":[{"embeddable":true,"href":"https:\/\/induquim.com\/fr\/wp-json\/wp\/v2\/users\/1"}],"replies":[{"embeddable":true,"href":"https:\/\/induquim.com\/fr\/wp-json\/wp\/v2\/comments?post=10985"}],"version-history":[{"count":2,"href":"https:\/\/induquim.com\/fr\/wp-json\/wp\/v2\/pages\/10985\/revisions"}],"predecessor-version":[{"id":10987,"href":"https:\/\/induquim.com\/fr\/wp-json\/wp\/v2\/pages\/10985\/revisions\/10987"}],"up":[{"embeddable":true,"href":"https:\/\/induquim.com\/fr\/wp-json\/wp\/v2\/pages\/10973"}],"wp:attachment":[{"href":"https:\/\/induquim.com\/fr\/wp-json\/wp\/v2\/media?parent=10985"}],"curies":[{"name":"wp","href":"https:\/\/api.w.org\/{rel}","templated":true}]}}