{"id":10990,"date":"2025-04-24T13:32:43","date_gmt":"2025-04-24T11:32:43","guid":{"rendered":"https:\/\/induquim.com\/industrie-alimentaire\/industrie-du-vin\/"},"modified":"2025-05-29T12:13:10","modified_gmt":"2025-05-29T10:13:10","slug":"industrie-du-vin","status":"publish","type":"page","link":"https:\/\/induquim.com\/fr\/industrie-alimentaire\/industrie-du-vin\/","title":{"rendered":"Industrie du vin"},"content":{"rendered":"\t\t<div data-elementor-type=\"wp-page\" data-elementor-id=\"10990\" class=\"elementor elementor-10990 elementor-8364\" data-elementor-post-type=\"page\">\n\t\t\t\t<div class=\"elementor-element elementor-element-1fb13e5 e-con-full e-flex e-con e-parent\" data-id=\"1fb13e5\" data-element_type=\"container\" data-settings=\"{&quot;background_background&quot;:&quot;classic&quot;}\">\n\t\t\t\t<div class=\"elementor-element elementor-element-ae198fd elementor-widget elementor-widget-image\" data-id=\"ae198fd\" data-element_type=\"widget\" data-widget_type=\"image.default\">\n\t\t\t\t<div class=\"elementor-widget-container\">\n\t\t\t\t\t\t\t\t\t\t\t\t\t\t\t\t<a href=\"https:\/\/induquim.com\/fr\/divisions-fr\/massfood-fr\/\">\n\t\t\t\t\t\t\t<img fetchpriority=\"high\" decoding=\"async\" width=\"517\" height=\"152\" src=\"https:\/\/induquim.com\/wp-content\/uploads\/2025\/04\/massfood.png\" class=\"attachment-full size-full wp-image-8344\" alt=\"Massfood logo\" srcset=\"https:\/\/induquim.com\/wp-content\/uploads\/2025\/04\/massfood.png 517w, https:\/\/induquim.com\/wp-content\/uploads\/2025\/04\/massfood-300x88.png 300w\" sizes=\"(max-width: 517px) 100vw, 517px\" \/>\t\t\t\t\t\t\t\t<\/a>\n\t\t\t\t\t\t\t\t\t\t\t\t\t\t\t<\/div>\n\t\t\t\t<\/div>\n\t\t\t\t<\/div>\n\t\t<div class=\"elementor-element elementor-element-f06de23 e-flex e-con-boxed e-con e-parent\" data-id=\"f06de23\" data-element_type=\"container\">\n\t\t\t\t\t<div class=\"e-con-inner\">\n\t\t\t\t<div class=\"elementor-element elementor-element-de886ad elementor-widget elementor-widget-heading\" data-id=\"de886ad\" data-element_type=\"widget\" data-widget_type=\"heading.default\">\n\t\t\t\t<div class=\"elementor-widget-container\">\n\t\t\t\t\t<h1 class=\"elementor-heading-title elementor-size-default\">Industrie du vin<\/h1>\t\t\t\t<\/div>\n\t\t\t\t<\/div>\n\t\t\t\t<div class=\"elementor-element elementor-element-d6efb1f elementor-widget elementor-widget-image\" data-id=\"d6efb1f\" data-element_type=\"widget\" data-widget_type=\"image.default\">\n\t\t\t\t<div class=\"elementor-widget-container\">\n\t\t\t\t\t\t\t\t\t\t\t\t\t\t\t<img decoding=\"async\" width=\"881\" height=\"177\" src=\"https:\/\/induquim.com\/wp-content\/uploads\/2025\/04\/massfood-industria-vinicola.png\" class=\"attachment-full size-full wp-image-8446\" alt=\"Massfood datos industria vin\u00edcola\" srcset=\"https:\/\/induquim.com\/wp-content\/uploads\/2025\/04\/massfood-industria-vinicola.png 881w, https:\/\/induquim.com\/wp-content\/uploads\/2025\/04\/massfood-industria-vinicola-300x60.png 300w, https:\/\/induquim.com\/wp-content\/uploads\/2025\/04\/massfood-industria-vinicola-768x154.png 768w\" sizes=\"(max-width: 881px) 100vw, 881px\" \/>\t\t\t\t\t\t\t\t\t\t\t\t\t\t\t<\/div>\n\t\t\t\t<\/div>\n\t\t\t\t<div class=\"elementor-element elementor-element-5da4bca elementor-widget elementor-widget-text-editor\" data-id=\"5da4bca\" data-element_type=\"widget\" data-widget_type=\"text-editor.default\">\n\t\t\t\t<div class=\"elementor-widget-container\">\n\t\t\t\t\t\t\t\t\t<p>Avec l&rsquo;industrie brassicole, il s&rsquo;agit d&rsquo;une industrie cl\u00e9 en Espagne.<\/p><p>C&rsquo;est le troisi\u00e8me produit d&rsquo;exportation de l&rsquo;Espagne, apr\u00e8s la viande et l&rsquo;huile d&rsquo;olive, et l&rsquo;Espagne est le troisi\u00e8me exportateur mondial de vin.<\/p><p>Le vin est l&rsquo;image de l&rsquo;Espagne et constitue \u00e9galement un secteur strat\u00e9gique dans la lutte contre l&rsquo;exode rural : il existe 4 000 caves r\u00e9parties dans les villages de toutes les communaut\u00e9s autonomes et l&rsquo;\u0153notourisme d\u00e9place les gens des zones urbaines vers les zones rurales tout au long de l&rsquo;ann\u00e9e.<\/p><p>L&rsquo;hygi\u00e8ne, de la r\u00e9colte \u00e0 la mise en bouteille du vin, est essentielle pour \u00e9viter les pertes de qualit\u00e9, car un pourcentage \u00e9lev\u00e9 du \u00ab picado \u00bb du vin pourrait \u00eatre \u00e9vit\u00e9 gr\u00e2ce \u00e0 un nettoyage ad\u00e9quat.<\/p><p>Les syst\u00e8mes CIP doivent prendre en charge le nettoyage et la d\u00e9sinfection des r\u00e9servoirs, des tuyaux et des machines d&#8217;emballage, o\u00f9 l&rsquo;\u00e9limination des tartrates et de la pigmentation, la dissolution des r\u00e9sidus inorganiques, la pr\u00e9vention de la prolif\u00e9ration d&rsquo;ar\u00f4mes inappropri\u00e9s et la pr\u00e9vention de la prolif\u00e9ration de micro-organismes de d\u00e9t\u00e9rioration avec une d\u00e9sinfection parfaite sont essentielles.<\/p>\t\t\t\t\t\t\t\t<\/div>\n\t\t\t\t<\/div>\n\t\t\t\t<div class=\"elementor-element elementor-element-557ecf7 elementor-widget elementor-widget-image\" data-id=\"557ecf7\" data-element_type=\"widget\" data-widget_type=\"image.default\">\n\t\t\t\t<div class=\"elementor-widget-container\">\n\t\t\t\t\t\t\t\t\t\t\t\t\t\t\t<img decoding=\"async\" width=\"800\" height=\"346\" src=\"https:\/\/induquim.com\/wp-content\/uploads\/2025\/04\/massfood-industria-vinicola-1024x443.jpg\" class=\"attachment-large size-large wp-image-8442\" alt=\"Massfood industria vin\u00edcola\" srcset=\"https:\/\/induquim.com\/wp-content\/uploads\/2025\/04\/massfood-industria-vinicola-1024x443.jpg 1024w, https:\/\/induquim.com\/wp-content\/uploads\/2025\/04\/massfood-industria-vinicola-300x130.jpg 300w, https:\/\/induquim.com\/wp-content\/uploads\/2025\/04\/massfood-industria-vinicola-768x332.jpg 768w, https:\/\/induquim.com\/wp-content\/uploads\/2025\/04\/massfood-industria-vinicola.jpg 1280w\" sizes=\"(max-width: 800px) 100vw, 800px\" \/>\t\t\t\t\t\t\t\t\t\t\t\t\t\t\t<\/div>\n\t\t\t\t<\/div>\n\t\t\t\t\t<\/div>\n\t\t\t\t<\/div>\n\t\t\t\t<\/div>\n\t\t","protected":false},"excerpt":{"rendered":"<p>Industrie du vin Avec l&rsquo;industrie brassicole, il s&rsquo;agit d&rsquo;une industrie cl\u00e9 en Espagne. C&rsquo;est le troisi\u00e8me produit d&rsquo;exportation de l&rsquo;Espagne, apr\u00e8s la viande et l&rsquo;huile d&rsquo;olive, et l&rsquo;Espagne est le troisi\u00e8me exportateur mondial de vin. Le vin est l&rsquo;image de l&rsquo;Espagne et constitue \u00e9galement un secteur strat\u00e9gique dans la lutte contre l&rsquo;exode rural : il [&hellip;]<\/p>\n","protected":false},"author":1,"featured_media":0,"parent":10973,"menu_order":0,"comment_status":"closed","ping_status":"closed","template":"","meta":{"_acf_changed":false,"footnotes":""},"class_list":["post-10990","page","type-page","status-publish","hentry"],"acf":[],"_links":{"self":[{"href":"https:\/\/induquim.com\/fr\/wp-json\/wp\/v2\/pages\/10990","targetHints":{"allow":["GET"]}}],"collection":[{"href":"https:\/\/induquim.com\/fr\/wp-json\/wp\/v2\/pages"}],"about":[{"href":"https:\/\/induquim.com\/fr\/wp-json\/wp\/v2\/types\/page"}],"author":[{"embeddable":true,"href":"https:\/\/induquim.com\/fr\/wp-json\/wp\/v2\/users\/1"}],"replies":[{"embeddable":true,"href":"https:\/\/induquim.com\/fr\/wp-json\/wp\/v2\/comments?post=10990"}],"version-history":[{"count":2,"href":"https:\/\/induquim.com\/fr\/wp-json\/wp\/v2\/pages\/10990\/revisions"}],"predecessor-version":[{"id":10992,"href":"https:\/\/induquim.com\/fr\/wp-json\/wp\/v2\/pages\/10990\/revisions\/10992"}],"up":[{"embeddable":true,"href":"https:\/\/induquim.com\/fr\/wp-json\/wp\/v2\/pages\/10973"}],"wp:attachment":[{"href":"https:\/\/induquim.com\/fr\/wp-json\/wp\/v2\/media?parent=10990"}],"curies":[{"name":"wp","href":"https:\/\/api.w.org\/{rel}","templated":true}]}}