{"id":10995,"date":"2025-04-24T13:32:28","date_gmt":"2025-04-24T11:32:28","guid":{"rendered":"https:\/\/induquim.com\/industrie-alimentaire\/industrie-brassicole\/"},"modified":"2025-05-29T12:13:48","modified_gmt":"2025-05-29T10:13:48","slug":"industrie-brassicole","status":"publish","type":"page","link":"https:\/\/induquim.com\/fr\/industrie-alimentaire\/industrie-brassicole\/","title":{"rendered":"Industrie brassicole"},"content":{"rendered":"\t\t<div data-elementor-type=\"wp-page\" data-elementor-id=\"10995\" class=\"elementor elementor-10995 elementor-8363\" data-elementor-post-type=\"page\">\n\t\t\t\t<div class=\"elementor-element elementor-element-1fb13e5 e-con-full e-flex e-con e-parent\" data-id=\"1fb13e5\" data-element_type=\"container\" data-settings=\"{&quot;background_background&quot;:&quot;classic&quot;}\">\n\t\t\t\t<div class=\"elementor-element elementor-element-ae198fd elementor-widget elementor-widget-image\" data-id=\"ae198fd\" data-element_type=\"widget\" data-widget_type=\"image.default\">\n\t\t\t\t<div class=\"elementor-widget-container\">\n\t\t\t\t\t\t\t\t\t\t\t\t\t\t\t\t<a href=\"https:\/\/induquim.com\/fr\/divisions-fr\/massfood-fr\/\">\n\t\t\t\t\t\t\t<img fetchpriority=\"high\" decoding=\"async\" width=\"517\" height=\"152\" src=\"https:\/\/induquim.com\/wp-content\/uploads\/2025\/04\/massfood.png\" class=\"attachment-full size-full wp-image-8344\" alt=\"Massfood logo\" srcset=\"https:\/\/induquim.com\/wp-content\/uploads\/2025\/04\/massfood.png 517w, https:\/\/induquim.com\/wp-content\/uploads\/2025\/04\/massfood-300x88.png 300w\" sizes=\"(max-width: 517px) 100vw, 517px\" \/>\t\t\t\t\t\t\t\t<\/a>\n\t\t\t\t\t\t\t\t\t\t\t\t\t\t\t<\/div>\n\t\t\t\t<\/div>\n\t\t\t\t<\/div>\n\t\t<div class=\"elementor-element elementor-element-f06de23 e-flex e-con-boxed e-con e-parent\" data-id=\"f06de23\" data-element_type=\"container\">\n\t\t\t\t\t<div class=\"e-con-inner\">\n\t\t\t\t<div class=\"elementor-element elementor-element-de886ad elementor-widget elementor-widget-heading\" data-id=\"de886ad\" data-element_type=\"widget\" data-widget_type=\"heading.default\">\n\t\t\t\t<div class=\"elementor-widget-container\">\n\t\t\t\t\t<h1 class=\"elementor-heading-title elementor-size-default\">Industrie brassicole<\/h1>\t\t\t\t<\/div>\n\t\t\t\t<\/div>\n\t\t\t\t<div class=\"elementor-element elementor-element-d6efb1f elementor-widget elementor-widget-image\" data-id=\"d6efb1f\" data-element_type=\"widget\" data-widget_type=\"image.default\">\n\t\t\t\t<div class=\"elementor-widget-container\">\n\t\t\t\t\t\t\t\t\t\t\t\t\t\t\t<img decoding=\"async\" width=\"882\" height=\"177\" src=\"https:\/\/induquim.com\/wp-content\/uploads\/2025\/04\/massfood-industria-cervecera.png\" class=\"attachment-full size-full wp-image-8410\" alt=\"Massfood datos industria cervecera\" srcset=\"https:\/\/induquim.com\/wp-content\/uploads\/2025\/04\/massfood-industria-cervecera.png 882w, https:\/\/induquim.com\/wp-content\/uploads\/2025\/04\/massfood-industria-cervecera-300x60.png 300w, https:\/\/induquim.com\/wp-content\/uploads\/2025\/04\/massfood-industria-cervecera-768x154.png 768w\" sizes=\"(max-width: 882px) 100vw, 882px\" \/>\t\t\t\t\t\t\t\t\t\t\t\t\t\t\t<\/div>\n\t\t\t\t<\/div>\n\t\t\t\t<div class=\"elementor-element elementor-element-5da4bca elementor-widget elementor-widget-text-editor\" data-id=\"5da4bca\" data-element_type=\"widget\" data-widget_type=\"text-editor.default\">\n\t\t\t\t<div class=\"elementor-widget-container\">\n\t\t\t\t\t\t\t\t\t<p>L&rsquo;industrie brassicole, avec les industries du vin et des boissons non alcoolis\u00e9es, est la deuxi\u00e8me industrie alimentaire en termes de chiffre d&rsquo;affaires en Espagne.<\/p><p>Le volume de consommation de boissons telles que la bi\u00e8re a augment\u00e9 de pr\u00e8s de 20 % au cours des 15 derni\u00e8res ann\u00e9es, la bi\u00e8re brass\u00e9e en Espagne \u00e9tant principalement destin\u00e9e \u00e0 la consommation int\u00e9rieure.<\/p><p>Il y a eu une augmentation du nombre d&rsquo;usines de taille moyenne et de boissons \u00ab signature \u00bb, ce qui a atomis\u00e9 et diversifi\u00e9 le secteur.<\/p><p>Comme dans l&rsquo;industrie laiti\u00e8re, le nettoyage dans ce secteur est bas\u00e9 sur l&rsquo;utilisation de syst\u00e8mes CIP dans lesquels circulent des produits alcalins et acides, qui doivent adapter les cuves et contr\u00f4ler la croissance bact\u00e9rienne afin d&rsquo;\u00e9viter les d\u00e9faillances de qualit\u00e9 (sur le plan sanitaire, il s&rsquo;agit d&rsquo;une industrie moins probl\u00e9matique en raison de la difficult\u00e9 de prolif\u00e9ration des esp\u00e8ces de micro-organismes pathog\u00e8nes).<\/p><p>Le d\u00e9fi du contr\u00f4le du dosage des produits chimiques (de grandes quantit\u00e9s sont consomm\u00e9es compte tenu de la capacit\u00e9 cubique des syst\u00e8mes CIP), ou l&rsquo;\u00e9conomie de phases avec le nettoyage en un seul passage, jouent un r\u00f4le fondamental dans l&rsquo;avenir du secteur.<\/p>\t\t\t\t\t\t\t\t<\/div>\n\t\t\t\t<\/div>\n\t\t\t\t<div class=\"elementor-element elementor-element-557ecf7 elementor-widget elementor-widget-image\" data-id=\"557ecf7\" data-element_type=\"widget\" data-widget_type=\"image.default\">\n\t\t\t\t<div class=\"elementor-widget-container\">\n\t\t\t\t\t\t\t\t\t\t\t\t\t\t\t<img decoding=\"async\" width=\"800\" height=\"345\" src=\"https:\/\/induquim.com\/wp-content\/uploads\/2025\/04\/massfood-industria-cervecera-1024x442.jpg\" class=\"attachment-large size-large wp-image-8406\" alt=\"Massfood industria cervecera\" srcset=\"https:\/\/induquim.com\/wp-content\/uploads\/2025\/04\/massfood-industria-cervecera-1024x442.jpg 1024w, https:\/\/induquim.com\/wp-content\/uploads\/2025\/04\/massfood-industria-cervecera-300x130.jpg 300w, https:\/\/induquim.com\/wp-content\/uploads\/2025\/04\/massfood-industria-cervecera-768x332.jpg 768w, https:\/\/induquim.com\/wp-content\/uploads\/2025\/04\/massfood-industria-cervecera.jpg 1280w\" sizes=\"(max-width: 800px) 100vw, 800px\" \/>\t\t\t\t\t\t\t\t\t\t\t\t\t\t\t<\/div>\n\t\t\t\t<\/div>\n\t\t\t\t\t<\/div>\n\t\t\t\t<\/div>\n\t\t\t\t<\/div>\n\t\t","protected":false},"excerpt":{"rendered":"<p>Industrie brassicole L&rsquo;industrie brassicole, avec les industries du vin et des boissons non alcoolis\u00e9es, est la deuxi\u00e8me industrie alimentaire en termes de chiffre d&rsquo;affaires en Espagne. Le volume de consommation de boissons telles que la bi\u00e8re a augment\u00e9 de pr\u00e8s de 20 % au cours des 15 derni\u00e8res ann\u00e9es, la bi\u00e8re brass\u00e9e en Espagne \u00e9tant [&hellip;]<\/p>\n","protected":false},"author":1,"featured_media":0,"parent":10973,"menu_order":0,"comment_status":"closed","ping_status":"closed","template":"","meta":{"_acf_changed":false,"footnotes":""},"class_list":["post-10995","page","type-page","status-publish","hentry"],"acf":[],"_links":{"self":[{"href":"https:\/\/induquim.com\/fr\/wp-json\/wp\/v2\/pages\/10995","targetHints":{"allow":["GET"]}}],"collection":[{"href":"https:\/\/induquim.com\/fr\/wp-json\/wp\/v2\/pages"}],"about":[{"href":"https:\/\/induquim.com\/fr\/wp-json\/wp\/v2\/types\/page"}],"author":[{"embeddable":true,"href":"https:\/\/induquim.com\/fr\/wp-json\/wp\/v2\/users\/1"}],"replies":[{"embeddable":true,"href":"https:\/\/induquim.com\/fr\/wp-json\/wp\/v2\/comments?post=10995"}],"version-history":[{"count":2,"href":"https:\/\/induquim.com\/fr\/wp-json\/wp\/v2\/pages\/10995\/revisions"}],"predecessor-version":[{"id":10997,"href":"https:\/\/induquim.com\/fr\/wp-json\/wp\/v2\/pages\/10995\/revisions\/10997"}],"up":[{"embeddable":true,"href":"https:\/\/induquim.com\/fr\/wp-json\/wp\/v2\/pages\/10973"}],"wp:attachment":[{"href":"https:\/\/induquim.com\/fr\/wp-json\/wp\/v2\/media?parent=10995"}],"curies":[{"name":"wp","href":"https:\/\/api.w.org\/{rel}","templated":true}]}}