{"id":11000,"date":"2025-04-24T13:32:13","date_gmt":"2025-04-24T11:32:13","guid":{"rendered":"https:\/\/induquim.com\/industrie-alimentaire\/industrie-laitiere\/"},"modified":"2025-05-29T12:14:15","modified_gmt":"2025-05-29T10:14:15","slug":"industrie-laitiere","status":"publish","type":"page","link":"https:\/\/induquim.com\/fr\/industrie-alimentaire\/industrie-laitiere\/","title":{"rendered":"Industrie laiti\u00e8re"},"content":{"rendered":"\t\t<div data-elementor-type=\"wp-page\" data-elementor-id=\"11000\" class=\"elementor elementor-11000 elementor-8362\" data-elementor-post-type=\"page\">\n\t\t\t\t<div class=\"elementor-element elementor-element-1fb13e5 e-con-full e-flex e-con e-parent\" data-id=\"1fb13e5\" data-element_type=\"container\" data-settings=\"{&quot;background_background&quot;:&quot;classic&quot;}\">\n\t\t\t\t<div class=\"elementor-element elementor-element-ae198fd elementor-widget elementor-widget-image\" data-id=\"ae198fd\" data-element_type=\"widget\" data-widget_type=\"image.default\">\n\t\t\t\t<div class=\"elementor-widget-container\">\n\t\t\t\t\t\t\t\t\t\t\t\t\t\t\t\t<a href=\"https:\/\/induquim.com\/fr\/divisions-fr\/massfood-fr\/\">\n\t\t\t\t\t\t\t<img fetchpriority=\"high\" decoding=\"async\" width=\"517\" height=\"152\" src=\"https:\/\/induquim.com\/wp-content\/uploads\/2025\/04\/massfood.png\" class=\"attachment-full size-full wp-image-8344\" alt=\"Massfood logo\" srcset=\"https:\/\/induquim.com\/wp-content\/uploads\/2025\/04\/massfood.png 517w, https:\/\/induquim.com\/wp-content\/uploads\/2025\/04\/massfood-300x88.png 300w\" sizes=\"(max-width: 517px) 100vw, 517px\" \/>\t\t\t\t\t\t\t\t<\/a>\n\t\t\t\t\t\t\t\t\t\t\t\t\t\t\t<\/div>\n\t\t\t\t<\/div>\n\t\t\t\t<\/div>\n\t\t<div class=\"elementor-element elementor-element-f06de23 e-flex e-con-boxed e-con e-parent\" data-id=\"f06de23\" data-element_type=\"container\">\n\t\t\t\t\t<div class=\"e-con-inner\">\n\t\t\t\t<div class=\"elementor-element elementor-element-de886ad elementor-widget elementor-widget-heading\" data-id=\"de886ad\" data-element_type=\"widget\" data-widget_type=\"heading.default\">\n\t\t\t\t<div class=\"elementor-widget-container\">\n\t\t\t\t\t<h1 class=\"elementor-heading-title elementor-size-default\">Industrie laiti\u00e8re<\/h1>\t\t\t\t<\/div>\n\t\t\t\t<\/div>\n\t\t\t\t<div class=\"elementor-element elementor-element-d6efb1f elementor-widget elementor-widget-image\" data-id=\"d6efb1f\" data-element_type=\"widget\" data-widget_type=\"image.default\">\n\t\t\t\t<div class=\"elementor-widget-container\">\n\t\t\t\t\t\t\t\t\t\t\t\t\t\t\t<img decoding=\"async\" width=\"881\" height=\"177\" src=\"https:\/\/induquim.com\/wp-content\/uploads\/2025\/04\/massfood-industria-lactea.png\" class=\"attachment-full size-full wp-image-8399\" alt=\"Massfood datos industria l\u00e1ctea\" srcset=\"https:\/\/induquim.com\/wp-content\/uploads\/2025\/04\/massfood-industria-lactea.png 881w, https:\/\/induquim.com\/wp-content\/uploads\/2025\/04\/massfood-industria-lactea-300x60.png 300w, https:\/\/induquim.com\/wp-content\/uploads\/2025\/04\/massfood-industria-lactea-768x154.png 768w\" sizes=\"(max-width: 881px) 100vw, 881px\" \/>\t\t\t\t\t\t\t\t\t\t\t\t\t\t\t<\/div>\n\t\t\t\t<\/div>\n\t\t\t\t<div class=\"elementor-element elementor-element-5da4bca elementor-widget elementor-widget-text-editor\" data-id=\"5da4bca\" data-element_type=\"widget\" data-widget_type=\"text-editor.default\">\n\t\t\t\t<div class=\"elementor-widget-container\">\n\t\t\t\t\t\t\t\t\t<p>Il s&rsquo;agit d&rsquo;une industrie espagnole traditionnelle, tr\u00e8s importante dans les zones rurales du pays, qui s&rsquo;est adapt\u00e9e \u00e0 la baisse de la consommation int\u00e9rieure de produits laitiers, avec une augmentation des exportations et gr\u00e2ce \u00e0 l&rsquo;utilisation du lait comme mati\u00e8re premi\u00e8re.<\/p><p>Les cuves de lait cru et de lait pasteuris\u00e9, les tamis, les pasteurisateurs, les \u00e9vaporateurs, etc., ainsi que les \u00e9quipements d&#8217;emballage, sont des syst\u00e8mes ferm\u00e9s qui sont nettoy\u00e9s par des syst\u00e8mes CIP alternant des produits alcalins et acides, et combinant des processus de temp\u00e9rature et l&rsquo;utilisation de d\u00e9sinfectants, afin d&rsquo;adapter les installations critiques, \u00e9tant donn\u00e9 que les produits laitiers sont des produits destin\u00e9s \u00e0 la consommation directe sans traitement thermique, et que la s\u00e9curit\u00e9 alimentaire est essentielle.<\/p><p>Comprendre le besoin de produits \u00e0 passage unique dans les domaines o\u00f9 le pr\u00e9cipit\u00e9 de calcium n&rsquo;est pas excessif, pr\u00e9venir les biofilms de Listeria ou traiter correctement les machines \u00e0 laver les moules ou les bains de lavage des moules sont des d\u00e9fis majeurs pour l&rsquo;industrie.<\/p>\t\t\t\t\t\t\t\t<\/div>\n\t\t\t\t<\/div>\n\t\t\t\t<div class=\"elementor-element elementor-element-557ecf7 elementor-widget elementor-widget-image\" data-id=\"557ecf7\" data-element_type=\"widget\" data-widget_type=\"image.default\">\n\t\t\t\t<div class=\"elementor-widget-container\">\n\t\t\t\t\t\t\t\t\t\t\t\t\t\t\t<img decoding=\"async\" width=\"800\" height=\"344\" src=\"https:\/\/induquim.com\/wp-content\/uploads\/2025\/04\/massfood-industria-lactea-1024x440.jpg\" class=\"attachment-large size-large wp-image-8395\" alt=\"Massfood industria l\u00e1ctea\" srcset=\"https:\/\/induquim.com\/wp-content\/uploads\/2025\/04\/massfood-industria-lactea-1024x440.jpg 1024w, https:\/\/induquim.com\/wp-content\/uploads\/2025\/04\/massfood-industria-lactea-300x129.jpg 300w, https:\/\/induquim.com\/wp-content\/uploads\/2025\/04\/massfood-industria-lactea-768x330.jpg 768w, https:\/\/induquim.com\/wp-content\/uploads\/2025\/04\/massfood-industria-lactea.jpg 1280w\" sizes=\"(max-width: 800px) 100vw, 800px\" \/>\t\t\t\t\t\t\t\t\t\t\t\t\t\t\t<\/div>\n\t\t\t\t<\/div>\n\t\t\t\t\t<\/div>\n\t\t\t\t<\/div>\n\t\t\t\t<\/div>\n\t\t","protected":false},"excerpt":{"rendered":"<p>Industrie laiti\u00e8re Il s&rsquo;agit d&rsquo;une industrie espagnole traditionnelle, tr\u00e8s importante dans les zones rurales du pays, qui s&rsquo;est adapt\u00e9e \u00e0 la baisse de la consommation int\u00e9rieure de produits laitiers, avec une augmentation des exportations et gr\u00e2ce \u00e0 l&rsquo;utilisation du lait comme mati\u00e8re premi\u00e8re. Les cuves de lait cru et de lait pasteuris\u00e9, les tamis, les [&hellip;]<\/p>\n","protected":false},"author":1,"featured_media":0,"parent":10973,"menu_order":0,"comment_status":"closed","ping_status":"closed","template":"","meta":{"_acf_changed":false,"footnotes":""},"class_list":["post-11000","page","type-page","status-publish","hentry"],"acf":[],"_links":{"self":[{"href":"https:\/\/induquim.com\/fr\/wp-json\/wp\/v2\/pages\/11000","targetHints":{"allow":["GET"]}}],"collection":[{"href":"https:\/\/induquim.com\/fr\/wp-json\/wp\/v2\/pages"}],"about":[{"href":"https:\/\/induquim.com\/fr\/wp-json\/wp\/v2\/types\/page"}],"author":[{"embeddable":true,"href":"https:\/\/induquim.com\/fr\/wp-json\/wp\/v2\/users\/1"}],"replies":[{"embeddable":true,"href":"https:\/\/induquim.com\/fr\/wp-json\/wp\/v2\/comments?post=11000"}],"version-history":[{"count":2,"href":"https:\/\/induquim.com\/fr\/wp-json\/wp\/v2\/pages\/11000\/revisions"}],"predecessor-version":[{"id":11002,"href":"https:\/\/induquim.com\/fr\/wp-json\/wp\/v2\/pages\/11000\/revisions\/11002"}],"up":[{"embeddable":true,"href":"https:\/\/induquim.com\/fr\/wp-json\/wp\/v2\/pages\/10973"}],"wp:attachment":[{"href":"https:\/\/induquim.com\/fr\/wp-json\/wp\/v2\/media?parent=11000"}],"curies":[{"name":"wp","href":"https:\/\/api.w.org\/{rel}","templated":true}]}}