{"id":11005,"date":"2025-04-24T13:31:44","date_gmt":"2025-04-24T11:31:44","guid":{"rendered":"https:\/\/induquim.com\/industrie-alimentaire\/industrie-de-la-peche\/"},"modified":"2025-05-29T12:14:40","modified_gmt":"2025-05-29T10:14:40","slug":"industrie-de-la-peche","status":"publish","type":"page","link":"https:\/\/induquim.com\/fr\/industrie-alimentaire\/industrie-de-la-peche\/","title":{"rendered":"Industrie de la p\u00eache"},"content":{"rendered":"\t\t<div data-elementor-type=\"wp-page\" data-elementor-id=\"11005\" class=\"elementor elementor-11005 elementor-8361\" data-elementor-post-type=\"page\">\n\t\t\t\t<div class=\"elementor-element elementor-element-1fb13e5 e-con-full e-flex e-con e-parent\" data-id=\"1fb13e5\" data-element_type=\"container\" data-settings=\"{&quot;background_background&quot;:&quot;classic&quot;}\">\n\t\t\t\t<div class=\"elementor-element elementor-element-ae198fd elementor-widget elementor-widget-image\" data-id=\"ae198fd\" data-element_type=\"widget\" data-widget_type=\"image.default\">\n\t\t\t\t<div class=\"elementor-widget-container\">\n\t\t\t\t\t\t\t\t\t\t\t\t\t\t\t\t<a href=\"https:\/\/induquim.com\/fr\/divisions-fr\/massfood-fr\/\">\n\t\t\t\t\t\t\t<img fetchpriority=\"high\" decoding=\"async\" width=\"517\" height=\"152\" src=\"https:\/\/induquim.com\/wp-content\/uploads\/2025\/04\/massfood.png\" class=\"attachment-full size-full wp-image-8344\" alt=\"Massfood logo\" srcset=\"https:\/\/induquim.com\/wp-content\/uploads\/2025\/04\/massfood.png 517w, https:\/\/induquim.com\/wp-content\/uploads\/2025\/04\/massfood-300x88.png 300w\" sizes=\"(max-width: 517px) 100vw, 517px\" \/>\t\t\t\t\t\t\t\t<\/a>\n\t\t\t\t\t\t\t\t\t\t\t\t\t\t\t<\/div>\n\t\t\t\t<\/div>\n\t\t\t\t<\/div>\n\t\t<div class=\"elementor-element elementor-element-f06de23 e-flex e-con-boxed e-con e-parent\" data-id=\"f06de23\" data-element_type=\"container\">\n\t\t\t\t\t<div class=\"e-con-inner\">\n\t\t\t\t<div class=\"elementor-element elementor-element-de886ad elementor-widget elementor-widget-heading\" data-id=\"de886ad\" data-element_type=\"widget\" data-widget_type=\"heading.default\">\n\t\t\t\t<div class=\"elementor-widget-container\">\n\t\t\t\t\t<h1 class=\"elementor-heading-title elementor-size-default\">Industrie de la p\u00eache<\/h1>\t\t\t\t<\/div>\n\t\t\t\t<\/div>\n\t\t\t\t<div class=\"elementor-element elementor-element-d6efb1f elementor-widget elementor-widget-image\" data-id=\"d6efb1f\" data-element_type=\"widget\" data-widget_type=\"image.default\">\n\t\t\t\t<div class=\"elementor-widget-container\">\n\t\t\t\t\t\t\t\t\t\t\t\t\t\t\t<img decoding=\"async\" width=\"882\" height=\"177\" src=\"https:\/\/induquim.com\/wp-content\/uploads\/2025\/04\/massfood-industria-pesquera.png\" class=\"attachment-full size-full wp-image-8383\" alt=\"Massfood datos industria pesquera\" srcset=\"https:\/\/induquim.com\/wp-content\/uploads\/2025\/04\/massfood-industria-pesquera.png 882w, https:\/\/induquim.com\/wp-content\/uploads\/2025\/04\/massfood-industria-pesquera-300x60.png 300w, https:\/\/induquim.com\/wp-content\/uploads\/2025\/04\/massfood-industria-pesquera-768x154.png 768w\" sizes=\"(max-width: 882px) 100vw, 882px\" \/>\t\t\t\t\t\t\t\t\t\t\t\t\t\t\t<\/div>\n\t\t\t\t<\/div>\n\t\t\t\t<div class=\"elementor-element elementor-element-5da4bca elementor-widget elementor-widget-text-editor\" data-id=\"5da4bca\" data-element_type=\"widget\" data-widget_type=\"text-editor.default\">\n\t\t\t\t<div class=\"elementor-widget-container\">\n\t\t\t\t\t\t\t\t\t<p>Il g\u00e9n\u00e8re une valeur \u00e9lev\u00e9e tant au niveau des importations que des exportations. Il s&rsquo;agit d&rsquo;une industrie en croissance en raison des changements dans les habitudes des consommateurs qui augmentent la consommation de poisson gr\u00e2ce \u00e0 l&rsquo;am\u00e9lioration de la qualit\u00e9 de vie par le biais d&rsquo;un r\u00e9gime alimentaire \u00e9quilibr\u00e9 et sain. Il s&rsquo;agit d&rsquo;une industrie minoritaire, avec une valeur diff\u00e9rentielle \u00e9lev\u00e9e et appr\u00e9ci\u00e9e \u00e0 l&rsquo;\u00e9tranger.  <\/p><p>La consommation de tartares, de sushis, etc., accro\u00eet la n\u00e9cessit\u00e9 de processus de nettoyage optimaux lors de la production et de la manipulation de produits en conserve, fum\u00e9s ou autres produits pr\u00eats \u00e0 consommer, qui sont tr\u00e8s sensibles \u00e0 la contamination microbienne.<\/p><p>Les probl\u00e8mes sont souvent li\u00e9s \u00e0 l&rsquo;utilisation d&rsquo;eau sal\u00e9e, aux incrustations de calcaire dues aux rin\u00e7ages successifs, etc., et la charge de graisse apr\u00e8s la manipulation du poisson, les restes de peau et d&rsquo;\u00e9cailles, l&rsquo;huile des conserves, l&rsquo;eau utilis\u00e9e pour rincer la salet\u00e9, etc., rendent n\u00e9cessaires des d\u00e9graissants tr\u00e8s efficaces, ainsi que des d\u00e9sinfectants couvrant un large spectre de micro-organismes.<\/p><p>En outre, la r\u00e9frig\u00e9ration industrielle et les machines \u00e0 laver les caisses et les conteneurs n\u00e9cessitent une compr\u00e9hension de leur fonctionnement et le choix des produits les plus adapt\u00e9s.<\/p>\t\t\t\t\t\t\t\t<\/div>\n\t\t\t\t<\/div>\n\t\t\t\t<div class=\"elementor-element elementor-element-557ecf7 elementor-widget elementor-widget-image\" data-id=\"557ecf7\" data-element_type=\"widget\" data-widget_type=\"image.default\">\n\t\t\t\t<div class=\"elementor-widget-container\">\n\t\t\t\t\t\t\t\t\t\t\t\t\t\t\t<img decoding=\"async\" width=\"800\" height=\"349\" src=\"https:\/\/induquim.com\/wp-content\/uploads\/2025\/04\/massfood-industria-pesquera-1024x447.jpg\" class=\"attachment-large size-large wp-image-8379\" alt=\"Massfood industria pesquera\" srcset=\"https:\/\/induquim.com\/wp-content\/uploads\/2025\/04\/massfood-industria-pesquera-1024x447.jpg 1024w, https:\/\/induquim.com\/wp-content\/uploads\/2025\/04\/massfood-industria-pesquera-300x131.jpg 300w, https:\/\/induquim.com\/wp-content\/uploads\/2025\/04\/massfood-industria-pesquera-768x335.jpg 768w, https:\/\/induquim.com\/wp-content\/uploads\/2025\/04\/massfood-industria-pesquera.jpg 1280w\" sizes=\"(max-width: 800px) 100vw, 800px\" \/>\t\t\t\t\t\t\t\t\t\t\t\t\t\t\t<\/div>\n\t\t\t\t<\/div>\n\t\t\t\t\t<\/div>\n\t\t\t\t<\/div>\n\t\t\t\t<\/div>\n\t\t","protected":false},"excerpt":{"rendered":"<p>Industrie de la p\u00eache Il g\u00e9n\u00e8re une valeur \u00e9lev\u00e9e tant au niveau des importations que des exportations. Il s&rsquo;agit d&rsquo;une industrie en croissance en raison des changements dans les habitudes des consommateurs qui augmentent la consommation de poisson gr\u00e2ce \u00e0 l&rsquo;am\u00e9lioration de la qualit\u00e9 de vie par le biais d&rsquo;un r\u00e9gime alimentaire \u00e9quilibr\u00e9 et sain. [&hellip;]<\/p>\n","protected":false},"author":1,"featured_media":0,"parent":10973,"menu_order":0,"comment_status":"closed","ping_status":"closed","template":"","meta":{"_acf_changed":false,"footnotes":""},"class_list":["post-11005","page","type-page","status-publish","hentry"],"acf":[],"_links":{"self":[{"href":"https:\/\/induquim.com\/fr\/wp-json\/wp\/v2\/pages\/11005","targetHints":{"allow":["GET"]}}],"collection":[{"href":"https:\/\/induquim.com\/fr\/wp-json\/wp\/v2\/pages"}],"about":[{"href":"https:\/\/induquim.com\/fr\/wp-json\/wp\/v2\/types\/page"}],"author":[{"embeddable":true,"href":"https:\/\/induquim.com\/fr\/wp-json\/wp\/v2\/users\/1"}],"replies":[{"embeddable":true,"href":"https:\/\/induquim.com\/fr\/wp-json\/wp\/v2\/comments?post=11005"}],"version-history":[{"count":2,"href":"https:\/\/induquim.com\/fr\/wp-json\/wp\/v2\/pages\/11005\/revisions"}],"predecessor-version":[{"id":11007,"href":"https:\/\/induquim.com\/fr\/wp-json\/wp\/v2\/pages\/11005\/revisions\/11007"}],"up":[{"embeddable":true,"href":"https:\/\/induquim.com\/fr\/wp-json\/wp\/v2\/pages\/10973"}],"wp:attachment":[{"href":"https:\/\/induquim.com\/fr\/wp-json\/wp\/v2\/media?parent=11005"}],"curies":[{"name":"wp","href":"https:\/\/api.w.org\/{rel}","templated":true}]}}