{"id":11035,"date":"2025-04-03T19:38:04","date_gmt":"2025-04-03T17:38:04","guid":{"rendered":"https:\/\/induquim.com\/canal-de-plaintes\/"},"modified":"2025-05-29T12:19:15","modified_gmt":"2025-05-29T10:19:15","slug":"canal-de-plaintes","status":"publish","type":"page","link":"https:\/\/induquim.com\/fr\/canal-de-plaintes\/","title":{"rendered":"Canal de plaintes"},"content":{"rendered":"\t\t<div data-elementor-type=\"wp-page\" data-elementor-id=\"11035\" class=\"elementor elementor-11035 elementor-3328\" data-elementor-post-type=\"page\">\n\t\t\t\t<div class=\"elementor-element elementor-element-e54258d e-con-full e-flex e-con e-parent\" data-id=\"e54258d\" data-element_type=\"container\" data-settings=\"{&quot;background_background&quot;:&quot;classic&quot;}\">\n\t\t\t\t<div class=\"elementor-element elementor-element-22b0eea elementor-widget elementor-widget-heading\" data-id=\"22b0eea\" data-element_type=\"widget\" data-widget_type=\"heading.default\">\n\t\t\t\t<div class=\"elementor-widget-container\">\n\t\t\t\t\t<h1 class=\"elementor-heading-title elementor-size-default\">Canal de plaintes<\/h1>\t\t\t\t<\/div>\n\t\t\t\t<\/div>\n\t\t\t\t<\/div>\n\t\t<div class=\"elementor-element elementor-element-8327f3e e-flex e-con-boxed e-con e-parent\" data-id=\"8327f3e\" data-element_type=\"container\">\n\t\t\t\t\t<div class=\"e-con-inner\">\n\t\t\t\t<div class=\"elementor-element elementor-element-b0f8d3c elementor-widget elementor-widget-image\" data-id=\"b0f8d3c\" data-element_type=\"widget\" data-widget_type=\"image.default\">\n\t\t\t\t<div class=\"elementor-widget-container\">\n\t\t\t\t\t\t\t\t\t\t\t\t\t\t\t\t<a href=\"https:\/\/induquim.factorialhr.com\/complaints\" target=\"_blank\">\n\t\t\t\t\t\t\t<img fetchpriority=\"high\" decoding=\"async\" width=\"885\" height=\"435\" src=\"https:\/\/induquim.com\/wp-content\/uploads\/2025\/04\/Canal-de-denuncias.jpg\" class=\"attachment-full size-full wp-image-4936\" alt=\"\" srcset=\"https:\/\/induquim.com\/wp-content\/uploads\/2025\/04\/Canal-de-denuncias.jpg 885w, https:\/\/induquim.com\/wp-content\/uploads\/2025\/04\/Canal-de-denuncias-300x147.jpg 300w, https:\/\/induquim.com\/wp-content\/uploads\/2025\/04\/Canal-de-denuncias-768x377.jpg 768w\" sizes=\"(max-width: 885px) 100vw, 885px\" \/>\t\t\t\t\t\t\t\t<\/a>\n\t\t\t\t\t\t\t\t\t\t\t\t\t\t\t<\/div>\n\t\t\t\t<\/div>\n\t\t\t\t<div class=\"elementor-element elementor-element-e7aa0b1 elementor-widget elementor-widget-text-editor\" data-id=\"e7aa0b1\" data-element_type=\"widget\" data-widget_type=\"text-editor.default\">\n\t\t\t\t<div class=\"elementor-widget-container\">\n\t\t\t\t\t\t\t\t\t<p>Vous pouvez d\u00e9poser une plainte en toute s\u00e9curit\u00e9 en utilisant ce formulaire. Les informations seront crypt\u00e9es afin de garantir qu&rsquo;elles sont envoy\u00e9es dans le respect des normes les plus strictes en mati\u00e8re de confidentialit\u00e9 et de s\u00e9curit\u00e9.<\/p><p>Seule la personne d\u00e9sign\u00e9e par l&rsquo;entreprise pourra en prendre connaissance.<\/p><p>Vous pouvez d\u00e9noncer de tels agissements :<\/p><ul><li>Comp\u00e9tences<\/li><li>March\u00e9s publics<\/li><li>Imp\u00f4t sur le revenu des soci\u00e9t\u00e9s<\/li><li>Int\u00e9r\u00eats financiers du syndicat (d\u00e9penses, revenus et collecte de fonds)<\/li><li>Pr\u00e9vention du blanchiment de capitaux et du financement des activit\u00e9s terroristes.<\/li><li>Radioprotection et s\u00fbret\u00e9 nucl\u00e9aire<\/li><li>Protection de l&rsquo;environnement<\/li><li>Protection de l&rsquo;utilisateur<\/li><li>Protection des donn\u00e9es personnelles et de la vie priv\u00e9e<\/li><li>Sant\u00e9 publique<\/li><li>S\u00e9curit\u00e9 des r\u00e9seaux et des syst\u00e8mes d&rsquo;information<\/li><li>S\u00e9curit\u00e9 alimentaire<\/li><li>S\u00e9curit\u00e9 des transports<\/li><li>S\u00e9curit\u00e9 des produits<\/li><li>Harc\u00e8lement sexuel<\/li><li>Harc\u00e8lement au travail<\/li><\/ul>\t\t\t\t\t\t\t\t<\/div>\n\t\t\t\t<\/div>\n\t\t\t\t<div class=\"elementor-element elementor-element-9337cd5 elementor-align-center elementor-widget elementor-widget-button\" data-id=\"9337cd5\" data-element_type=\"widget\" data-widget_type=\"button.default\">\n\t\t\t\t<div class=\"elementor-widget-container\">\n\t\t\t\t\t\t\t\t\t<div class=\"elementor-button-wrapper\">\n\t\t\t\t\t<a class=\"elementor-button elementor-button-link elementor-size-sm\" href=\"https:\/\/induquim.factorialhr.com\/complaints\" target=\"_blank\">\n\t\t\t\t\t\t<span class=\"elementor-button-content-wrapper\">\n\t\t\t\t\t\t\t\t\t<span class=\"elementor-button-text\">Acc\u00e9der au formulaire<\/span>\n\t\t\t\t\t<\/span>\n\t\t\t\t\t<\/a>\n\t\t\t\t<\/div>\n\t\t\t\t\t\t\t\t<\/div>\n\t\t\t\t<\/div>\n\t\t\t\t\t<\/div>\n\t\t\t\t<\/div>\n\t\t\t\t<\/div>\n\t\t","protected":false},"excerpt":{"rendered":"<p>Canal de plaintes Vous pouvez d\u00e9poser une plainte en toute s\u00e9curit\u00e9 en utilisant ce formulaire. Les informations seront crypt\u00e9es afin de garantir qu&rsquo;elles sont envoy\u00e9es dans le respect des normes les plus strictes en mati\u00e8re de confidentialit\u00e9 et de s\u00e9curit\u00e9. Seule la personne d\u00e9sign\u00e9e par l&rsquo;entreprise pourra en prendre connaissance. Vous pouvez d\u00e9noncer de tels [&hellip;]<\/p>\n","protected":false},"author":1,"featured_media":0,"parent":0,"menu_order":0,"comment_status":"closed","ping_status":"closed","template":"","meta":{"_acf_changed":false,"footnotes":""},"class_list":["post-11035","page","type-page","status-publish","hentry"],"acf":[],"_links":{"self":[{"href":"https:\/\/induquim.com\/fr\/wp-json\/wp\/v2\/pages\/11035","targetHints":{"allow":["GET"]}}],"collection":[{"href":"https:\/\/induquim.com\/fr\/wp-json\/wp\/v2\/pages"}],"about":[{"href":"https:\/\/induquim.com\/fr\/wp-json\/wp\/v2\/types\/page"}],"author":[{"embeddable":true,"href":"https:\/\/induquim.com\/fr\/wp-json\/wp\/v2\/users\/1"}],"replies":[{"embeddable":true,"href":"https:\/\/induquim.com\/fr\/wp-json\/wp\/v2\/comments?post=11035"}],"version-history":[{"count":1,"href":"https:\/\/induquim.com\/fr\/wp-json\/wp\/v2\/pages\/11035\/revisions"}],"predecessor-version":[{"id":11036,"href":"https:\/\/induquim.com\/fr\/wp-json\/wp\/v2\/pages\/11035\/revisions\/11036"}],"wp:attachment":[{"href":"https:\/\/induquim.com\/fr\/wp-json\/wp\/v2\/media?parent=11035"}],"curies":[{"name":"wp","href":"https:\/\/api.w.org\/{rel}","templated":true}]}}