{"id":11040,"date":"2025-04-03T13:59:20","date_gmt":"2025-04-03T11:59:20","guid":{"rendered":"https:\/\/induquim.com\/politique-de-qualite-et-denvironnement\/"},"modified":"2025-05-29T12:20:51","modified_gmt":"2025-05-29T10:20:51","slug":"politique-de-qualite-et-denvironnement","status":"publish","type":"page","link":"https:\/\/induquim.com\/fr\/politique-de-qualite-et-denvironnement\/","title":{"rendered":"Politique de qualit\u00e9 et d&rsquo;environnement"},"content":{"rendered":"\n<p>Chez INDUQUIM, nous nous engageons sur la qualit\u00e9 dans la conception et la production de produits de nettoyage afin de garantir la satisfaction maximale des clients et le respect de l&rsquo;environnement et de la durabilit\u00e9.<\/p>\n\n<p>INDUQUIM dispose d&rsquo;un syst\u00e8me de gestion de la qualit\u00e9 et de l&rsquo;environnement bas\u00e9 sur les normes UNE-EN-ISO 9001:2015 et UNE-EN-ISO 14001:2015. La direction d&rsquo;INDUQUIM s&rsquo;engage \u00e0 respecter et \u00e0 communiquer les valeurs et les engagements suivants : <\/p>\n\n<ol class=\"wp-block-list\">\n<li>Obtenir des produits efficaces, fiables et hautement s\u00e9curis\u00e9s.<\/li>\n\n\n\n<li>Am\u00e9liorer le service offert \u00e0 nos clients en livrant les produits dans les d\u00e9lais et conditions requis.<\/li>\n\n\n\n<li>Mettre la pr\u00e9vention et le contr\u00f4le au premier plan dans les produits et les t\u00e2ches.<\/li>\n\n\n\n<li>Favoriser une culture d&rsquo;am\u00e9lioration continue au sein de l&rsquo;organisation, en mettant \u00e0 jour nos processus internes et nos codes de bonne pratique, et en augmentant l&rsquo;efficacit\u00e9, la qualit\u00e9 de nos produits et les attentes de nos clients.<\/li>\n\n\n\n<li>Respecter les exigences des clients, de la l\u00e9gislation et de la r\u00e9glementation, ainsi que celles \u00e9tablies en interne.<\/li>\n\n\n\n<li>Encouragez la participation des employ\u00e9s et leur d\u00e9veloppement personnel et professionnel.<\/li>\n\n\n\n<li>D\u00e9velopper nos produits dans le respect de l&rsquo;environnement, par l&rsquo;utilisation efficace des ressources, de mani\u00e8re \u00e0 contribuer \u00e0 la protection de l&rsquo;environnement, au d\u00e9veloppement durable et \u00e0 la pr\u00e9vention de la pollution.<\/li>\n<\/ol>\n\n<p>La qualit\u00e9 et la protection de l&rsquo;environnement sont un engagement et une responsabilit\u00e9 de l&rsquo;ensemble du personnel d&rsquo;INDUQUIM, qui participe activement au maintien et \u00e0 l&rsquo;am\u00e9lioration continue du syst\u00e8me de gestion de la qualit\u00e9 et de l&rsquo;environnement.<\/p>\n\n<p>La direction s&rsquo;engage \u00e0 mettre en place les ressources humaines et les infrastructures n\u00e9cessaires pour r\u00e9pondre aux exigences des activit\u00e9s men\u00e9es et des objectifs, et \u00e0 am\u00e9liorer en permanence l&rsquo;efficacit\u00e9 de notre syst\u00e8me de gestion de la qualit\u00e9 et de l&rsquo;environnement. La pr\u00e9sente politique de qualit\u00e9 et d&rsquo;environnement est r\u00e9examin\u00e9e chaque ann\u00e9e pour v\u00e9rifier son ad\u00e9quation au contexte de l&rsquo;organisation et \u00e0 l&rsquo;orientation strat\u00e9gique. Elle est communiqu\u00e9e et mise \u00e0 la disposition des parties prenantes concern\u00e9es.  <\/p>\n\n<p><em>Approuv\u00e9 par la direction de INDUQUIM le 08\/01\/21<\/em><\/p>\n\n<h3 class=\"wp-block-heading\">Performance environnementale : <a href=\"https:\/\/induquim.com\/wp-content\/uploads\/2025\/04\/induquim-informe-de-desempeno-ambiental.pdf\" target=\"_blank\" rel=\"noreferrer noopener\">Voir le lien<\/a><\/h3>\n","protected":false},"excerpt":{"rendered":"<p>Chez INDUQUIM, nous nous engageons sur la qualit\u00e9 dans la conception et la production de produits de nettoyage afin de garantir la satisfaction maximale des clients et le respect de l&rsquo;environnement et de la durabilit\u00e9. INDUQUIM dispose d&rsquo;un syst\u00e8me de gestion de la qualit\u00e9 et de l&rsquo;environnement bas\u00e9 sur les normes UNE-EN-ISO 9001:2015 et UNE-EN-ISO [&hellip;]<\/p>\n","protected":false},"author":1,"featured_media":0,"parent":0,"menu_order":0,"comment_status":"closed","ping_status":"closed","template":"","meta":{"_acf_changed":false,"footnotes":""},"class_list":["post-11040","page","type-page","status-publish","hentry"],"acf":[],"_links":{"self":[{"href":"https:\/\/induquim.com\/fr\/wp-json\/wp\/v2\/pages\/11040","targetHints":{"allow":["GET"]}}],"collection":[{"href":"https:\/\/induquim.com\/fr\/wp-json\/wp\/v2\/pages"}],"about":[{"href":"https:\/\/induquim.com\/fr\/wp-json\/wp\/v2\/types\/page"}],"author":[{"embeddable":true,"href":"https:\/\/induquim.com\/fr\/wp-json\/wp\/v2\/users\/1"}],"replies":[{"embeddable":true,"href":"https:\/\/induquim.com\/fr\/wp-json\/wp\/v2\/comments?post=11040"}],"version-history":[{"count":1,"href":"https:\/\/induquim.com\/fr\/wp-json\/wp\/v2\/pages\/11040\/revisions"}],"predecessor-version":[{"id":11041,"href":"https:\/\/induquim.com\/fr\/wp-json\/wp\/v2\/pages\/11040\/revisions\/11041"}],"wp:attachment":[{"href":"https:\/\/induquim.com\/fr\/wp-json\/wp\/v2\/media?parent=11040"}],"curies":[{"name":"wp","href":"https:\/\/api.w.org\/{rel}","templated":true}]}}