{"id":11042,"date":"2025-04-03T13:55:20","date_gmt":"2025-04-03T11:55:20","guid":{"rendered":"https:\/\/induquim.com\/couverture-juridique\/"},"modified":"2025-05-29T12:21:22","modified_gmt":"2025-05-29T10:21:22","slug":"couverture-juridique","status":"publish","type":"page","link":"https:\/\/induquim.com\/fr\/couverture-juridique\/","title":{"rendered":"Couverture juridique"},"content":{"rendered":"\n<h2 class=\"wp-block-heading\">Concept d&rsquo;utilisateur<\/h2>\n\n<p>L&rsquo;utilisation du site Web conf\u00e8re la qualit\u00e9 d&rsquo;utilisateur et implique l&rsquo;acceptation totale et sans r\u00e9serve de toutes les dispositions incluses dans le pr\u00e9sent avis juridique dans la version publi\u00e9e par INDUSTRIAS QUIMICAS INDUQUIM, S.L. au moment o\u00f9 l&rsquo;utilisateur acc\u00e8de au site Web. Par cons\u00e9quent, l&rsquo;utilisateur doit lire attentivement le pr\u00e9sent avis juridique chaque fois qu&rsquo;il a l&rsquo;intention d&rsquo;utiliser le site Web, \u00e9tant donn\u00e9 qu&rsquo;il peut faire l&rsquo;objet de modifications. <\/p>\n\n<h2 class=\"wp-block-heading\">Informations sur les liens<\/h2>\n\n<p>INDUSTRIAS QUIMICAS INDUQUIM, S.L. d\u00e9cline toute responsabilit\u00e9 quant aux sites Web n&rsquo;appartenant pas \u00e0 INDUSTRIAS QUIMICAS INDUQUIM, S.L. et accessibles par le biais de liens ou de tout contenu mis \u00e0 disposition par des tiers.<\/p>\n\n<p>L&rsquo;utilisation d&rsquo;un lien ou l&rsquo;acc\u00e8s \u00e0 un site Web n&rsquo;appartenant pas \u00e0 INDUSTRIAS QUIMICAS INDUQUIM, S.L. se fait aux risques exclusifs de l&rsquo;utilisateur et INDUSTRIAS QUIMICAS INDUQUIM, S.L. ne recommande ni ne garantit aucune information obtenue par le biais d&rsquo;un lien n&rsquo;appartenant pas au site Web d&rsquo;INDUSTRIAS QUIMICAS INDUQUIM, S.L. INDUSTRIAS QUIMICAS INDUQUIM, S.L. n&rsquo;est pas responsable de toute perte, r\u00e9clamation ou dommage d\u00e9riv\u00e9 de l&rsquo;utilisation ou de la mauvaise utilisation d&rsquo;un lien, ou de l&rsquo;information obtenue \u00e0 travers celui-ci, y compris d&rsquo;autres liens ou sites Web, de l&rsquo;interruption du service ou de l&rsquo;acc\u00e8s, ou de la tentative d&rsquo;utilisation ou de mauvaise utilisation d&rsquo;un lien, aussi bien lors de la connexion au site Web d&rsquo;INDUSTRIAS QUIMICAS INDUQUIM, S.L. que lors de la connexion au site Web d&rsquo;INDUSTRIAS QUIMICAS INDUQUIM, S.L.<\/p>\n\n<h2 class=\"wp-block-heading\">Informations sur l&rsquo;utilisation des cookies<\/h2>\n\n<p>Ce site web peut utiliser des cookies sur certaines pages. L&rsquo;objectif de ces cookies est d&rsquo;am\u00e9liorer le service offert \u00e0 ses clients et \u00e0 nos visiteurs. <\/p>\n\n<p>Les cookies sont de petits fichiers de donn\u00e9es qui sont g\u00e9n\u00e9r\u00e9s dans l&rsquo;ordinateur de l&rsquo;utilisateur et qui permettent d&rsquo;obtenir les informations suivantes :<\/p>\n\n<ul class=\"wp-block-list\">\n<li>Date et heure de la derni\u00e8re visite de l&rsquo;utilisateur sur le site web.<\/li>\n\n\n\n<li>Conception du contenu que l&rsquo;utilisateur a choisi lors de sa premi\u00e8re visite sur le site web.<\/li>\n\n\n\n<li>\u00c9l\u00e9ments de s\u00e9curit\u00e9 impliqu\u00e9s dans le contr\u00f4le de l&rsquo;acc\u00e8s aux zones restreintes.<\/li>\n<\/ul>\n","protected":false},"excerpt":{"rendered":"<p>Concept d&rsquo;utilisateur L&rsquo;utilisation du site Web conf\u00e8re la qualit\u00e9 d&rsquo;utilisateur et implique l&rsquo;acceptation totale et sans r\u00e9serve de toutes les dispositions incluses dans le pr\u00e9sent avis juridique dans la version publi\u00e9e par INDUSTRIAS QUIMICAS INDUQUIM, S.L. au moment o\u00f9 l&rsquo;utilisateur acc\u00e8de au site Web. Par cons\u00e9quent, l&rsquo;utilisateur doit lire attentivement le pr\u00e9sent avis juridique chaque [&hellip;]<\/p>\n","protected":false},"author":1,"featured_media":0,"parent":0,"menu_order":0,"comment_status":"closed","ping_status":"closed","template":"","meta":{"_acf_changed":false,"footnotes":""},"class_list":["post-11042","page","type-page","status-publish","hentry"],"acf":[],"_links":{"self":[{"href":"https:\/\/induquim.com\/fr\/wp-json\/wp\/v2\/pages\/11042","targetHints":{"allow":["GET"]}}],"collection":[{"href":"https:\/\/induquim.com\/fr\/wp-json\/wp\/v2\/pages"}],"about":[{"href":"https:\/\/induquim.com\/fr\/wp-json\/wp\/v2\/types\/page"}],"author":[{"embeddable":true,"href":"https:\/\/induquim.com\/fr\/wp-json\/wp\/v2\/users\/1"}],"replies":[{"embeddable":true,"href":"https:\/\/induquim.com\/fr\/wp-json\/wp\/v2\/comments?post=11042"}],"version-history":[{"count":1,"href":"https:\/\/induquim.com\/fr\/wp-json\/wp\/v2\/pages\/11042\/revisions"}],"predecessor-version":[{"id":11043,"href":"https:\/\/induquim.com\/fr\/wp-json\/wp\/v2\/pages\/11042\/revisions\/11043"}],"wp:attachment":[{"href":"https:\/\/induquim.com\/fr\/wp-json\/wp\/v2\/media?parent=11042"}],"curies":[{"name":"wp","href":"https:\/\/api.w.org\/{rel}","templated":true}]}}