{"id":11060,"date":"2025-03-20T15:28:25","date_gmt":"2025-03-20T14:28:25","guid":{"rendered":"https:\/\/induquim.com\/entreprise\/environnement\/"},"modified":"2025-05-29T12:25:22","modified_gmt":"2025-05-29T10:25:22","slug":"environnement","status":"publish","type":"page","link":"https:\/\/induquim.com\/fr\/entreprise\/environnement\/","title":{"rendered":"Environnement"},"content":{"rendered":"\t\t<div data-elementor-type=\"wp-page\" data-elementor-id=\"11060\" class=\"elementor elementor-11060 elementor-2945\" data-elementor-post-type=\"page\">\n\t\t\t\t<div class=\"elementor-element elementor-element-bdc9c0a e-con-full e-flex e-con e-parent\" data-id=\"bdc9c0a\" data-element_type=\"container\" data-settings=\"{&quot;background_background&quot;:&quot;classic&quot;}\">\n\t\t\t\t<div class=\"elementor-element elementor-element-1b13739 elementor-widget elementor-widget-heading\" data-id=\"1b13739\" data-element_type=\"widget\" data-widget_type=\"heading.default\">\n\t\t\t\t<div class=\"elementor-widget-container\">\n\t\t\t\t\t<h1 class=\"elementor-heading-title elementor-size-default\">Environnement<\/h1>\t\t\t\t<\/div>\n\t\t\t\t<\/div>\n\t\t\t\t<\/div>\n\t\t<div class=\"elementor-element elementor-element-df03e7a e-flex e-con-boxed e-con e-parent\" data-id=\"df03e7a\" data-element_type=\"container\">\n\t\t\t\t\t<div class=\"e-con-inner\">\n\t\t\t\t<div class=\"elementor-element elementor-element-57a215a elementor-widget elementor-widget-image\" data-id=\"57a215a\" data-element_type=\"widget\" data-widget_type=\"image.default\">\n\t\t\t\t<div class=\"elementor-widget-container\">\n\t\t\t\t\t\t\t\t\t\t\t\t\t\t\t<img fetchpriority=\"high\" decoding=\"async\" width=\"300\" height=\"300\" src=\"https:\/\/induquim.com\/wp-content\/uploads\/2025\/03\/ecolabel_002-300x300.jpg\" class=\"attachment-medium size-medium wp-image-4696\" alt=\"\" srcset=\"https:\/\/induquim.com\/wp-content\/uploads\/2025\/03\/ecolabel_002-300x300.jpg 300w, https:\/\/induquim.com\/wp-content\/uploads\/2025\/03\/ecolabel_002-150x150.jpg 150w, https:\/\/induquim.com\/wp-content\/uploads\/2025\/03\/ecolabel_002.jpg 720w\" sizes=\"(max-width: 300px) 100vw, 300px\" \/>\t\t\t\t\t\t\t\t\t\t\t\t\t\t\t<\/div>\n\t\t\t\t<\/div>\n\t\t\t\t<div class=\"elementor-element elementor-element-77999af elementor-widget elementor-widget-text-editor\" data-id=\"77999af\" data-element_type=\"widget\" data-widget_type=\"text-editor.default\">\n\t\t\t\t<div class=\"elementor-widget-container\">\n\t\t\t\t\t\t\t\t\t<p>Qualit\u00e9 maximale et respect de l&rsquo;environnement. Chez Induquim, non seulement nous respectons scrupuleusement les mesures et les normes exig\u00e9es par l&rsquo;Union europ\u00e9enne, mais nous avons \u00e9galement l&rsquo;engagement moral de cr\u00e9er nos produits dans le plus grand respect possible de l&rsquo;environnement. C&rsquo;est pourquoi nous avons cr\u00e9\u00e9 notre gamme de produits MASSNATURE, avec la certification ECOLABEL. <\/p>\t\t\t\t\t\t\t\t<\/div>\n\t\t\t\t<\/div>\n\t\t\t\t\t<\/div>\n\t\t\t\t<\/div>\n\t\t<div class=\"elementor-element elementor-element-05e7ba1 e-flex e-con-boxed e-con e-parent\" data-id=\"05e7ba1\" data-element_type=\"container\">\n\t\t\t\t\t<div class=\"e-con-inner\">\n\t\t<div class=\"elementor-element elementor-element-ca15f36 e-con-full e-flex e-con e-child\" data-id=\"ca15f36\" data-element_type=\"container\">\n\t\t\t\t<div class=\"elementor-element elementor-element-abffb27 elementor-widget elementor-widget-heading\" data-id=\"abffb27\" data-element_type=\"widget\" data-widget_type=\"heading.default\">\n\t\t\t\t<div class=\"elementor-widget-container\">\n\t\t\t\t\t<h3 class=\"elementor-heading-title elementor-size-default\">Avantages de la certification ECOLABEL :<\/h3>\t\t\t\t<\/div>\n\t\t\t\t<\/div>\n\t\t\t\t<div class=\"elementor-element elementor-element-032377c elementor-icon-list--layout-traditional elementor-list-item-link-full_width elementor-widget elementor-widget-icon-list\" data-id=\"032377c\" data-element_type=\"widget\" data-widget_type=\"icon-list.default\">\n\t\t\t\t<div class=\"elementor-widget-container\">\n\t\t\t\t\t\t\t<ul class=\"elementor-icon-list-items\">\n\t\t\t\t\t\t\t<li class=\"elementor-icon-list-item\">\n\t\t\t\t\t\t\t\t\t\t\t<span class=\"elementor-icon-list-icon\">\n\t\t\t\t\t\t\t<svg aria-hidden=\"true\" class=\"e-font-icon-svg e-fas-leaf\" viewBox=\"0 0 576 512\" xmlns=\"http:\/\/www.w3.org\/2000\/svg\"><path d=\"M546.2 9.7c-5.6-12.5-21.6-13-28.3-1.2C486.9 62.4 431.4 96 368 96h-80C182 96 96 182 96 288c0 7 .8 13.7 1.5 20.5C161.3 262.8 253.4 224 384 224c8.8 0 16 7.2 16 16s-7.2 16-16 16C132.6 256 26 410.1 2.4 468c-6.6 16.3 1.2 34.9 17.5 41.6 16.4 6.8 35-1.1 41.8-17.3 1.5-3.6 20.9-47.9 71.9-90.6 32.4 43.9 94 85.8 174.9 77.2C465.5 467.5 576 326.7 576 154.3c0-50.2-10.8-102.2-29.8-144.6z\"><\/path><\/svg>\t\t\t\t\t\t<\/span>\n\t\t\t\t\t\t\t\t\t\t<span class=\"elementor-icon-list-text\">Il nous permet d'informer nos clients que nos produits sont plus respectueux de l'environnement que d'autres ayant des caract\u00e9ristiques fonctionnelles similaires.<\/span>\n\t\t\t\t\t\t\t\t\t<\/li>\n\t\t\t\t\t\t\t\t<li class=\"elementor-icon-list-item\">\n\t\t\t\t\t\t\t\t\t\t\t<span class=\"elementor-icon-list-icon\">\n\t\t\t\t\t\t\t<svg aria-hidden=\"true\" class=\"e-font-icon-svg e-fas-leaf\" viewBox=\"0 0 576 512\" xmlns=\"http:\/\/www.w3.org\/2000\/svg\"><path d=\"M546.2 9.7c-5.6-12.5-21.6-13-28.3-1.2C486.9 62.4 431.4 96 368 96h-80C182 96 96 182 96 288c0 7 .8 13.7 1.5 20.5C161.3 262.8 253.4 224 384 224c8.8 0 16 7.2 16 16s-7.2 16-16 16C132.6 256 26 410.1 2.4 468c-6.6 16.3 1.2 34.9 17.5 41.6 16.4 6.8 35-1.1 41.8-17.3 1.5-3.6 20.9-47.9 71.9-90.6 32.4 43.9 94 85.8 174.9 77.2C465.5 467.5 576 326.7 576 154.3c0-50.2-10.8-102.2-29.8-144.6z\"><\/path><\/svg>\t\t\t\t\t\t<\/span>\n\t\t\t\t\t\t\t\t\t\t<span class=\"elementor-icon-list-text\">Il s'agit d'un label public, compatible avec d'autres syst\u00e8mes nationaux de label \u00e9cologique, valable et reconnu dans tous les \u00c9tats membres de l'Union europ\u00e9enne, quel que soit l'\u00c9tat dans lequel il a \u00e9t\u00e9 obtenu.<\/span>\n\t\t\t\t\t\t\t\t\t<\/li>\n\t\t\t\t\t\t\t\t<li class=\"elementor-icon-list-item\">\n\t\t\t\t\t\t\t\t\t\t\t<span class=\"elementor-icon-list-icon\">\n\t\t\t\t\t\t\t<svg aria-hidden=\"true\" class=\"e-font-icon-svg e-fas-leaf\" viewBox=\"0 0 576 512\" xmlns=\"http:\/\/www.w3.org\/2000\/svg\"><path d=\"M546.2 9.7c-5.6-12.5-21.6-13-28.3-1.2C486.9 62.4 431.4 96 368 96h-80C182 96 96 182 96 288c0 7 .8 13.7 1.5 20.5C161.3 262.8 253.4 224 384 224c8.8 0 16 7.2 16 16s-7.2 16-16 16C132.6 256 26 410.1 2.4 468c-6.6 16.3 1.2 34.9 17.5 41.6 16.4 6.8 35-1.1 41.8-17.3 1.5-3.6 20.9-47.9 71.9-90.6 32.4 43.9 94 85.8 174.9 77.2C465.5 467.5 576 326.7 576 154.3c0-50.2-10.8-102.2-29.8-144.6z\"><\/path><\/svg>\t\t\t\t\t\t<\/span>\n\t\t\t\t\t\t\t\t\t\t<span class=\"elementor-icon-list-text\">Les crit\u00e8res \u00e9cologiques utilis\u00e9s pour leur attribution sont \u00e9tablis par des organismes officiels \u00e0 caract\u00e8re public et objectif, non soumis \u00e0 des pressions commerciales.<\/span>\n\t\t\t\t\t\t\t\t\t<\/li>\n\t\t\t\t\t\t\t\t<li class=\"elementor-icon-list-item\">\n\t\t\t\t\t\t\t\t\t\t\t<span class=\"elementor-icon-list-icon\">\n\t\t\t\t\t\t\t<svg aria-hidden=\"true\" class=\"e-font-icon-svg e-fas-leaf\" viewBox=\"0 0 576 512\" xmlns=\"http:\/\/www.w3.org\/2000\/svg\"><path d=\"M546.2 9.7c-5.6-12.5-21.6-13-28.3-1.2C486.9 62.4 431.4 96 368 96h-80C182 96 96 182 96 288c0 7 .8 13.7 1.5 20.5C161.3 262.8 253.4 224 384 224c8.8 0 16 7.2 16 16s-7.2 16-16 16C132.6 256 26 410.1 2.4 468c-6.6 16.3 1.2 34.9 17.5 41.6 16.4 6.8 35-1.1 41.8-17.3 1.5-3.6 20.9-47.9 71.9-90.6 32.4 43.9 94 85.8 174.9 77.2C465.5 467.5 576 326.7 576 154.3c0-50.2-10.8-102.2-29.8-144.6z\"><\/path><\/svg>\t\t\t\t\t\t<\/span>\n\t\t\t\t\t\t\t\t\t\t<span class=\"elementor-icon-list-text\">L'\u00e9tiquette fournit des informations pr\u00e9cises sur l'impact environnemental du produit tout au long de sa dur\u00e9e de vie.<\/span>\n\t\t\t\t\t\t\t\t\t<\/li>\n\t\t\t\t\t\t<\/ul>\n\t\t\t\t\t\t<\/div>\n\t\t\t\t<\/div>\n\t\t\t\t<div class=\"elementor-element elementor-element-6dca314 elementor-widget elementor-widget-text-editor\" data-id=\"6dca314\" data-element_type=\"widget\" data-widget_type=\"text-editor.default\">\n\t\t\t\t<div class=\"elementor-widget-container\">\n\t\t\t\t\t\t\t\t\t<p>Outre le respect de nombreuses autres exigences \u00e9cologiques (mati\u00e8res premi\u00e8res utilis\u00e9es, concentrations, caract\u00e9ristiques de l&#8217;emballage, etc.), ce label n&rsquo;est attribu\u00e9 qu&rsquo;aux produits dont l&rsquo;efficacit\u00e9 peut \u00eatre garantie comme \u00e9tant au moins \u00e9quivalente \u00e0 celle des produits conventionnels. Pour ce faire, Induquim a d\u00fb r\u00e9aliser des tests sur ses formulations, par l&rsquo;interm\u00e9diaire de laboratoires accr\u00e9dit\u00e9s, afin de garantir cette efficacit\u00e9 aupr\u00e8s des organismes comp\u00e9tents. <\/p>\t\t\t\t\t\t\t\t<\/div>\n\t\t\t\t<\/div>\n\t\t\t\t<\/div>\n\t\t<div class=\"elementor-element elementor-element-6316f98 e-con-full e-flex e-con e-child\" data-id=\"6316f98\" data-element_type=\"container\">\n\t\t\t\t<div class=\"elementor-element elementor-element-f455c9f elementor-widget elementor-widget-image\" data-id=\"f455c9f\" data-element_type=\"widget\" data-widget_type=\"image.default\">\n\t\t\t\t<div class=\"elementor-widget-container\">\n\t\t\t\t\t\t\t\t\t\t\t\t\t\t\t<img decoding=\"async\" width=\"700\" height=\"700\" src=\"https:\/\/induquim.com\/wp-content\/uploads\/2025\/03\/massnature1_001.jpg\" class=\"attachment-full size-full wp-image-4702\" alt=\"\" srcset=\"https:\/\/induquim.com\/wp-content\/uploads\/2025\/03\/massnature1_001.jpg 700w, https:\/\/induquim.com\/wp-content\/uploads\/2025\/03\/massnature1_001-300x300.jpg 300w, https:\/\/induquim.com\/wp-content\/uploads\/2025\/03\/massnature1_001-150x150.jpg 150w\" sizes=\"(max-width: 700px) 100vw, 700px\" \/>\t\t\t\t\t\t\t\t\t\t\t\t\t\t\t<\/div>\n\t\t\t\t<\/div>\n\t\t\t\t<div class=\"elementor-element elementor-element-f2a414c elementor-widget elementor-widget-image\" data-id=\"f2a414c\" data-element_type=\"widget\" data-widget_type=\"image.default\">\n\t\t\t\t<div class=\"elementor-widget-container\">\n\t\t\t\t\t\t\t\t\t\t\t\t\t\t\t<img decoding=\"async\" width=\"700\" height=\"700\" src=\"https:\/\/induquim.com\/wp-content\/uploads\/2025\/03\/massnature2_001.jpg\" class=\"attachment-full size-full wp-image-4699\" alt=\"\" srcset=\"https:\/\/induquim.com\/wp-content\/uploads\/2025\/03\/massnature2_001.jpg 700w, https:\/\/induquim.com\/wp-content\/uploads\/2025\/03\/massnature2_001-300x300.jpg 300w, https:\/\/induquim.com\/wp-content\/uploads\/2025\/03\/massnature2_001-150x150.jpg 150w\" sizes=\"(max-width: 700px) 100vw, 700px\" \/>\t\t\t\t\t\t\t\t\t\t\t\t\t\t\t<\/div>\n\t\t\t\t<\/div>\n\t\t\t\t<\/div>\n\t\t\t\t\t<\/div>\n\t\t\t\t<\/div>\n\t\t\t\t<\/div>\n\t\t","protected":false},"excerpt":{"rendered":"<p>Environnement Qualit\u00e9 maximale et respect de l&rsquo;environnement. Chez Induquim, non seulement nous respectons scrupuleusement les mesures et les normes exig\u00e9es par l&rsquo;Union europ\u00e9enne, mais nous avons \u00e9galement l&rsquo;engagement moral de cr\u00e9er nos produits dans le plus grand respect possible de l&rsquo;environnement. C&rsquo;est pourquoi nous avons cr\u00e9\u00e9 notre gamme de produits MASSNATURE, avec la certification ECOLABEL. [&hellip;]<\/p>\n","protected":false},"author":1,"featured_media":0,"parent":11057,"menu_order":0,"comment_status":"closed","ping_status":"closed","template":"","meta":{"_acf_changed":false,"footnotes":""},"class_list":["post-11060","page","type-page","status-publish","hentry"],"acf":[],"_links":{"self":[{"href":"https:\/\/induquim.com\/fr\/wp-json\/wp\/v2\/pages\/11060","targetHints":{"allow":["GET"]}}],"collection":[{"href":"https:\/\/induquim.com\/fr\/wp-json\/wp\/v2\/pages"}],"about":[{"href":"https:\/\/induquim.com\/fr\/wp-json\/wp\/v2\/types\/page"}],"author":[{"embeddable":true,"href":"https:\/\/induquim.com\/fr\/wp-json\/wp\/v2\/users\/1"}],"replies":[{"embeddable":true,"href":"https:\/\/induquim.com\/fr\/wp-json\/wp\/v2\/comments?post=11060"}],"version-history":[{"count":1,"href":"https:\/\/induquim.com\/fr\/wp-json\/wp\/v2\/pages\/11060\/revisions"}],"predecessor-version":[{"id":11061,"href":"https:\/\/induquim.com\/fr\/wp-json\/wp\/v2\/pages\/11060\/revisions\/11061"}],"up":[{"embeddable":true,"href":"https:\/\/induquim.com\/fr\/wp-json\/wp\/v2\/pages\/11057"}],"wp:attachment":[{"href":"https:\/\/induquim.com\/fr\/wp-json\/wp\/v2\/media?parent=11060"}],"curies":[{"name":"wp","href":"https:\/\/api.w.org\/{rel}","templated":true}]}}