{"id":11063,"date":"2025-03-20T15:27:47","date_gmt":"2025-03-20T14:27:47","guid":{"rendered":"https:\/\/induquim.com\/entreprise\/r-d-i\/"},"modified":"2025-05-29T12:25:51","modified_gmt":"2025-05-29T10:25:51","slug":"r-d-i","status":"publish","type":"page","link":"https:\/\/induquim.com\/fr\/entreprise\/r-d-i\/","title":{"rendered":"R + D + i"},"content":{"rendered":"\t\t<div data-elementor-type=\"wp-page\" data-elementor-id=\"11063\" class=\"elementor elementor-11063 elementor-2943\" data-elementor-post-type=\"page\">\n\t\t\t\t<div class=\"elementor-element elementor-element-a8bcdb7 e-con-full e-flex e-con e-parent\" data-id=\"a8bcdb7\" data-element_type=\"container\" data-settings=\"{&quot;background_background&quot;:&quot;classic&quot;}\">\n\t\t\t\t<div class=\"elementor-element elementor-element-a1f2e0b elementor-widget elementor-widget-heading\" data-id=\"a1f2e0b\" data-element_type=\"widget\" data-widget_type=\"heading.default\">\n\t\t\t\t<div class=\"elementor-widget-container\">\n\t\t\t\t\t<h1 class=\"elementor-heading-title elementor-size-default\">R + D + i<\/h1>\t\t\t\t<\/div>\n\t\t\t\t<\/div>\n\t\t\t\t<\/div>\n\t\t<div class=\"elementor-element elementor-element-6bae338 e-flex e-con-boxed e-con e-parent\" data-id=\"6bae338\" data-element_type=\"container\">\n\t\t\t\t\t<div class=\"e-con-inner\">\n\t\t\t\t<div class=\"elementor-element elementor-element-e875c31 elementor-widget elementor-widget-heading\" data-id=\"e875c31\" data-element_type=\"widget\" data-widget_type=\"heading.default\">\n\t\t\t\t<div class=\"elementor-widget-container\">\n\t\t\t\t\t<h2 class=\"elementor-heading-title elementor-size-default\">Syst\u00e8mes Induquim<\/h2>\t\t\t\t<\/div>\n\t\t\t\t<\/div>\n\t\t\t\t<div class=\"elementor-element elementor-element-c47b5e8 elementor-widget elementor-widget-image\" data-id=\"c47b5e8\" data-element_type=\"widget\" data-widget_type=\"image.default\">\n\t\t\t\t<div class=\"elementor-widget-container\">\n\t\t\t\t\t\t\t\t\t\t\t\t\t\t\t<img fetchpriority=\"high\" decoding=\"async\" width=\"601\" height=\"183\" src=\"https:\/\/induquim.com\/wp-content\/uploads\/2025\/03\/induquim-sistemas-i-d-i.jpg\" class=\"attachment-large size-large wp-image-4681\" alt=\"\" srcset=\"https:\/\/induquim.com\/wp-content\/uploads\/2025\/03\/induquim-sistemas-i-d-i.jpg 601w, https:\/\/induquim.com\/wp-content\/uploads\/2025\/03\/induquim-sistemas-i-d-i-300x91.jpg 300w\" sizes=\"(max-width: 601px) 100vw, 601px\" \/>\t\t\t\t\t\t\t\t\t\t\t\t\t\t\t<\/div>\n\t\t\t\t<\/div>\n\t\t\t\t<div class=\"elementor-element elementor-element-8dfe494 elementor-widget elementor-widget-text-editor\" data-id=\"8dfe494\" data-element_type=\"widget\" data-widget_type=\"text-editor.default\">\n\t\t\t\t<div class=\"elementor-widget-container\">\n\t\t\t\t\t\t\t\t\t<p>Le d\u00e9partement R&amp;D&amp;I d&rsquo;Induquim d\u00e9veloppe des syst\u00e8mes et des produits concentr\u00e9s qui am\u00e9liorent l&rsquo;efficacit\u00e9 de ses plans de nettoyage, en r\u00e9duisant les co\u00fbts de tous les facteurs impliqu\u00e9s et en augmentant l&rsquo;efficacit\u00e9 des r\u00e9sultats d&rsquo;excellence, avec des crit\u00e8res de durabilit\u00e9 et de plus grande rentabilit\u00e9 pour ses clients.<\/p>\t\t\t\t\t\t\t\t<\/div>\n\t\t\t\t<\/div>\n\t\t\t\t\t<\/div>\n\t\t\t\t<\/div>\n\t\t<div class=\"elementor-element elementor-element-f4306e1 e-flex e-con-boxed e-con e-parent\" data-id=\"f4306e1\" data-element_type=\"container\">\n\t\t\t\t\t<div class=\"e-con-inner\">\n\t\t<div class=\"elementor-element elementor-element-1ca7113 e-con-full e-flex e-con e-child\" data-id=\"1ca7113\" data-element_type=\"container\">\n\t\t\t\t<div class=\"elementor-element elementor-element-fe36366 elementor-widget elementor-widget-text-editor\" data-id=\"fe36366\" data-element_type=\"widget\" data-widget_type=\"text-editor.default\">\n\t\t\t\t<div class=\"elementor-widget-container\">\n\t\t\t\t\t\t\t\t\t<p>Chez Induquim, nous sommes engag\u00e9s dans la recherche, c&rsquo;est pourquoi nous d\u00e9veloppons continuellement de nouveaux produits en utilisant les technologies les plus r\u00e9centes. Nous sommes toujours \u00e0 la recherche de nouveaux programmes de nettoyage et de d\u00e9veloppement dans le secteur du nettoyage et de l&rsquo;hygi\u00e8ne. <\/p><p>Notre d\u00e9partement R+D+i d\u00e9veloppe les produits les plus innovants \u00e0 partir des meilleures mati\u00e8res premi\u00e8res afin de fournir des produits d&rsquo;excellente qualit\u00e9 et respectueux de l&rsquo;environnement.<\/p><p>Le d\u00e9partement se compose d&rsquo;un laboratoire de contr\u00f4le de la qualit\u00e9 et d&rsquo;un laboratoire de recherche et de d\u00e9veloppement de nouveaux produits, tous deux \u00e9quip\u00e9s d&rsquo;appareils de mesure et d&rsquo;essai ultramodernes. La qualit\u00e9 la plus \u00e9lev\u00e9e est v\u00e9rifi\u00e9e dans ces laboratoires conform\u00e9ment \u00e0 la norme ISO 9001:2008 certifi\u00e9e par AENOR. <\/p>\t\t\t\t\t\t\t\t<\/div>\n\t\t\t\t<\/div>\n\t\t\t\t<\/div>\n\t\t<div class=\"elementor-element elementor-element-2c9d141 e-con-full e-flex e-con e-child\" data-id=\"2c9d141\" data-element_type=\"container\">\n\t\t\t\t<div class=\"elementor-element elementor-element-6253aa9 elementor-widget elementor-widget-image\" data-id=\"6253aa9\" data-element_type=\"widget\" data-widget_type=\"image.default\">\n\t\t\t\t<div class=\"elementor-widget-container\">\n\t\t\t\t\t\t\t\t\t\t\t\t\t\t\t<img decoding=\"async\" width=\"700\" height=\"700\" src=\"https:\/\/induquim.com\/wp-content\/uploads\/2025\/03\/laboratorio_003_001.jpg\" class=\"attachment-full size-full wp-image-4684\" alt=\"\" srcset=\"https:\/\/induquim.com\/wp-content\/uploads\/2025\/03\/laboratorio_003_001.jpg 700w, https:\/\/induquim.com\/wp-content\/uploads\/2025\/03\/laboratorio_003_001-300x300.jpg 300w, https:\/\/induquim.com\/wp-content\/uploads\/2025\/03\/laboratorio_003_001-150x150.jpg 150w\" sizes=\"(max-width: 700px) 100vw, 700px\" \/>\t\t\t\t\t\t\t\t\t\t\t\t\t\t\t<\/div>\n\t\t\t\t<\/div>\n\t\t\t\t<div class=\"elementor-element elementor-element-2f7d3a2 elementor-widget elementor-widget-image\" data-id=\"2f7d3a2\" data-element_type=\"widget\" data-widget_type=\"image.default\">\n\t\t\t\t<div class=\"elementor-widget-container\">\n\t\t\t\t\t\t\t\t\t\t\t\t\t\t\t<img decoding=\"async\" width=\"700\" height=\"700\" src=\"https:\/\/induquim.com\/wp-content\/uploads\/2025\/03\/desinfectantes_2_002.jpg\" class=\"attachment-full size-full wp-image-4687\" alt=\"\" srcset=\"https:\/\/induquim.com\/wp-content\/uploads\/2025\/03\/desinfectantes_2_002.jpg 700w, https:\/\/induquim.com\/wp-content\/uploads\/2025\/03\/desinfectantes_2_002-300x300.jpg 300w, https:\/\/induquim.com\/wp-content\/uploads\/2025\/03\/desinfectantes_2_002-150x150.jpg 150w\" sizes=\"(max-width: 700px) 100vw, 700px\" \/>\t\t\t\t\t\t\t\t\t\t\t\t\t\t\t<\/div>\n\t\t\t\t<\/div>\n\t\t\t\t<\/div>\n\t\t\t\t\t<\/div>\n\t\t\t\t<\/div>\n\t\t\t\t<\/div>\n\t\t","protected":false},"excerpt":{"rendered":"<p>R + D + i Syst\u00e8mes Induquim Le d\u00e9partement R&amp;D&amp;I d&rsquo;Induquim d\u00e9veloppe des syst\u00e8mes et des produits concentr\u00e9s qui am\u00e9liorent l&rsquo;efficacit\u00e9 de ses plans de nettoyage, en r\u00e9duisant les co\u00fbts de tous les facteurs impliqu\u00e9s et en augmentant l&rsquo;efficacit\u00e9 des r\u00e9sultats d&rsquo;excellence, avec des crit\u00e8res de durabilit\u00e9 et de plus grande rentabilit\u00e9 pour ses clients. [&hellip;]<\/p>\n","protected":false},"author":1,"featured_media":0,"parent":11057,"menu_order":0,"comment_status":"closed","ping_status":"closed","template":"","meta":{"_acf_changed":false,"footnotes":""},"class_list":["post-11063","page","type-page","status-publish","hentry"],"acf":[],"_links":{"self":[{"href":"https:\/\/induquim.com\/fr\/wp-json\/wp\/v2\/pages\/11063","targetHints":{"allow":["GET"]}}],"collection":[{"href":"https:\/\/induquim.com\/fr\/wp-json\/wp\/v2\/pages"}],"about":[{"href":"https:\/\/induquim.com\/fr\/wp-json\/wp\/v2\/types\/page"}],"author":[{"embeddable":true,"href":"https:\/\/induquim.com\/fr\/wp-json\/wp\/v2\/users\/1"}],"replies":[{"embeddable":true,"href":"https:\/\/induquim.com\/fr\/wp-json\/wp\/v2\/comments?post=11063"}],"version-history":[{"count":1,"href":"https:\/\/induquim.com\/fr\/wp-json\/wp\/v2\/pages\/11063\/revisions"}],"predecessor-version":[{"id":11064,"href":"https:\/\/induquim.com\/fr\/wp-json\/wp\/v2\/pages\/11063\/revisions\/11064"}],"up":[{"embeddable":true,"href":"https:\/\/induquim.com\/fr\/wp-json\/wp\/v2\/pages\/11057"}],"wp:attachment":[{"href":"https:\/\/induquim.com\/fr\/wp-json\/wp\/v2\/media?parent=11063"}],"curies":[{"name":"wp","href":"https:\/\/api.w.org\/{rel}","templated":true}]}}