{"id":11066,"date":"2025-03-20T15:27:15","date_gmt":"2025-03-20T14:27:15","guid":{"rendered":"https:\/\/induquim.com\/entreprise\/conseils-et-formation\/"},"modified":"2025-05-29T12:26:23","modified_gmt":"2025-05-29T10:26:23","slug":"conseils-et-formation","status":"publish","type":"page","link":"https:\/\/induquim.com\/fr\/entreprise\/conseils-et-formation\/","title":{"rendered":"Conseils et formation"},"content":{"rendered":"\t\t<div data-elementor-type=\"wp-page\" data-elementor-id=\"11066\" class=\"elementor elementor-11066 elementor-2941\" data-elementor-post-type=\"page\">\n\t\t\t\t<div class=\"elementor-element elementor-element-9bb358a e-con-full e-flex e-con e-parent\" data-id=\"9bb358a\" data-element_type=\"container\" data-settings=\"{&quot;background_background&quot;:&quot;classic&quot;}\">\n\t\t\t\t<div class=\"elementor-element elementor-element-f927975 elementor-widget elementor-widget-heading\" data-id=\"f927975\" data-element_type=\"widget\" data-widget_type=\"heading.default\">\n\t\t\t\t<div class=\"elementor-widget-container\">\n\t\t\t\t\t<h1 class=\"elementor-heading-title elementor-size-default\">Conseils et formation<\/h1>\t\t\t\t<\/div>\n\t\t\t\t<\/div>\n\t\t\t\t<\/div>\n\t\t<div class=\"elementor-element elementor-element-563e013 e-flex e-con-boxed e-con e-parent\" data-id=\"563e013\" data-element_type=\"container\">\n\t\t\t\t\t<div class=\"e-con-inner\">\n\t\t\t\t<div class=\"elementor-element elementor-element-e941bec elementor-widget elementor-widget-heading\" data-id=\"e941bec\" data-element_type=\"widget\" data-widget_type=\"heading.default\">\n\t\t\t\t<div class=\"elementor-widget-container\">\n\t\t\t\t\t<h2 class=\"elementor-heading-title elementor-size-default\">Pourquoi Induquim est-il votre meilleur choix ?<\/h2>\t\t\t\t<\/div>\n\t\t\t\t<\/div>\n\t\t\t\t<div class=\"elementor-element elementor-element-6f2aa3a elementor-widget elementor-widget-image\" data-id=\"6f2aa3a\" data-element_type=\"widget\" data-widget_type=\"image.default\">\n\t\t\t\t<div class=\"elementor-widget-container\">\n\t\t\t\t\t\t\t\t\t\t\t\t\t\t\t<img fetchpriority=\"high\" decoding=\"async\" width=\"658\" height=\"77\" src=\"https:\/\/induquim.com\/wp-content\/uploads\/2025\/03\/induquim-su-mejor-opcion.jpg\" class=\"attachment-large size-large wp-image-4663\" alt=\"\" srcset=\"https:\/\/induquim.com\/wp-content\/uploads\/2025\/03\/induquim-su-mejor-opcion.jpg 658w, https:\/\/induquim.com\/wp-content\/uploads\/2025\/03\/induquim-su-mejor-opcion-300x35.jpg 300w\" sizes=\"(max-width: 658px) 100vw, 658px\" \/>\t\t\t\t\t\t\t\t\t\t\t\t\t\t\t<\/div>\n\t\t\t\t<\/div>\n\t\t\t\t<div class=\"elementor-element elementor-element-42749b8 elementor-widget elementor-widget-text-editor\" data-id=\"42749b8\" data-element_type=\"widget\" data-widget_type=\"text-editor.default\">\n\t\t\t\t<div class=\"elementor-widget-container\">\n\t\t\t\t\t\t\t\t\t<p>Nos sp\u00e9cialistes \u00e9tudient avec vous votre situation sp\u00e9cifique et les am\u00e9liorations, innovations et opportunit\u00e9s possibles.<\/p>\t\t\t\t\t\t\t\t<\/div>\n\t\t\t\t<\/div>\n\t\t\t\t\t<\/div>\n\t\t\t\t<\/div>\n\t\t<div class=\"elementor-element elementor-element-3f5e6c9 e-flex e-con-boxed e-con e-parent\" data-id=\"3f5e6c9\" data-element_type=\"container\">\n\t\t\t\t\t<div class=\"e-con-inner\">\n\t\t<div class=\"elementor-element elementor-element-c7ea2f9 e-con-full e-flex e-con e-child\" data-id=\"c7ea2f9\" data-element_type=\"container\">\n\t\t\t\t<div class=\"elementor-element elementor-element-ee84e82 elementor-widget elementor-widget-heading\" data-id=\"ee84e82\" data-element_type=\"widget\" data-widget_type=\"heading.default\">\n\t\t\t\t<div class=\"elementor-widget-container\">\n\t\t\t\t\t<h3 class=\"elementor-heading-title elementor-size-default\">Main dans la main avec nos clients<\/h3>\t\t\t\t<\/div>\n\t\t\t\t<\/div>\n\t\t\t\t<div class=\"elementor-element elementor-element-29f3a32 elementor-widget elementor-widget-text-editor\" data-id=\"29f3a32\" data-element_type=\"widget\" data-widget_type=\"text-editor.default\">\n\t\t\t\t<div class=\"elementor-widget-container\">\n\t\t\t\t\t\t\t\t\t<p>L&rsquo;\u00e9tude minutieuse et personnalis\u00e9e de nos clients et l&rsquo;obligation d&rsquo;am\u00e9lioration font d&rsquo;Induquim une entreprise proche et efficace. Nous vous offrons s\u00e9curit\u00e9 et engagement, ainsi que des produits de qualit\u00e9 sup\u00e9rieure. <\/p><p>La relation avec nos clients est toujours directe et personnelle. L&rsquo;objectif principal d&rsquo;Induquim est la satisfaction du client. Pour y parvenir, le soutien de nos distributeurs est essentiel, avec lesquels nous entretenons une relation bas\u00e9e sur la confiance et la loyaut\u00e9.  <\/p><p>Le contr\u00f4le de la qualit\u00e9 de nos produits et du service que nous offrons est la base sur laquelle repose l&rsquo;activit\u00e9 de l&rsquo;entreprise.<\/p>\t\t\t\t\t\t\t\t<\/div>\n\t\t\t\t<\/div>\n\t\t\t\t<\/div>\n\t\t<div class=\"elementor-element elementor-element-ae1b473 e-con-full e-flex e-con e-child\" data-id=\"ae1b473\" data-element_type=\"container\">\n\t\t\t\t<div class=\"elementor-element elementor-element-de64db2 elementor-widget elementor-widget-image\" data-id=\"de64db2\" data-element_type=\"widget\" data-widget_type=\"image.default\">\n\t\t\t\t<div class=\"elementor-widget-container\">\n\t\t\t\t\t\t\t\t\t\t\t\t\t\t\t<img decoding=\"async\" width=\"700\" height=\"700\" src=\"https:\/\/induquim.com\/wp-content\/uploads\/2025\/03\/presentacion_001_001.jpg\" class=\"attachment-full size-full wp-image-4678\" alt=\"\" srcset=\"https:\/\/induquim.com\/wp-content\/uploads\/2025\/03\/presentacion_001_001.jpg 700w, https:\/\/induquim.com\/wp-content\/uploads\/2025\/03\/presentacion_001_001-300x300.jpg 300w, https:\/\/induquim.com\/wp-content\/uploads\/2025\/03\/presentacion_001_001-150x150.jpg 150w\" sizes=\"(max-width: 700px) 100vw, 700px\" \/>\t\t\t\t\t\t\t\t\t\t\t\t\t\t\t<\/div>\n\t\t\t\t<\/div>\n\t\t\t\t<\/div>\n\t\t\t\t\t<\/div>\n\t\t\t\t<\/div>\n\t\t<div class=\"elementor-element elementor-element-ba66c92 e-flex e-con-boxed e-con e-parent\" data-id=\"ba66c92\" data-element_type=\"container\">\n\t\t\t\t\t<div class=\"e-con-inner\">\n\t\t<div class=\"elementor-element elementor-element-6776448 e-con-full e-flex e-con e-child\" data-id=\"6776448\" data-element_type=\"container\">\n\t\t\t\t<div class=\"elementor-element elementor-element-2e09512 elementor-widget elementor-widget-image\" data-id=\"2e09512\" data-element_type=\"widget\" data-widget_type=\"image.default\">\n\t\t\t\t<div class=\"elementor-widget-container\">\n\t\t\t\t\t\t\t\t\t\t\t\t\t\t\t<img decoding=\"async\" width=\"700\" height=\"700\" src=\"https:\/\/induquim.com\/wp-content\/uploads\/2025\/03\/esquemas_001_001.jpg\" class=\"attachment-full size-full wp-image-4675\" alt=\"\" srcset=\"https:\/\/induquim.com\/wp-content\/uploads\/2025\/03\/esquemas_001_001.jpg 700w, https:\/\/induquim.com\/wp-content\/uploads\/2025\/03\/esquemas_001_001-300x300.jpg 300w, https:\/\/induquim.com\/wp-content\/uploads\/2025\/03\/esquemas_001_001-150x150.jpg 150w\" sizes=\"(max-width: 700px) 100vw, 700px\" \/>\t\t\t\t\t\t\t\t\t\t\t\t\t\t\t<\/div>\n\t\t\t\t<\/div>\n\t\t\t\t<\/div>\n\t\t<div class=\"elementor-element elementor-element-d40a082 e-con-full e-flex e-con e-child\" data-id=\"d40a082\" data-element_type=\"container\">\n\t\t\t\t<div class=\"elementor-element elementor-element-fb59072 elementor-widget elementor-widget-heading\" data-id=\"fb59072\" data-element_type=\"widget\" data-widget_type=\"heading.default\">\n\t\t\t\t<div class=\"elementor-widget-container\">\n\t\t\t\t\t<h3 class=\"elementor-heading-title elementor-size-default\">Formations sur mesure<\/h3>\t\t\t\t<\/div>\n\t\t\t\t<\/div>\n\t\t\t\t<div class=\"elementor-element elementor-element-dfe685e elementor-widget elementor-widget-text-editor\" data-id=\"dfe685e\" data-element_type=\"widget\" data-widget_type=\"text-editor.default\">\n\t\t\t\t<div class=\"elementor-widget-container\">\n\t\t\t\t\t\t\t\t\t<p>Chez Induquim, nous connaissons l&rsquo;importance de la formation et de la connaissance des produits et de leur application.<\/p><p>Gr\u00e2ce \u00e0 nos experts dans les diff\u00e9rents domaines, nous proposons des cours de formation \u00e0 nos clients qui ont besoin d&rsquo;\u00eatre \u00e0 jour \u00e0 la fois dans la fabrication et dans les syst\u00e8mes et m\u00e9thodes de nettoyage de pointe.<\/p><p>Nous disposons de nos propres installations pour r\u00e9aliser ces cours et nous b\u00e9n\u00e9ficions d&rsquo;une excellente infrastructure de mat\u00e9riel technologique pour r\u00e9aliser les cours de formation de mani\u00e8re dynamique et fonctionnelle.<\/p>\t\t\t\t\t\t\t\t<\/div>\n\t\t\t\t<\/div>\n\t\t\t\t<\/div>\n\t\t\t\t\t<\/div>\n\t\t\t\t<\/div>\n\t\t\t\t<\/div>\n\t\t","protected":false},"excerpt":{"rendered":"<p>Conseils et formation Pourquoi Induquim est-il votre meilleur choix ? Nos sp\u00e9cialistes \u00e9tudient avec vous votre situation sp\u00e9cifique et les am\u00e9liorations, innovations et opportunit\u00e9s possibles. Main dans la main avec nos clients L&rsquo;\u00e9tude minutieuse et personnalis\u00e9e de nos clients et l&rsquo;obligation d&rsquo;am\u00e9lioration font d&rsquo;Induquim une entreprise proche et efficace. Nous vous offrons s\u00e9curit\u00e9 et engagement, [&hellip;]<\/p>\n","protected":false},"author":1,"featured_media":0,"parent":11057,"menu_order":0,"comment_status":"closed","ping_status":"closed","template":"","meta":{"_acf_changed":false,"footnotes":""},"class_list":["post-11066","page","type-page","status-publish","hentry"],"acf":[],"_links":{"self":[{"href":"https:\/\/induquim.com\/fr\/wp-json\/wp\/v2\/pages\/11066","targetHints":{"allow":["GET"]}}],"collection":[{"href":"https:\/\/induquim.com\/fr\/wp-json\/wp\/v2\/pages"}],"about":[{"href":"https:\/\/induquim.com\/fr\/wp-json\/wp\/v2\/types\/page"}],"author":[{"embeddable":true,"href":"https:\/\/induquim.com\/fr\/wp-json\/wp\/v2\/users\/1"}],"replies":[{"embeddable":true,"href":"https:\/\/induquim.com\/fr\/wp-json\/wp\/v2\/comments?post=11066"}],"version-history":[{"count":1,"href":"https:\/\/induquim.com\/fr\/wp-json\/wp\/v2\/pages\/11066\/revisions"}],"predecessor-version":[{"id":11067,"href":"https:\/\/induquim.com\/fr\/wp-json\/wp\/v2\/pages\/11066\/revisions\/11067"}],"up":[{"embeddable":true,"href":"https:\/\/induquim.com\/fr\/wp-json\/wp\/v2\/pages\/11057"}],"wp:attachment":[{"href":"https:\/\/induquim.com\/fr\/wp-json\/wp\/v2\/media?parent=11066"}],"curies":[{"name":"wp","href":"https:\/\/api.w.org\/{rel}","templated":true}]}}