{"id":11070,"date":"2025-03-20T11:58:16","date_gmt":"2025-03-20T10:58:16","guid":{"rendered":"https:\/\/induquim.com\/entreprise\/pourquoi-induquim\/"},"modified":"2025-05-29T12:27:18","modified_gmt":"2025-05-29T10:27:18","slug":"pourquoi-induquim","status":"publish","type":"page","link":"https:\/\/induquim.com\/fr\/entreprise\/pourquoi-induquim\/","title":{"rendered":"Pourquoi Induquim ?"},"content":{"rendered":"\t\t<div data-elementor-type=\"wp-page\" data-elementor-id=\"11070\" class=\"elementor elementor-11070 elementor-2906\" data-elementor-post-type=\"page\">\n\t\t\t\t<div class=\"elementor-element elementor-element-0fd66f2 e-con-full e-flex e-con e-parent\" data-id=\"0fd66f2\" data-element_type=\"container\" data-settings=\"{&quot;background_background&quot;:&quot;classic&quot;}\">\n\t\t\t\t<div class=\"elementor-element elementor-element-294c940 elementor-widget elementor-widget-heading\" data-id=\"294c940\" data-element_type=\"widget\" data-widget_type=\"heading.default\">\n\t\t\t\t<div class=\"elementor-widget-container\">\n\t\t\t\t\t<h1 class=\"elementor-heading-title elementor-size-default\">Pourquoi Induquim ?<\/h1>\t\t\t\t<\/div>\n\t\t\t\t<\/div>\n\t\t\t\t<\/div>\n\t\t<div class=\"elementor-element elementor-element-22b56b6 e-flex e-con-boxed e-con e-parent\" data-id=\"22b56b6\" data-element_type=\"container\">\n\t\t\t\t\t<div class=\"e-con-inner\">\n\t\t\t\t<div class=\"elementor-element elementor-element-6f3f974 elementor-widget elementor-widget-heading\" data-id=\"6f3f974\" data-element_type=\"widget\" data-widget_type=\"heading.default\">\n\t\t\t\t<div class=\"elementor-widget-container\">\n\t\t\t\t\t<h2 class=\"elementor-heading-title elementor-size-default\">Pourquoi Induquim est-il votre meilleur choix ?<\/h2>\t\t\t\t<\/div>\n\t\t\t\t<\/div>\n\t\t\t\t<div class=\"elementor-element elementor-element-131c507 elementor-widget elementor-widget-image\" data-id=\"131c507\" data-element_type=\"widget\" data-widget_type=\"image.default\">\n\t\t\t\t<div class=\"elementor-widget-container\">\n\t\t\t\t\t\t\t\t\t\t\t\t\t\t\t<img fetchpriority=\"high\" decoding=\"async\" width=\"658\" height=\"77\" src=\"https:\/\/induquim.com\/wp-content\/uploads\/2025\/03\/induquim-su-mejor-opcion.jpg\" class=\"attachment-large size-large wp-image-4663\" alt=\"\" srcset=\"https:\/\/induquim.com\/wp-content\/uploads\/2025\/03\/induquim-su-mejor-opcion.jpg 658w, https:\/\/induquim.com\/wp-content\/uploads\/2025\/03\/induquim-su-mejor-opcion-300x35.jpg 300w\" sizes=\"(max-width: 658px) 100vw, 658px\" \/>\t\t\t\t\t\t\t\t\t\t\t\t\t\t\t<\/div>\n\t\t\t\t<\/div>\n\t\t\t\t<div class=\"elementor-element elementor-element-d7910d9 elementor-widget elementor-widget-text-editor\" data-id=\"d7910d9\" data-element_type=\"widget\" data-widget_type=\"text-editor.default\">\n\t\t\t\t<div class=\"elementor-widget-container\">\n\t\t\t\t\t\t\t\t\t<p>Parce que nous sommes la passion, la recherche, la technologie et la durabilit\u00e9 dans les plans de nettoyage professionnel avec une vocation de service \u00e0 chacun de nos clients.<\/p>\t\t\t\t\t\t\t\t<\/div>\n\t\t\t\t<\/div>\n\t\t\t\t\t<\/div>\n\t\t\t\t<\/div>\n\t\t<div class=\"elementor-element elementor-element-e7a1fb7 e-flex e-con-boxed e-con e-parent\" data-id=\"e7a1fb7\" data-element_type=\"container\">\n\t\t\t\t\t<div class=\"e-con-inner\">\n\t\t<div class=\"elementor-element elementor-element-4482a2a e-con-full e-flex e-con e-child\" data-id=\"4482a2a\" data-element_type=\"container\">\n\t\t\t\t<div class=\"elementor-element elementor-element-8156e8d elementor-widget elementor-widget-heading\" data-id=\"8156e8d\" data-element_type=\"widget\" data-widget_type=\"heading.default\">\n\t\t\t\t<div class=\"elementor-widget-container\">\n\t\t\t\t\t<h3 class=\"elementor-heading-title elementor-size-default\">Plus de 30 ans d'innovation et d'exp\u00e9rience<\/h3>\t\t\t\t<\/div>\n\t\t\t\t<\/div>\n\t\t\t\t<div class=\"elementor-element elementor-element-1dd4b6d elementor-widget elementor-widget-text-editor\" data-id=\"1dd4b6d\" data-element_type=\"widget\" data-widget_type=\"text-editor.default\">\n\t\t\t\t<div class=\"elementor-widget-container\">\n\t\t\t\t\t\t\t\t\t<p><strong>Fond\u00e9e par Ana Chicharro et Jer\u00f3nimo Arija, Induquim<\/strong> a commenc\u00e9 son parcours en 1994 en int\u00e9grant l&rsquo;exp\u00e9rience des professionnels du secteur \u00e0 l&rsquo;innovation et aux derni\u00e8res technologies dans l&rsquo;\u00e9volution des processus de nettoyage professionnel.<\/p>\t\t\t\t\t\t\t\t<\/div>\n\t\t\t\t<\/div>\n\t\t\t\t<div class=\"elementor-element elementor-element-a20bddf elementor-widget elementor-widget-heading\" data-id=\"a20bddf\" data-element_type=\"widget\" data-widget_type=\"heading.default\">\n\t\t\t\t<div class=\"elementor-widget-container\">\n\t\t\t\t\t<h3 class=\"elementor-heading-title elementor-size-default\">R&amp;D&amp;I avec nos clients<\/h3>\t\t\t\t<\/div>\n\t\t\t\t<\/div>\n\t\t\t\t<div class=\"elementor-element elementor-element-fe60332 elementor-widget elementor-widget-text-editor\" data-id=\"fe60332\" data-element_type=\"widget\" data-widget_type=\"text-editor.default\">\n\t\t\t\t<div class=\"elementor-widget-container\">\n\t\t\t\t\t\t\t\t\t<p>Depuis lors, en collaboration avec nos clients et dans un souci d&rsquo;am\u00e9lioration continue, le d\u00e9partement R&amp;D&amp;I d&rsquo;Induquim d\u00e9veloppe des formules, des syst\u00e8mes, des produits, des programmes et des services pour am\u00e9liorer tous les r\u00e9sultats et la rentabilit\u00e9 du nettoyage professionnel, en fournissant les solutions les plus innovantes, les plus efficaces et les plus performantes, d&rsquo;excellents r\u00e9sultats au moindre co\u00fbt.<\/p>\t\t\t\t\t\t\t\t<\/div>\n\t\t\t\t<\/div>\n\t\t\t\t<div class=\"elementor-element elementor-element-581f1cc elementor-widget elementor-widget-heading\" data-id=\"581f1cc\" data-element_type=\"widget\" data-widget_type=\"heading.default\">\n\t\t\t\t<div class=\"elementor-widget-container\">\n\t\t\t\t\t<h3 class=\"elementor-heading-title elementor-size-default\">Formation sur mesure<\/h3>\t\t\t\t<\/div>\n\t\t\t\t<\/div>\n\t\t\t\t<div class=\"elementor-element elementor-element-351399f elementor-widget elementor-widget-text-editor\" data-id=\"351399f\" data-element_type=\"widget\" data-widget_type=\"text-editor.default\">\n\t\t\t\t<div class=\"elementor-widget-container\">\n\t\t\t\t\t\t\t\t\t<p>Nous partageons nos connaissances et notre exp\u00e9rience dans le cadre de cours de formation sur les nouveaux produits, les syst\u00e8mes, les produits et les nouvelles techniques de nettoyage \u00e0 l&rsquo;intention des responsables et des professionnels.<\/p>\t\t\t\t\t\t\t\t<\/div>\n\t\t\t\t<\/div>\n\t\t\t\t<\/div>\n\t\t<div class=\"elementor-element elementor-element-7c7cc3b e-con-full e-flex e-con e-child\" data-id=\"7c7cc3b\" data-element_type=\"container\">\n\t\t\t\t<div class=\"elementor-element elementor-element-9f91d07 elementor-widget elementor-widget-heading\" data-id=\"9f91d07\" data-element_type=\"widget\" data-widget_type=\"heading.default\">\n\t\t\t\t<div class=\"elementor-widget-container\">\n\t\t\t\t\t<h3 class=\"elementor-heading-title elementor-size-default\">La technologie espagnole au service du monde<\/h3>\t\t\t\t<\/div>\n\t\t\t\t<\/div>\n\t\t\t\t<div class=\"elementor-element elementor-element-c9f0c17 elementor-widget elementor-widget-text-editor\" data-id=\"c9f0c17\" data-element_type=\"widget\" data-widget_type=\"text-editor.default\">\n\t\t\t\t<div class=\"elementor-widget-container\">\n\t\t\t\t\t\t\t\t\t<p>Induquim, pr\u00e9sent dans plus de 20 pays, exporte dans le monde entier le talent, la qualit\u00e9 et la technologie espagnole, tant dans les produits que dans les syst\u00e8mes et brevets de nettoyage professionnel.<\/p>\t\t\t\t\t\t\t\t<\/div>\n\t\t\t\t<\/div>\n\t\t\t\t<div class=\"elementor-element elementor-element-acd8ad7 elementor-widget elementor-widget-heading\" data-id=\"acd8ad7\" data-element_type=\"widget\" data-widget_type=\"heading.default\">\n\t\t\t\t<div class=\"elementor-widget-container\">\n\t\t\t\t\t<h3 class=\"elementor-heading-title elementor-size-default\">Qualit\u00e9 et environnement<\/h3>\t\t\t\t<\/div>\n\t\t\t\t<\/div>\n\t\t\t\t<div class=\"elementor-element elementor-element-9552473 elementor-widget elementor-widget-text-editor\" data-id=\"9552473\" data-element_type=\"widget\" data-widget_type=\"text-editor.default\">\n\t\t\t\t<div class=\"elementor-widget-container\">\n\t\t\t\t\t\t\t\t\t<p>Nous offrons la meilleure qualit\u00e9 et le plus grand respect de l&rsquo;environnement, en plus d&rsquo;une stricte conformit\u00e9 aux normes de l&rsquo;Union europ\u00e9enne et de notre engagement moral et d&rsquo;entreprise en faveur du d\u00e9veloppement durable.<\/p>\t\t\t\t\t\t\t\t<\/div>\n\t\t\t\t<\/div>\n\t\t\t\t<div class=\"elementor-element elementor-element-0b56498 elementor-widget__width-initial elementor-widget elementor-widget-text-editor\" data-id=\"0b56498\" data-element_type=\"widget\" data-widget_type=\"text-editor.default\">\n\t\t\t\t<div class=\"elementor-widget-container\">\n\t\t\t\t\t\t\t\t\t<p>Pourquoi Induquim ?<br>Parce que notre succ\u00e8s est le succ\u00e8s de nos clients<\/p>\t\t\t\t\t\t\t\t<\/div>\n\t\t\t\t<\/div>\n\t\t\t\t<\/div>\n\t\t\t\t\t<\/div>\n\t\t\t\t<\/div>\n\t\t\t\t<\/div>\n\t\t","protected":false},"excerpt":{"rendered":"<p>Pourquoi Induquim ? Pourquoi Induquim est-il votre meilleur choix ? Parce que nous sommes la passion, la recherche, la technologie et la durabilit\u00e9 dans les plans de nettoyage professionnel avec une vocation de service \u00e0 chacun de nos clients. Plus de 30 ans d&rsquo;innovation et d&rsquo;exp\u00e9rience Fond\u00e9e par Ana Chicharro et Jer\u00f3nimo Arija, Induquim a [&hellip;]<\/p>\n","protected":false},"author":1,"featured_media":0,"parent":11057,"menu_order":0,"comment_status":"closed","ping_status":"closed","template":"","meta":{"_acf_changed":false,"footnotes":""},"class_list":["post-11070","page","type-page","status-publish","hentry"],"acf":[],"_links":{"self":[{"href":"https:\/\/induquim.com\/fr\/wp-json\/wp\/v2\/pages\/11070","targetHints":{"allow":["GET"]}}],"collection":[{"href":"https:\/\/induquim.com\/fr\/wp-json\/wp\/v2\/pages"}],"about":[{"href":"https:\/\/induquim.com\/fr\/wp-json\/wp\/v2\/types\/page"}],"author":[{"embeddable":true,"href":"https:\/\/induquim.com\/fr\/wp-json\/wp\/v2\/users\/1"}],"replies":[{"embeddable":true,"href":"https:\/\/induquim.com\/fr\/wp-json\/wp\/v2\/comments?post=11070"}],"version-history":[{"count":1,"href":"https:\/\/induquim.com\/fr\/wp-json\/wp\/v2\/pages\/11070\/revisions"}],"predecessor-version":[{"id":11071,"href":"https:\/\/induquim.com\/fr\/wp-json\/wp\/v2\/pages\/11070\/revisions\/11071"}],"up":[{"embeddable":true,"href":"https:\/\/induquim.com\/fr\/wp-json\/wp\/v2\/pages\/11057"}],"wp:attachment":[{"href":"https:\/\/induquim.com\/fr\/wp-json\/wp\/v2\/media?parent=11070"}],"curies":[{"name":"wp","href":"https:\/\/api.w.org\/{rel}","templated":true}]}}