{"id":11147,"date":"2025-04-24T13:33:31","date_gmt":"2025-04-24T11:33:31","guid":{"rendered":"https:\/\/induquim.com\/industria-alimentar\/hipermercados\/"},"modified":"2025-05-29T12:53:46","modified_gmt":"2025-05-29T10:53:46","slug":"hipermercados","status":"publish","type":"page","link":"https:\/\/induquim.com\/pt-pt\/industria-alimentar\/hipermercados\/","title":{"rendered":"Hipermercados"},"content":{"rendered":"\t\t<div data-elementor-type=\"wp-page\" data-elementor-id=\"11147\" class=\"elementor elementor-11147 elementor-8367\" data-elementor-post-type=\"page\">\n\t\t\t\t<div class=\"elementor-element elementor-element-1fb13e5 e-con-full e-flex e-con e-parent\" data-id=\"1fb13e5\" data-element_type=\"container\" data-settings=\"{&quot;background_background&quot;:&quot;classic&quot;}\">\n\t\t\t\t<div class=\"elementor-element elementor-element-ae198fd elementor-widget elementor-widget-image\" data-id=\"ae198fd\" data-element_type=\"widget\" data-widget_type=\"image.default\">\n\t\t\t\t<div class=\"elementor-widget-container\">\n\t\t\t\t\t\t\t\t\t\t\t\t\t\t\t\t<a href=\"https:\/\/induquim.com\/pt-pt\/divisoes\/massfood-pt-pt\/\">\n\t\t\t\t\t\t\t<img fetchpriority=\"high\" decoding=\"async\" width=\"517\" height=\"152\" src=\"https:\/\/induquim.com\/wp-content\/uploads\/2025\/04\/massfood.png\" class=\"attachment-full size-full wp-image-8345\" alt=\"Massfood logo\" srcset=\"https:\/\/induquim.com\/wp-content\/uploads\/2025\/04\/massfood.png 517w, https:\/\/induquim.com\/wp-content\/uploads\/2025\/04\/massfood-300x88.png 300w\" sizes=\"(max-width: 517px) 100vw, 517px\" \/>\t\t\t\t\t\t\t\t<\/a>\n\t\t\t\t\t\t\t\t\t\t\t\t\t\t\t<\/div>\n\t\t\t\t<\/div>\n\t\t\t\t<\/div>\n\t\t<div class=\"elementor-element elementor-element-f06de23 e-flex e-con-boxed e-con e-parent\" data-id=\"f06de23\" data-element_type=\"container\">\n\t\t\t\t\t<div class=\"e-con-inner\">\n\t\t\t\t<div class=\"elementor-element elementor-element-de886ad elementor-widget elementor-widget-heading\" data-id=\"de886ad\" data-element_type=\"widget\" data-widget_type=\"heading.default\">\n\t\t\t\t<div class=\"elementor-widget-container\">\n\t\t\t\t\t<h1 class=\"elementor-heading-title elementor-size-default\">Hipermercados<\/h1>\t\t\t\t<\/div>\n\t\t\t\t<\/div>\n\t\t\t\t<div class=\"elementor-element elementor-element-d6efb1f elementor-widget elementor-widget-image\" data-id=\"d6efb1f\" data-element_type=\"widget\" data-widget_type=\"image.default\">\n\t\t\t\t<div class=\"elementor-widget-container\">\n\t\t\t\t\t\t\t\t\t\t\t\t\t\t\t<img decoding=\"async\" width=\"177\" height=\"177\" src=\"https:\/\/induquim.com\/wp-content\/uploads\/2025\/04\/massfood-hipermercados.png\" class=\"attachment-full size-full wp-image-8478\" alt=\"Massfood hipermercados icono\" srcset=\"https:\/\/induquim.com\/wp-content\/uploads\/2025\/04\/massfood-hipermercados.png 177w, https:\/\/induquim.com\/wp-content\/uploads\/2025\/04\/massfood-hipermercados-150x150.png 150w\" sizes=\"(max-width: 177px) 100vw, 177px\" \/>\t\t\t\t\t\t\t\t\t\t\t\t\t\t\t<\/div>\n\t\t\t\t<\/div>\n\t\t\t\t<div class=\"elementor-element elementor-element-5da4bca elementor-widget elementor-widget-text-editor\" data-id=\"5da4bca\" data-element_type=\"widget\" data-widget_type=\"text-editor.default\">\n\t\t\t\t<div class=\"elementor-widget-container\">\n\t\t\t\t\t\t\t\t\t<p>Os h\u00e1bitos de compra e de consumo actuais fizeram dos grandes hipermercados uma parte importante da vida urbana.<\/p><p>Estes centros disp\u00f5em de armaz\u00e9ns e de grandes prateleiras que vendem produtos frescos, refrigerados e congelados e, na sua maioria, oferecem carnes e salsichas cortadas ou preparadas na hora, peixe fresco, pastelaria cozinhada na hora e, cada vez mais, uma vasta gama de alimentos prontos a consumir.<\/p><p>Por todas estas raz\u00f5es, a limpeza e a desinfe\u00e7\u00e3o nestes centros devem ser tratadas como \u201cpequenas ind\u00fastrias\u201d dentro dos pr\u00f3prios hipermercados, onde a pulveriza\u00e7\u00e3o de uma espuma consistente ou a dilui\u00e7\u00e3o controlada de desinfectantes nas \u00e1reas de venda s\u00e3o fundamentais. Devido \u00e0 elevada rota\u00e7\u00e3o do pessoal, \u00e9 essencial um servi\u00e7o completo de forma\u00e7\u00e3o e auditoria nestes centros para garantir a correta execu\u00e7\u00e3o dos processos de limpeza. <\/p>\t\t\t\t\t\t\t\t<\/div>\n\t\t\t\t<\/div>\n\t\t\t\t<div class=\"elementor-element elementor-element-557ecf7 elementor-widget elementor-widget-image\" data-id=\"557ecf7\" data-element_type=\"widget\" data-widget_type=\"image.default\">\n\t\t\t\t<div class=\"elementor-widget-container\">\n\t\t\t\t\t\t\t\t\t\t\t\t\t\t\t<img decoding=\"async\" width=\"800\" height=\"488\" src=\"https:\/\/induquim.com\/wp-content\/uploads\/2025\/04\/massfood-hipermercados-1024x624.jpg\" class=\"attachment-large size-large wp-image-8474\" alt=\"Massfood hipermercados\" srcset=\"https:\/\/induquim.com\/wp-content\/uploads\/2025\/04\/massfood-hipermercados-1024x624.jpg 1024w, https:\/\/induquim.com\/wp-content\/uploads\/2025\/04\/massfood-hipermercados-300x183.jpg 300w, https:\/\/induquim.com\/wp-content\/uploads\/2025\/04\/massfood-hipermercados-768x468.jpg 768w, https:\/\/induquim.com\/wp-content\/uploads\/2025\/04\/massfood-hipermercados.jpg 1280w\" sizes=\"(max-width: 800px) 100vw, 800px\" \/>\t\t\t\t\t\t\t\t\t\t\t\t\t\t\t<\/div>\n\t\t\t\t<\/div>\n\t\t\t\t\t<\/div>\n\t\t\t\t<\/div>\n\t\t\t\t<\/div>\n\t\t","protected":false},"excerpt":{"rendered":"<p>Hipermercados Os h\u00e1bitos de compra e de consumo actuais fizeram dos grandes hipermercados uma parte importante da vida urbana. Estes centros disp\u00f5em de armaz\u00e9ns e de grandes prateleiras que vendem produtos frescos, refrigerados e congelados e, na sua maioria, oferecem carnes e salsichas cortadas ou preparadas na hora, peixe fresco, pastelaria cozinhada na hora e, [&hellip;]<\/p>\n","protected":false},"author":1,"featured_media":0,"parent":11145,"menu_order":0,"comment_status":"closed","ping_status":"closed","template":"","meta":{"_acf_changed":false,"footnotes":""},"class_list":["post-11147","page","type-page","status-publish","hentry"],"acf":[],"_links":{"self":[{"href":"https:\/\/induquim.com\/pt-pt\/wp-json\/wp\/v2\/pages\/11147","targetHints":{"allow":["GET"]}}],"collection":[{"href":"https:\/\/induquim.com\/pt-pt\/wp-json\/wp\/v2\/pages"}],"about":[{"href":"https:\/\/induquim.com\/pt-pt\/wp-json\/wp\/v2\/types\/page"}],"author":[{"embeddable":true,"href":"https:\/\/induquim.com\/pt-pt\/wp-json\/wp\/v2\/users\/1"}],"replies":[{"embeddable":true,"href":"https:\/\/induquim.com\/pt-pt\/wp-json\/wp\/v2\/comments?post=11147"}],"version-history":[{"count":1,"href":"https:\/\/induquim.com\/pt-pt\/wp-json\/wp\/v2\/pages\/11147\/revisions"}],"predecessor-version":[{"id":11148,"href":"https:\/\/induquim.com\/pt-pt\/wp-json\/wp\/v2\/pages\/11147\/revisions\/11148"}],"up":[{"embeddable":true,"href":"https:\/\/induquim.com\/pt-pt\/wp-json\/wp\/v2\/pages\/11145"}],"wp:attachment":[{"href":"https:\/\/induquim.com\/pt-pt\/wp-json\/wp\/v2\/media?parent=11147"}],"curies":[{"name":"wp","href":"https:\/\/api.w.org\/{rel}","templated":true}]}}