{"id":11151,"date":"2025-04-24T13:33:18","date_gmt":"2025-04-24T11:33:18","guid":{"rendered":"https:\/\/induquim.com\/industria-alimentar\/frutas-e-legumes\/"},"modified":"2025-05-29T12:54:20","modified_gmt":"2025-05-29T10:54:20","slug":"frutas-e-legumes","status":"publish","type":"page","link":"https:\/\/induquim.com\/pt-pt\/industria-alimentar\/frutas-e-legumes\/","title":{"rendered":"Frutas e legumes"},"content":{"rendered":"\t\t<div data-elementor-type=\"wp-page\" data-elementor-id=\"11151\" class=\"elementor elementor-11151 elementor-8366\" data-elementor-post-type=\"page\">\n\t\t\t\t<div class=\"elementor-element elementor-element-1fb13e5 e-con-full e-flex e-con e-parent\" data-id=\"1fb13e5\" data-element_type=\"container\" data-settings=\"{&quot;background_background&quot;:&quot;classic&quot;}\">\n\t\t\t\t<div class=\"elementor-element elementor-element-ae198fd elementor-widget elementor-widget-image\" data-id=\"ae198fd\" data-element_type=\"widget\" data-widget_type=\"image.default\">\n\t\t\t\t<div class=\"elementor-widget-container\">\n\t\t\t\t\t\t\t\t\t\t\t\t\t\t\t\t<a href=\"https:\/\/induquim.com\/pt-pt\/divisoes\/massfood-pt-pt\/\">\n\t\t\t\t\t\t\t<img fetchpriority=\"high\" decoding=\"async\" width=\"517\" height=\"152\" src=\"https:\/\/induquim.com\/wp-content\/uploads\/2025\/04\/massfood.png\" class=\"attachment-full size-full wp-image-8345\" alt=\"Massfood logo\" srcset=\"https:\/\/induquim.com\/wp-content\/uploads\/2025\/04\/massfood.png 517w, https:\/\/induquim.com\/wp-content\/uploads\/2025\/04\/massfood-300x88.png 300w\" sizes=\"(max-width: 517px) 100vw, 517px\" \/>\t\t\t\t\t\t\t\t<\/a>\n\t\t\t\t\t\t\t\t\t\t\t\t\t\t\t<\/div>\n\t\t\t\t<\/div>\n\t\t\t\t<\/div>\n\t\t<div class=\"elementor-element elementor-element-f06de23 e-flex e-con-boxed e-con e-parent\" data-id=\"f06de23\" data-element_type=\"container\">\n\t\t\t\t\t<div class=\"e-con-inner\">\n\t\t\t\t<div class=\"elementor-element elementor-element-de886ad elementor-widget elementor-widget-heading\" data-id=\"de886ad\" data-element_type=\"widget\" data-widget_type=\"heading.default\">\n\t\t\t\t<div class=\"elementor-widget-container\">\n\t\t\t\t\t<h1 class=\"elementor-heading-title elementor-size-default\">Frutas e legumes<\/h1>\t\t\t\t<\/div>\n\t\t\t\t<\/div>\n\t\t\t\t<div class=\"elementor-element elementor-element-d6efb1f elementor-widget elementor-widget-image\" data-id=\"d6efb1f\" data-element_type=\"widget\" data-widget_type=\"image.default\">\n\t\t\t\t<div class=\"elementor-widget-container\">\n\t\t\t\t\t\t\t\t\t\t\t\t\t\t\t<img decoding=\"async\" width=\"881\" height=\"177\" src=\"https:\/\/induquim.com\/wp-content\/uploads\/2025\/04\/massfood-frutas-hortalizas.png\" class=\"attachment-full size-full wp-image-8486\" alt=\"Massfood datos frutas y hortalizas\" srcset=\"https:\/\/induquim.com\/wp-content\/uploads\/2025\/04\/massfood-frutas-hortalizas.png 881w, https:\/\/induquim.com\/wp-content\/uploads\/2025\/04\/massfood-frutas-hortalizas-300x60.png 300w, https:\/\/induquim.com\/wp-content\/uploads\/2025\/04\/massfood-frutas-hortalizas-768x154.png 768w\" sizes=\"(max-width: 881px) 100vw, 881px\" \/>\t\t\t\t\t\t\t\t\t\t\t\t\t\t\t<\/div>\n\t\t\t\t<\/div>\n\t\t\t\t<div class=\"elementor-element elementor-element-5da4bca elementor-widget elementor-widget-text-editor\" data-id=\"5da4bca\" data-element_type=\"widget\" data-widget_type=\"text-editor.default\">\n\t\t\t\t<div class=\"elementor-widget-container\">\n\t\t\t\t\t\t\t\t\t<p>O sector da prepara\u00e7\u00e3o e conserva\u00e7\u00e3o de frutas e legumes \u00e9 o terceiro sector mais importante da ind\u00fastria agroalimentar em Espanha e, juntamente com a It\u00e1lia, representa mais de 40% da UE e 30% das terras agr\u00edcolas europeias, sendo o mais importante dinamizador da vida rural.<\/p><p>\u00c9 um sector em crescimento devido aos h\u00e1bitos de consumo saud\u00e1veis que a sociedade est\u00e1 a adquirir e que fornece mat\u00e9rias-primas ao resto da ind\u00fastria alimentar para alimentos transformados e produtos preparados.<\/p><p>A limpeza nesta ind\u00fastria envolve processos simples de L&amp;D em tapetes transportadores, classificadores, c\u00e2maras, superf\u00edcies, etc., e alguns processos mais complexos em f\u00e1bricas de produtos processados, como concentrados de fruta, onde pode haver sistemas CIP com tanques e pasteurizadores, ou na produ\u00e7\u00e3o de conservas onde tamb\u00e9m h\u00e1 v\u00e1rias m\u00e1quinas de lavar, m\u00e1quinas de descascar, etc.<\/p><p>Os regulamentos de exporta\u00e7\u00e3o para os pa\u00edses anglo-sax\u00f3nicos, principalmente, limitam certos ingredientes activos biocidas, como os QUAT&#8217;S, para os quais a induquim tem uma gama de desinfectantes \u00e0 base de aminas terci\u00e1rias.<\/p>\t\t\t\t\t\t\t\t<\/div>\n\t\t\t\t<\/div>\n\t\t\t\t<div class=\"elementor-element elementor-element-557ecf7 elementor-widget elementor-widget-image\" data-id=\"557ecf7\" data-element_type=\"widget\" data-widget_type=\"image.default\">\n\t\t\t\t<div class=\"elementor-widget-container\">\n\t\t\t\t\t\t\t\t\t\t\t\t\t\t\t<img decoding=\"async\" width=\"800\" height=\"347\" src=\"https:\/\/induquim.com\/wp-content\/uploads\/2025\/04\/massfood-frutas-hortalizas-1024x444.jpg\" class=\"attachment-large size-large wp-image-8482\" alt=\"Massfood frutas y hortalizas\" srcset=\"https:\/\/induquim.com\/wp-content\/uploads\/2025\/04\/massfood-frutas-hortalizas-1024x444.jpg 1024w, https:\/\/induquim.com\/wp-content\/uploads\/2025\/04\/massfood-frutas-hortalizas-300x130.jpg 300w, https:\/\/induquim.com\/wp-content\/uploads\/2025\/04\/massfood-frutas-hortalizas-768x333.jpg 768w, https:\/\/induquim.com\/wp-content\/uploads\/2025\/04\/massfood-frutas-hortalizas.jpg 1280w\" sizes=\"(max-width: 800px) 100vw, 800px\" \/>\t\t\t\t\t\t\t\t\t\t\t\t\t\t\t<\/div>\n\t\t\t\t<\/div>\n\t\t\t\t\t<\/div>\n\t\t\t\t<\/div>\n\t\t\t\t<\/div>\n\t\t","protected":false},"excerpt":{"rendered":"<p>Frutas e legumes O sector da prepara\u00e7\u00e3o e conserva\u00e7\u00e3o de frutas e legumes \u00e9 o terceiro sector mais importante da ind\u00fastria agroalimentar em Espanha e, juntamente com a It\u00e1lia, representa mais de 40% da UE e 30% das terras agr\u00edcolas europeias, sendo o mais importante dinamizador da vida rural. \u00c9 um sector em crescimento devido [&hellip;]<\/p>\n","protected":false},"author":1,"featured_media":0,"parent":11145,"menu_order":0,"comment_status":"closed","ping_status":"closed","template":"","meta":{"_acf_changed":false,"footnotes":""},"class_list":["post-11151","page","type-page","status-publish","hentry"],"acf":[],"_links":{"self":[{"href":"https:\/\/induquim.com\/pt-pt\/wp-json\/wp\/v2\/pages\/11151","targetHints":{"allow":["GET"]}}],"collection":[{"href":"https:\/\/induquim.com\/pt-pt\/wp-json\/wp\/v2\/pages"}],"about":[{"href":"https:\/\/induquim.com\/pt-pt\/wp-json\/wp\/v2\/types\/page"}],"author":[{"embeddable":true,"href":"https:\/\/induquim.com\/pt-pt\/wp-json\/wp\/v2\/users\/1"}],"replies":[{"embeddable":true,"href":"https:\/\/induquim.com\/pt-pt\/wp-json\/wp\/v2\/comments?post=11151"}],"version-history":[{"count":1,"href":"https:\/\/induquim.com\/pt-pt\/wp-json\/wp\/v2\/pages\/11151\/revisions"}],"predecessor-version":[{"id":11152,"href":"https:\/\/induquim.com\/pt-pt\/wp-json\/wp\/v2\/pages\/11151\/revisions\/11152"}],"up":[{"embeddable":true,"href":"https:\/\/induquim.com\/pt-pt\/wp-json\/wp\/v2\/pages\/11145"}],"wp:attachment":[{"href":"https:\/\/induquim.com\/pt-pt\/wp-json\/wp\/v2\/media?parent=11151"}],"curies":[{"name":"wp","href":"https:\/\/api.w.org\/{rel}","templated":true}]}}