{"id":11155,"date":"2025-04-24T13:32:59","date_gmt":"2025-04-24T11:32:59","guid":{"rendered":"https:\/\/induquim.com\/industria-alimentar\/padarias-e-pastelarias\/"},"modified":"2025-05-29T12:54:45","modified_gmt":"2025-05-29T10:54:45","slug":"padarias-e-pastelarias","status":"publish","type":"page","link":"https:\/\/induquim.com\/pt-pt\/industria-alimentar\/padarias-e-pastelarias\/","title":{"rendered":"Padarias e pastelarias"},"content":{"rendered":"\t\t<div data-elementor-type=\"wp-page\" data-elementor-id=\"11155\" class=\"elementor elementor-11155 elementor-8365\" data-elementor-post-type=\"page\">\n\t\t\t\t<div class=\"elementor-element elementor-element-1fb13e5 e-con-full e-flex e-con e-parent\" data-id=\"1fb13e5\" data-element_type=\"container\" data-settings=\"{&quot;background_background&quot;:&quot;classic&quot;}\">\n\t\t\t\t<div class=\"elementor-element elementor-element-ae198fd elementor-widget elementor-widget-image\" data-id=\"ae198fd\" data-element_type=\"widget\" data-widget_type=\"image.default\">\n\t\t\t\t<div class=\"elementor-widget-container\">\n\t\t\t\t\t\t\t\t\t\t\t\t\t\t\t\t<a href=\"https:\/\/induquim.com\/pt-pt\/divisoes\/massfood-pt-pt\/\">\n\t\t\t\t\t\t\t<img fetchpriority=\"high\" decoding=\"async\" width=\"517\" height=\"152\" src=\"https:\/\/induquim.com\/wp-content\/uploads\/2025\/04\/massfood.png\" class=\"attachment-full size-full wp-image-8345\" alt=\"Massfood logo\" srcset=\"https:\/\/induquim.com\/wp-content\/uploads\/2025\/04\/massfood.png 517w, https:\/\/induquim.com\/wp-content\/uploads\/2025\/04\/massfood-300x88.png 300w\" sizes=\"(max-width: 517px) 100vw, 517px\" \/>\t\t\t\t\t\t\t\t<\/a>\n\t\t\t\t\t\t\t\t\t\t\t\t\t\t\t<\/div>\n\t\t\t\t<\/div>\n\t\t\t\t<\/div>\n\t\t<div class=\"elementor-element elementor-element-f06de23 e-flex e-con-boxed e-con e-parent\" data-id=\"f06de23\" data-element_type=\"container\">\n\t\t\t\t\t<div class=\"e-con-inner\">\n\t\t\t\t<div class=\"elementor-element elementor-element-de886ad elementor-widget elementor-widget-heading\" data-id=\"de886ad\" data-element_type=\"widget\" data-widget_type=\"heading.default\">\n\t\t\t\t<div class=\"elementor-widget-container\">\n\t\t\t\t\t<h1 class=\"elementor-heading-title elementor-size-default\">Padarias e pastelarias<\/h1>\t\t\t\t<\/div>\n\t\t\t\t<\/div>\n\t\t\t\t<div class=\"elementor-element elementor-element-d6efb1f elementor-widget elementor-widget-image\" data-id=\"d6efb1f\" data-element_type=\"widget\" data-widget_type=\"image.default\">\n\t\t\t\t<div class=\"elementor-widget-container\">\n\t\t\t\t\t\t\t\t\t\t\t\t\t\t\t<img decoding=\"async\" width=\"882\" height=\"177\" src=\"https:\/\/induquim.com\/wp-content\/uploads\/2025\/04\/massfood-obradores.png\" class=\"attachment-full size-full wp-image-8467\" alt=\"Massfood dato Obradores de panader\u00eda y boller\u00eda\" srcset=\"https:\/\/induquim.com\/wp-content\/uploads\/2025\/04\/massfood-obradores.png 882w, https:\/\/induquim.com\/wp-content\/uploads\/2025\/04\/massfood-obradores-300x60.png 300w, https:\/\/induquim.com\/wp-content\/uploads\/2025\/04\/massfood-obradores-768x154.png 768w\" sizes=\"(max-width: 882px) 100vw, 882px\" \/>\t\t\t\t\t\t\t\t\t\t\t\t\t\t\t<\/div>\n\t\t\t\t<\/div>\n\t\t\t\t<div class=\"elementor-element elementor-element-5da4bca elementor-widget elementor-widget-text-editor\" data-id=\"5da4bca\" data-element_type=\"widget\" data-widget_type=\"text-editor.default\">\n\t\t\t\t<div class=\"elementor-widget-container\">\n\t\t\t\t\t\t\t\t\t<p>Trata-se de um sector muito fragmentado e familiar. O grande n\u00famero de empresas dedicadas a este subsector permite uma grande variabilidade no tipo de clientes, desde pequenas padarias e panificadoras at\u00e9 franquias e grandes padarias onde a produ\u00e7\u00e3o de produtos salgados coexiste com produtos doces e de pastelaria. <\/p><p>A grande quantidade de produtos transformados faz com que neste tipo de ind\u00fastria abundem sujidades gordurosas provenientes dos \u00f3leos aplicados na pastelaria e na pintura dos tabuleiros, hidratos de carbono e a\u00e7\u00facares muitas vezes queimados, doces e chocolates dif\u00edceis de eliminar, farinha&#8230;<\/p><p>Por este motivo, a limpeza deve ser adaptada ao tipo de cliente e deve ser utilizada uma vasta gama de produtos para remover os res\u00edduos aderentes \u00e0s diferentes superf\u00edcies e para garantir a desinfe\u00e7\u00e3o de m\u00e1quinas cr\u00edticas, como as m\u00e1quinas de bater natas ou as m\u00e1quinas de pintar ovos. \u00c9 essencial dispor de desengordurantes de alta qualidade, de uma vasta gama de desinfectantes ou de detergentes para utens\u00edlios de cozinha. <\/p>\t\t\t\t\t\t\t\t<\/div>\n\t\t\t\t<\/div>\n\t\t\t\t<div class=\"elementor-element elementor-element-557ecf7 elementor-widget elementor-widget-image\" data-id=\"557ecf7\" data-element_type=\"widget\" data-widget_type=\"image.default\">\n\t\t\t\t<div class=\"elementor-widget-container\">\n\t\t\t\t\t\t\t\t\t\t\t\t\t\t\t<img decoding=\"async\" width=\"800\" height=\"346\" src=\"https:\/\/induquim.com\/wp-content\/uploads\/2025\/04\/massfood-obradores-panaderia-bolleria-1024x443.jpg\" class=\"attachment-large size-large wp-image-8463\" alt=\"Massfood Obradores de panader\u00eda y boller\u00eda\" srcset=\"https:\/\/induquim.com\/wp-content\/uploads\/2025\/04\/massfood-obradores-panaderia-bolleria-1024x443.jpg 1024w, https:\/\/induquim.com\/wp-content\/uploads\/2025\/04\/massfood-obradores-panaderia-bolleria-300x130.jpg 300w, https:\/\/induquim.com\/wp-content\/uploads\/2025\/04\/massfood-obradores-panaderia-bolleria-768x332.jpg 768w, https:\/\/induquim.com\/wp-content\/uploads\/2025\/04\/massfood-obradores-panaderia-bolleria.jpg 1280w\" sizes=\"(max-width: 800px) 100vw, 800px\" \/>\t\t\t\t\t\t\t\t\t\t\t\t\t\t\t<\/div>\n\t\t\t\t<\/div>\n\t\t\t\t\t<\/div>\n\t\t\t\t<\/div>\n\t\t\t\t<\/div>\n\t\t","protected":false},"excerpt":{"rendered":"<p>Padarias e pastelarias Trata-se de um sector muito fragmentado e familiar. O grande n\u00famero de empresas dedicadas a este subsector permite uma grande variabilidade no tipo de clientes, desde pequenas padarias e panificadoras at\u00e9 franquias e grandes padarias onde a produ\u00e7\u00e3o de produtos salgados coexiste com produtos doces e de pastelaria. A grande quantidade de [&hellip;]<\/p>\n","protected":false},"author":1,"featured_media":0,"parent":11145,"menu_order":0,"comment_status":"closed","ping_status":"closed","template":"","meta":{"_acf_changed":false,"footnotes":""},"class_list":["post-11155","page","type-page","status-publish","hentry"],"acf":[],"_links":{"self":[{"href":"https:\/\/induquim.com\/pt-pt\/wp-json\/wp\/v2\/pages\/11155","targetHints":{"allow":["GET"]}}],"collection":[{"href":"https:\/\/induquim.com\/pt-pt\/wp-json\/wp\/v2\/pages"}],"about":[{"href":"https:\/\/induquim.com\/pt-pt\/wp-json\/wp\/v2\/types\/page"}],"author":[{"embeddable":true,"href":"https:\/\/induquim.com\/pt-pt\/wp-json\/wp\/v2\/users\/1"}],"replies":[{"embeddable":true,"href":"https:\/\/induquim.com\/pt-pt\/wp-json\/wp\/v2\/comments?post=11155"}],"version-history":[{"count":1,"href":"https:\/\/induquim.com\/pt-pt\/wp-json\/wp\/v2\/pages\/11155\/revisions"}],"predecessor-version":[{"id":11156,"href":"https:\/\/induquim.com\/pt-pt\/wp-json\/wp\/v2\/pages\/11155\/revisions\/11156"}],"up":[{"embeddable":true,"href":"https:\/\/induquim.com\/pt-pt\/wp-json\/wp\/v2\/pages\/11145"}],"wp:attachment":[{"href":"https:\/\/induquim.com\/pt-pt\/wp-json\/wp\/v2\/media?parent=11155"}],"curies":[{"name":"wp","href":"https:\/\/api.w.org\/{rel}","templated":true}]}}