{"id":11159,"date":"2025-04-24T13:32:43","date_gmt":"2025-04-24T11:32:43","guid":{"rendered":"https:\/\/induquim.com\/industria-alimentar\/industria-do-vinho\/"},"modified":"2025-05-29T12:55:13","modified_gmt":"2025-05-29T10:55:13","slug":"industria-do-vinho","status":"publish","type":"page","link":"https:\/\/induquim.com\/pt-pt\/industria-alimentar\/industria-do-vinho\/","title":{"rendered":"Ind\u00fastria do vinho"},"content":{"rendered":"\t\t<div data-elementor-type=\"wp-page\" data-elementor-id=\"11159\" class=\"elementor elementor-11159 elementor-8364\" data-elementor-post-type=\"page\">\n\t\t\t\t<div class=\"elementor-element elementor-element-1fb13e5 e-con-full e-flex e-con e-parent\" data-id=\"1fb13e5\" data-element_type=\"container\" data-settings=\"{&quot;background_background&quot;:&quot;classic&quot;}\">\n\t\t\t\t<div class=\"elementor-element elementor-element-ae198fd elementor-widget elementor-widget-image\" data-id=\"ae198fd\" data-element_type=\"widget\" data-widget_type=\"image.default\">\n\t\t\t\t<div class=\"elementor-widget-container\">\n\t\t\t\t\t\t\t\t\t\t\t\t\t\t\t\t<a href=\"https:\/\/induquim.com\/pt-pt\/divisoes\/massfood-pt-pt\/\">\n\t\t\t\t\t\t\t<img fetchpriority=\"high\" decoding=\"async\" width=\"517\" height=\"152\" src=\"https:\/\/induquim.com\/wp-content\/uploads\/2025\/04\/massfood.png\" class=\"attachment-full size-full wp-image-8345\" alt=\"Massfood logo\" srcset=\"https:\/\/induquim.com\/wp-content\/uploads\/2025\/04\/massfood.png 517w, https:\/\/induquim.com\/wp-content\/uploads\/2025\/04\/massfood-300x88.png 300w\" sizes=\"(max-width: 517px) 100vw, 517px\" \/>\t\t\t\t\t\t\t\t<\/a>\n\t\t\t\t\t\t\t\t\t\t\t\t\t\t\t<\/div>\n\t\t\t\t<\/div>\n\t\t\t\t<\/div>\n\t\t<div class=\"elementor-element elementor-element-f06de23 e-flex e-con-boxed e-con e-parent\" data-id=\"f06de23\" data-element_type=\"container\">\n\t\t\t\t\t<div class=\"e-con-inner\">\n\t\t\t\t<div class=\"elementor-element elementor-element-de886ad elementor-widget elementor-widget-heading\" data-id=\"de886ad\" data-element_type=\"widget\" data-widget_type=\"heading.default\">\n\t\t\t\t<div class=\"elementor-widget-container\">\n\t\t\t\t\t<h1 class=\"elementor-heading-title elementor-size-default\">Ind\u00fastria do vinho<\/h1>\t\t\t\t<\/div>\n\t\t\t\t<\/div>\n\t\t\t\t<div class=\"elementor-element elementor-element-d6efb1f elementor-widget elementor-widget-image\" data-id=\"d6efb1f\" data-element_type=\"widget\" data-widget_type=\"image.default\">\n\t\t\t\t<div class=\"elementor-widget-container\">\n\t\t\t\t\t\t\t\t\t\t\t\t\t\t\t<img decoding=\"async\" width=\"881\" height=\"177\" src=\"https:\/\/induquim.com\/wp-content\/uploads\/2025\/04\/massfood-industria-vinicola.png\" class=\"attachment-full size-full wp-image-8447\" alt=\"Massfood datos industria vin\u00edcola\" srcset=\"https:\/\/induquim.com\/wp-content\/uploads\/2025\/04\/massfood-industria-vinicola.png 881w, https:\/\/induquim.com\/wp-content\/uploads\/2025\/04\/massfood-industria-vinicola-300x60.png 300w, https:\/\/induquim.com\/wp-content\/uploads\/2025\/04\/massfood-industria-vinicola-768x154.png 768w\" sizes=\"(max-width: 881px) 100vw, 881px\" \/>\t\t\t\t\t\t\t\t\t\t\t\t\t\t\t<\/div>\n\t\t\t\t<\/div>\n\t\t\t\t<div class=\"elementor-element elementor-element-5da4bca elementor-widget elementor-widget-text-editor\" data-id=\"5da4bca\" data-element_type=\"widget\" data-widget_type=\"text-editor.default\">\n\t\t\t\t<div class=\"elementor-widget-container\">\n\t\t\t\t\t\t\t\t\t<p>Juntamente com a ind\u00fastria cervejeira, \u00e9 uma ind\u00fastria-chave em Espanha.<\/p><p>\u00c9 o terceiro maior produto de exporta\u00e7\u00e3o de Espanha, depois da carne e do azeite, e, a n\u00edvel mundial, a Espanha \u00e9 o terceiro maior exportador de vinho.<\/p><p>O vinho \u00e9 a imagem de Espanha e \u00e9 tamb\u00e9m um sector estrat\u00e9gico na luta contra o despovoamento rural: existem 4.000 adegas espalhadas pelas aldeias de todas as comunidades aut\u00f3nomas e o enoturismo desloca pessoas das zonas urbanas para as zonas rurais durante todo o ano.<\/p><p>A higiene desde a vindima at\u00e9 ao engarrafamento do vinho \u00e9 fundamental para evitar perdas de qualidade, uma vez que uma elevada percentagem do \u201cpicado\u201d do vinho poderia ser evitada com uma limpeza adequada.<\/p><p>Os sistemas CIP devem ocupar-se da limpeza e da desinfe\u00e7\u00e3o dos dep\u00f3sitos, das tubagens e das m\u00e1quinas de embalagem, onde a remo\u00e7\u00e3o dos tartaratos e da pigmenta\u00e7\u00e3o, a dissolu\u00e7\u00e3o dos res\u00edduos inorg\u00e2nicos, a preven\u00e7\u00e3o da prolifera\u00e7\u00e3o de aromas inadequados e a preven\u00e7\u00e3o da prolifera\u00e7\u00e3o de microrganismos de deteriora\u00e7\u00e3o com uma desinfe\u00e7\u00e3o perfeita s\u00e3o essenciais.<\/p>\t\t\t\t\t\t\t\t<\/div>\n\t\t\t\t<\/div>\n\t\t\t\t<div class=\"elementor-element elementor-element-557ecf7 elementor-widget elementor-widget-image\" data-id=\"557ecf7\" data-element_type=\"widget\" data-widget_type=\"image.default\">\n\t\t\t\t<div class=\"elementor-widget-container\">\n\t\t\t\t\t\t\t\t\t\t\t\t\t\t\t<img decoding=\"async\" width=\"800\" height=\"346\" src=\"https:\/\/induquim.com\/wp-content\/uploads\/2025\/04\/massfood-industria-vinicola-1024x443.jpg\" class=\"attachment-large size-large wp-image-8443\" alt=\"Massfood industria vin\u00edcola\" srcset=\"https:\/\/induquim.com\/wp-content\/uploads\/2025\/04\/massfood-industria-vinicola-1024x443.jpg 1024w, https:\/\/induquim.com\/wp-content\/uploads\/2025\/04\/massfood-industria-vinicola-300x130.jpg 300w, https:\/\/induquim.com\/wp-content\/uploads\/2025\/04\/massfood-industria-vinicola-768x332.jpg 768w, https:\/\/induquim.com\/wp-content\/uploads\/2025\/04\/massfood-industria-vinicola.jpg 1280w\" sizes=\"(max-width: 800px) 100vw, 800px\" \/>\t\t\t\t\t\t\t\t\t\t\t\t\t\t\t<\/div>\n\t\t\t\t<\/div>\n\t\t\t\t\t<\/div>\n\t\t\t\t<\/div>\n\t\t\t\t<\/div>\n\t\t","protected":false},"excerpt":{"rendered":"<p>Ind\u00fastria do vinho Juntamente com a ind\u00fastria cervejeira, \u00e9 uma ind\u00fastria-chave em Espanha. \u00c9 o terceiro maior produto de exporta\u00e7\u00e3o de Espanha, depois da carne e do azeite, e, a n\u00edvel mundial, a Espanha \u00e9 o terceiro maior exportador de vinho. O vinho \u00e9 a imagem de Espanha e \u00e9 tamb\u00e9m um sector estrat\u00e9gico na [&hellip;]<\/p>\n","protected":false},"author":1,"featured_media":0,"parent":11145,"menu_order":0,"comment_status":"closed","ping_status":"closed","template":"","meta":{"_acf_changed":false,"footnotes":""},"class_list":["post-11159","page","type-page","status-publish","hentry"],"acf":[],"_links":{"self":[{"href":"https:\/\/induquim.com\/pt-pt\/wp-json\/wp\/v2\/pages\/11159","targetHints":{"allow":["GET"]}}],"collection":[{"href":"https:\/\/induquim.com\/pt-pt\/wp-json\/wp\/v2\/pages"}],"about":[{"href":"https:\/\/induquim.com\/pt-pt\/wp-json\/wp\/v2\/types\/page"}],"author":[{"embeddable":true,"href":"https:\/\/induquim.com\/pt-pt\/wp-json\/wp\/v2\/users\/1"}],"replies":[{"embeddable":true,"href":"https:\/\/induquim.com\/pt-pt\/wp-json\/wp\/v2\/comments?post=11159"}],"version-history":[{"count":1,"href":"https:\/\/induquim.com\/pt-pt\/wp-json\/wp\/v2\/pages\/11159\/revisions"}],"predecessor-version":[{"id":11160,"href":"https:\/\/induquim.com\/pt-pt\/wp-json\/wp\/v2\/pages\/11159\/revisions\/11160"}],"up":[{"embeddable":true,"href":"https:\/\/induquim.com\/pt-pt\/wp-json\/wp\/v2\/pages\/11145"}],"wp:attachment":[{"href":"https:\/\/induquim.com\/pt-pt\/wp-json\/wp\/v2\/media?parent=11159"}],"curies":[{"name":"wp","href":"https:\/\/api.w.org\/{rel}","templated":true}]}}