{"id":11163,"date":"2025-04-24T13:32:28","date_gmt":"2025-04-24T11:32:28","guid":{"rendered":"https:\/\/induquim.com\/industria-alimentar\/industria-cervejeira\/"},"modified":"2025-05-29T12:55:40","modified_gmt":"2025-05-29T10:55:40","slug":"industria-cervejeira","status":"publish","type":"page","link":"https:\/\/induquim.com\/pt-pt\/industria-alimentar\/industria-cervejeira\/","title":{"rendered":"Ind\u00fastria cervejeira"},"content":{"rendered":"\t\t<div data-elementor-type=\"wp-page\" data-elementor-id=\"11163\" class=\"elementor elementor-11163 elementor-8363\" data-elementor-post-type=\"page\">\n\t\t\t\t<div class=\"elementor-element elementor-element-1fb13e5 e-con-full e-flex e-con e-parent\" data-id=\"1fb13e5\" data-element_type=\"container\" data-settings=\"{&quot;background_background&quot;:&quot;classic&quot;}\">\n\t\t\t\t<div class=\"elementor-element elementor-element-ae198fd elementor-widget elementor-widget-image\" data-id=\"ae198fd\" data-element_type=\"widget\" data-widget_type=\"image.default\">\n\t\t\t\t<div class=\"elementor-widget-container\">\n\t\t\t\t\t\t\t\t\t\t\t\t\t\t\t\t<a href=\"https:\/\/induquim.com\/pt-pt\/divisoes\/massfood-pt-pt\/\">\n\t\t\t\t\t\t\t<img fetchpriority=\"high\" decoding=\"async\" width=\"517\" height=\"152\" src=\"https:\/\/induquim.com\/wp-content\/uploads\/2025\/04\/massfood.png\" class=\"attachment-full size-full wp-image-8345\" alt=\"Massfood logo\" srcset=\"https:\/\/induquim.com\/wp-content\/uploads\/2025\/04\/massfood.png 517w, https:\/\/induquim.com\/wp-content\/uploads\/2025\/04\/massfood-300x88.png 300w\" sizes=\"(max-width: 517px) 100vw, 517px\" \/>\t\t\t\t\t\t\t\t<\/a>\n\t\t\t\t\t\t\t\t\t\t\t\t\t\t\t<\/div>\n\t\t\t\t<\/div>\n\t\t\t\t<\/div>\n\t\t<div class=\"elementor-element elementor-element-f06de23 e-flex e-con-boxed e-con e-parent\" data-id=\"f06de23\" data-element_type=\"container\">\n\t\t\t\t\t<div class=\"e-con-inner\">\n\t\t\t\t<div class=\"elementor-element elementor-element-de886ad elementor-widget elementor-widget-heading\" data-id=\"de886ad\" data-element_type=\"widget\" data-widget_type=\"heading.default\">\n\t\t\t\t<div class=\"elementor-widget-container\">\n\t\t\t\t\t<h1 class=\"elementor-heading-title elementor-size-default\">Ind\u00fastria cervejeira<\/h1>\t\t\t\t<\/div>\n\t\t\t\t<\/div>\n\t\t\t\t<div class=\"elementor-element elementor-element-d6efb1f elementor-widget elementor-widget-image\" data-id=\"d6efb1f\" data-element_type=\"widget\" data-widget_type=\"image.default\">\n\t\t\t\t<div class=\"elementor-widget-container\">\n\t\t\t\t\t\t\t\t\t\t\t\t\t\t\t<img decoding=\"async\" width=\"882\" height=\"177\" src=\"https:\/\/induquim.com\/wp-content\/uploads\/2025\/04\/massfood-industria-cervecera.png\" class=\"attachment-full size-full wp-image-8411\" alt=\"Massfood datos industria cervecera\" srcset=\"https:\/\/induquim.com\/wp-content\/uploads\/2025\/04\/massfood-industria-cervecera.png 882w, https:\/\/induquim.com\/wp-content\/uploads\/2025\/04\/massfood-industria-cervecera-300x60.png 300w, https:\/\/induquim.com\/wp-content\/uploads\/2025\/04\/massfood-industria-cervecera-768x154.png 768w\" sizes=\"(max-width: 882px) 100vw, 882px\" \/>\t\t\t\t\t\t\t\t\t\t\t\t\t\t\t<\/div>\n\t\t\t\t<\/div>\n\t\t\t\t<div class=\"elementor-element elementor-element-5da4bca elementor-widget elementor-widget-text-editor\" data-id=\"5da4bca\" data-element_type=\"widget\" data-widget_type=\"text-editor.default\">\n\t\t\t\t<div class=\"elementor-widget-container\">\n\t\t\t\t\t\t\t\t\t<p>A ind\u00fastria cervejeira, juntamente com as ind\u00fastrias do vinho e dos refrigerantes, \u00e9 a segunda maior ind\u00fastria alimentar em termos de volume de neg\u00f3cios em Espanha.<\/p><p>O volume de consumo de bebidas como a cerveja aumentou quase 20% nos \u00faltimos 15 anos, sendo a cerveja fabricada em Espanha principalmente para consumo dom\u00e9stico.<\/p><p>O n\u00famero de f\u00e1bricas de m\u00e9dia dimens\u00e3o e de bebidas \u201cde assinatura\u201d aumentou, o que atomizou e diversificou o sector.<\/p><p>Tal como na ind\u00fastria de lactic\u00ednios, a limpeza neste sector baseia-se na utiliza\u00e7\u00e3o de sistemas CIP nos quais s\u00e3o recirculados produtos alcalinos e \u00e1cidos, que devem adaptar os tanques e controlar o crescimento bacteriano para que n\u00e3o ocorram falhas de qualidade (a n\u00edvel sanit\u00e1rio \u00e9 uma ind\u00fastria menos problem\u00e1tica devido \u00e0 dificuldade de prolifera\u00e7\u00e3o de esp\u00e9cies de microrganismos patog\u00e9nicos).<\/p><p>O desafio do controlo da dosagem de produtos qu\u00edmicos (s\u00e3o consumidas quantidades elevadas tendo em conta a capacidade c\u00fabica dos sistemas CIP), ou a economia de fases com a limpeza de passagem \u00fanica, desempenham um papel fundamental no futuro do sector.<\/p>\t\t\t\t\t\t\t\t<\/div>\n\t\t\t\t<\/div>\n\t\t\t\t<div class=\"elementor-element elementor-element-557ecf7 elementor-widget elementor-widget-image\" data-id=\"557ecf7\" data-element_type=\"widget\" data-widget_type=\"image.default\">\n\t\t\t\t<div class=\"elementor-widget-container\">\n\t\t\t\t\t\t\t\t\t\t\t\t\t\t\t<img decoding=\"async\" width=\"800\" height=\"345\" src=\"https:\/\/induquim.com\/wp-content\/uploads\/2025\/04\/massfood-industria-cervecera-1024x442.jpg\" class=\"attachment-large size-large wp-image-8407\" alt=\"Massfood industria cervecera\" srcset=\"https:\/\/induquim.com\/wp-content\/uploads\/2025\/04\/massfood-industria-cervecera-1024x442.jpg 1024w, https:\/\/induquim.com\/wp-content\/uploads\/2025\/04\/massfood-industria-cervecera-300x130.jpg 300w, https:\/\/induquim.com\/wp-content\/uploads\/2025\/04\/massfood-industria-cervecera-768x332.jpg 768w, https:\/\/induquim.com\/wp-content\/uploads\/2025\/04\/massfood-industria-cervecera.jpg 1280w\" sizes=\"(max-width: 800px) 100vw, 800px\" \/>\t\t\t\t\t\t\t\t\t\t\t\t\t\t\t<\/div>\n\t\t\t\t<\/div>\n\t\t\t\t\t<\/div>\n\t\t\t\t<\/div>\n\t\t\t\t<\/div>\n\t\t","protected":false},"excerpt":{"rendered":"<p>Ind\u00fastria cervejeira A ind\u00fastria cervejeira, juntamente com as ind\u00fastrias do vinho e dos refrigerantes, \u00e9 a segunda maior ind\u00fastria alimentar em termos de volume de neg\u00f3cios em Espanha. O volume de consumo de bebidas como a cerveja aumentou quase 20% nos \u00faltimos 15 anos, sendo a cerveja fabricada em Espanha principalmente para consumo dom\u00e9stico. O [&hellip;]<\/p>\n","protected":false},"author":1,"featured_media":0,"parent":11145,"menu_order":0,"comment_status":"closed","ping_status":"closed","template":"","meta":{"_acf_changed":false,"footnotes":""},"class_list":["post-11163","page","type-page","status-publish","hentry"],"acf":[],"_links":{"self":[{"href":"https:\/\/induquim.com\/pt-pt\/wp-json\/wp\/v2\/pages\/11163","targetHints":{"allow":["GET"]}}],"collection":[{"href":"https:\/\/induquim.com\/pt-pt\/wp-json\/wp\/v2\/pages"}],"about":[{"href":"https:\/\/induquim.com\/pt-pt\/wp-json\/wp\/v2\/types\/page"}],"author":[{"embeddable":true,"href":"https:\/\/induquim.com\/pt-pt\/wp-json\/wp\/v2\/users\/1"}],"replies":[{"embeddable":true,"href":"https:\/\/induquim.com\/pt-pt\/wp-json\/wp\/v2\/comments?post=11163"}],"version-history":[{"count":1,"href":"https:\/\/induquim.com\/pt-pt\/wp-json\/wp\/v2\/pages\/11163\/revisions"}],"predecessor-version":[{"id":11164,"href":"https:\/\/induquim.com\/pt-pt\/wp-json\/wp\/v2\/pages\/11163\/revisions\/11164"}],"up":[{"embeddable":true,"href":"https:\/\/induquim.com\/pt-pt\/wp-json\/wp\/v2\/pages\/11145"}],"wp:attachment":[{"href":"https:\/\/induquim.com\/pt-pt\/wp-json\/wp\/v2\/media?parent=11163"}],"curies":[{"name":"wp","href":"https:\/\/api.w.org\/{rel}","templated":true}]}}