{"id":11167,"date":"2025-04-24T13:32:13","date_gmt":"2025-04-24T11:32:13","guid":{"rendered":"https:\/\/induquim.com\/industria-alimentar\/industria-dos-lacticinios\/"},"modified":"2025-05-29T12:56:06","modified_gmt":"2025-05-29T10:56:06","slug":"industria-dos-lacticinios","status":"publish","type":"page","link":"https:\/\/induquim.com\/pt-pt\/industria-alimentar\/industria-dos-lacticinios\/","title":{"rendered":"Ind\u00fastria dos lactic\u00ednios"},"content":{"rendered":"\t\t<div data-elementor-type=\"wp-page\" data-elementor-id=\"11167\" class=\"elementor elementor-11167 elementor-8362\" data-elementor-post-type=\"page\">\n\t\t\t\t<div class=\"elementor-element elementor-element-1fb13e5 e-con-full e-flex e-con e-parent\" data-id=\"1fb13e5\" data-element_type=\"container\" data-settings=\"{&quot;background_background&quot;:&quot;classic&quot;}\">\n\t\t\t\t<div class=\"elementor-element elementor-element-ae198fd elementor-widget elementor-widget-image\" data-id=\"ae198fd\" data-element_type=\"widget\" data-widget_type=\"image.default\">\n\t\t\t\t<div class=\"elementor-widget-container\">\n\t\t\t\t\t\t\t\t\t\t\t\t\t\t\t\t<a href=\"https:\/\/induquim.com\/pt-pt\/divisoes\/massfood-pt-pt\/\">\n\t\t\t\t\t\t\t<img fetchpriority=\"high\" decoding=\"async\" width=\"517\" height=\"152\" src=\"https:\/\/induquim.com\/wp-content\/uploads\/2025\/04\/massfood.png\" class=\"attachment-full size-full wp-image-8345\" alt=\"Massfood logo\" srcset=\"https:\/\/induquim.com\/wp-content\/uploads\/2025\/04\/massfood.png 517w, https:\/\/induquim.com\/wp-content\/uploads\/2025\/04\/massfood-300x88.png 300w\" sizes=\"(max-width: 517px) 100vw, 517px\" \/>\t\t\t\t\t\t\t\t<\/a>\n\t\t\t\t\t\t\t\t\t\t\t\t\t\t\t<\/div>\n\t\t\t\t<\/div>\n\t\t\t\t<\/div>\n\t\t<div class=\"elementor-element elementor-element-f06de23 e-flex e-con-boxed e-con e-parent\" data-id=\"f06de23\" data-element_type=\"container\">\n\t\t\t\t\t<div class=\"e-con-inner\">\n\t\t\t\t<div class=\"elementor-element elementor-element-de886ad elementor-widget elementor-widget-heading\" data-id=\"de886ad\" data-element_type=\"widget\" data-widget_type=\"heading.default\">\n\t\t\t\t<div class=\"elementor-widget-container\">\n\t\t\t\t\t<h1 class=\"elementor-heading-title elementor-size-default\">Ind\u00fastria dos lactic\u00ednios<\/h1>\t\t\t\t<\/div>\n\t\t\t\t<\/div>\n\t\t\t\t<div class=\"elementor-element elementor-element-d6efb1f elementor-widget elementor-widget-image\" data-id=\"d6efb1f\" data-element_type=\"widget\" data-widget_type=\"image.default\">\n\t\t\t\t<div class=\"elementor-widget-container\">\n\t\t\t\t\t\t\t\t\t\t\t\t\t\t\t<img decoding=\"async\" width=\"881\" height=\"177\" src=\"https:\/\/induquim.com\/wp-content\/uploads\/2025\/04\/massfood-industria-lactea.png\" class=\"attachment-full size-full wp-image-8400\" alt=\"Massfood datos industria l\u00e1ctea\" srcset=\"https:\/\/induquim.com\/wp-content\/uploads\/2025\/04\/massfood-industria-lactea.png 881w, https:\/\/induquim.com\/wp-content\/uploads\/2025\/04\/massfood-industria-lactea-300x60.png 300w, https:\/\/induquim.com\/wp-content\/uploads\/2025\/04\/massfood-industria-lactea-768x154.png 768w\" sizes=\"(max-width: 881px) 100vw, 881px\" \/>\t\t\t\t\t\t\t\t\t\t\t\t\t\t\t<\/div>\n\t\t\t\t<\/div>\n\t\t\t\t<div class=\"elementor-element elementor-element-5da4bca elementor-widget elementor-widget-text-editor\" data-id=\"5da4bca\" data-element_type=\"widget\" data-widget_type=\"text-editor.default\">\n\t\t\t\t<div class=\"elementor-widget-container\">\n\t\t\t\t\t\t\t\t\t<p>Trata-se de uma ind\u00fastria tradicional espanhola, com grande import\u00e2ncia nas zonas rurais do pa\u00eds, que se tem vindo a adaptar \u00e0 diminui\u00e7\u00e3o do consumo interno de produtos l\u00e1cteos, com um aumento das exporta\u00e7\u00f5es e gra\u00e7as \u00e0 utiliza\u00e7\u00e3o do leite como mat\u00e9ria-prima.<\/p><p>As cubas de leite cru e pasteurizado, peneiras, pasteurizadores, evaporadores, etc., bem como os equipamentos de embalagem, s\u00e3o sistemas fechados que s\u00e3o limpos por sistemas CIP que alternam produtos alcalinos e \u00e1cidos, e combinam processos de temperatura e a utiliza\u00e7\u00e3o de desinfectantes, para adaptar as instala\u00e7\u00f5es cr\u00edticas, uma vez que os lactic\u00ednios s\u00e3o produtos de consumo direto sem tratamento t\u00e9rmico e a seguran\u00e7a alimentar \u00e9 essencial.<\/p><p>Compreender a necessidade de produtos de passagem \u00fanica em \u00e1reas onde o precipitado de c\u00e1lcio n\u00e3o \u00e9 excessivo, prevenir biofilmes de Listeria ou tratar adequadamente as m\u00e1quinas de lavagem de moldes ou os banhos de lavagem de moldes s\u00e3o grandes desafios na ind\u00fastria.<\/p>\t\t\t\t\t\t\t\t<\/div>\n\t\t\t\t<\/div>\n\t\t\t\t<div class=\"elementor-element elementor-element-557ecf7 elementor-widget elementor-widget-image\" data-id=\"557ecf7\" data-element_type=\"widget\" data-widget_type=\"image.default\">\n\t\t\t\t<div class=\"elementor-widget-container\">\n\t\t\t\t\t\t\t\t\t\t\t\t\t\t\t<img decoding=\"async\" width=\"800\" height=\"344\" src=\"https:\/\/induquim.com\/wp-content\/uploads\/2025\/04\/massfood-industria-lactea-1024x440.jpg\" class=\"attachment-large size-large wp-image-8396\" alt=\"Massfood industria l\u00e1ctea\" srcset=\"https:\/\/induquim.com\/wp-content\/uploads\/2025\/04\/massfood-industria-lactea-1024x440.jpg 1024w, https:\/\/induquim.com\/wp-content\/uploads\/2025\/04\/massfood-industria-lactea-300x129.jpg 300w, https:\/\/induquim.com\/wp-content\/uploads\/2025\/04\/massfood-industria-lactea-768x330.jpg 768w, https:\/\/induquim.com\/wp-content\/uploads\/2025\/04\/massfood-industria-lactea.jpg 1280w\" sizes=\"(max-width: 800px) 100vw, 800px\" \/>\t\t\t\t\t\t\t\t\t\t\t\t\t\t\t<\/div>\n\t\t\t\t<\/div>\n\t\t\t\t\t<\/div>\n\t\t\t\t<\/div>\n\t\t\t\t<\/div>\n\t\t","protected":false},"excerpt":{"rendered":"<p>Ind\u00fastria dos lactic\u00ednios Trata-se de uma ind\u00fastria tradicional espanhola, com grande import\u00e2ncia nas zonas rurais do pa\u00eds, que se tem vindo a adaptar \u00e0 diminui\u00e7\u00e3o do consumo interno de produtos l\u00e1cteos, com um aumento das exporta\u00e7\u00f5es e gra\u00e7as \u00e0 utiliza\u00e7\u00e3o do leite como mat\u00e9ria-prima. As cubas de leite cru e pasteurizado, peneiras, pasteurizadores, evaporadores, etc., [&hellip;]<\/p>\n","protected":false},"author":1,"featured_media":0,"parent":11145,"menu_order":0,"comment_status":"closed","ping_status":"closed","template":"","meta":{"_acf_changed":false,"footnotes":""},"class_list":["post-11167","page","type-page","status-publish","hentry"],"acf":[],"_links":{"self":[{"href":"https:\/\/induquim.com\/pt-pt\/wp-json\/wp\/v2\/pages\/11167","targetHints":{"allow":["GET"]}}],"collection":[{"href":"https:\/\/induquim.com\/pt-pt\/wp-json\/wp\/v2\/pages"}],"about":[{"href":"https:\/\/induquim.com\/pt-pt\/wp-json\/wp\/v2\/types\/page"}],"author":[{"embeddable":true,"href":"https:\/\/induquim.com\/pt-pt\/wp-json\/wp\/v2\/users\/1"}],"replies":[{"embeddable":true,"href":"https:\/\/induquim.com\/pt-pt\/wp-json\/wp\/v2\/comments?post=11167"}],"version-history":[{"count":1,"href":"https:\/\/induquim.com\/pt-pt\/wp-json\/wp\/v2\/pages\/11167\/revisions"}],"predecessor-version":[{"id":11168,"href":"https:\/\/induquim.com\/pt-pt\/wp-json\/wp\/v2\/pages\/11167\/revisions\/11168"}],"up":[{"embeddable":true,"href":"https:\/\/induquim.com\/pt-pt\/wp-json\/wp\/v2\/pages\/11145"}],"wp:attachment":[{"href":"https:\/\/induquim.com\/pt-pt\/wp-json\/wp\/v2\/media?parent=11167"}],"curies":[{"name":"wp","href":"https:\/\/api.w.org\/{rel}","templated":true}]}}