{"id":11171,"date":"2025-04-24T13:31:44","date_gmt":"2025-04-24T11:31:44","guid":{"rendered":"https:\/\/induquim.com\/industria-alimentar\/industria-da-pesca\/"},"modified":"2025-05-29T12:56:39","modified_gmt":"2025-05-29T10:56:39","slug":"industria-da-pesca","status":"publish","type":"page","link":"https:\/\/induquim.com\/pt-pt\/industria-alimentar\/industria-da-pesca\/","title":{"rendered":"Ind\u00fastria da pesca"},"content":{"rendered":"\t\t<div data-elementor-type=\"wp-page\" data-elementor-id=\"11171\" class=\"elementor elementor-11171 elementor-8361\" data-elementor-post-type=\"page\">\n\t\t\t\t<div class=\"elementor-element elementor-element-1fb13e5 e-con-full e-flex e-con e-parent\" data-id=\"1fb13e5\" data-element_type=\"container\" data-settings=\"{&quot;background_background&quot;:&quot;classic&quot;}\">\n\t\t\t\t<div class=\"elementor-element elementor-element-ae198fd elementor-widget elementor-widget-image\" data-id=\"ae198fd\" data-element_type=\"widget\" data-widget_type=\"image.default\">\n\t\t\t\t<div class=\"elementor-widget-container\">\n\t\t\t\t\t\t\t\t\t\t\t\t\t\t\t\t<a href=\"https:\/\/induquim.com\/pt-pt\/divisoes\/massfood-pt-pt\/\">\n\t\t\t\t\t\t\t<img fetchpriority=\"high\" decoding=\"async\" width=\"517\" height=\"152\" src=\"https:\/\/induquim.com\/wp-content\/uploads\/2025\/04\/massfood.png\" class=\"attachment-full size-full wp-image-8345\" alt=\"Massfood logo\" srcset=\"https:\/\/induquim.com\/wp-content\/uploads\/2025\/04\/massfood.png 517w, https:\/\/induquim.com\/wp-content\/uploads\/2025\/04\/massfood-300x88.png 300w\" sizes=\"(max-width: 517px) 100vw, 517px\" \/>\t\t\t\t\t\t\t\t<\/a>\n\t\t\t\t\t\t\t\t\t\t\t\t\t\t\t<\/div>\n\t\t\t\t<\/div>\n\t\t\t\t<\/div>\n\t\t<div class=\"elementor-element elementor-element-f06de23 e-flex e-con-boxed e-con e-parent\" data-id=\"f06de23\" data-element_type=\"container\">\n\t\t\t\t\t<div class=\"e-con-inner\">\n\t\t\t\t<div class=\"elementor-element elementor-element-de886ad elementor-widget elementor-widget-heading\" data-id=\"de886ad\" data-element_type=\"widget\" data-widget_type=\"heading.default\">\n\t\t\t\t<div class=\"elementor-widget-container\">\n\t\t\t\t\t<h1 class=\"elementor-heading-title elementor-size-default\">Ind\u00fastria da pesca<\/h1>\t\t\t\t<\/div>\n\t\t\t\t<\/div>\n\t\t\t\t<div class=\"elementor-element elementor-element-d6efb1f elementor-widget elementor-widget-image\" data-id=\"d6efb1f\" data-element_type=\"widget\" data-widget_type=\"image.default\">\n\t\t\t\t<div class=\"elementor-widget-container\">\n\t\t\t\t\t\t\t\t\t\t\t\t\t\t\t<img decoding=\"async\" width=\"882\" height=\"177\" src=\"https:\/\/induquim.com\/wp-content\/uploads\/2025\/04\/massfood-industria-pesquera.png\" class=\"attachment-full size-full wp-image-8384\" alt=\"Massfood datos industria pesquera\" srcset=\"https:\/\/induquim.com\/wp-content\/uploads\/2025\/04\/massfood-industria-pesquera.png 882w, https:\/\/induquim.com\/wp-content\/uploads\/2025\/04\/massfood-industria-pesquera-300x60.png 300w, https:\/\/induquim.com\/wp-content\/uploads\/2025\/04\/massfood-industria-pesquera-768x154.png 768w\" sizes=\"(max-width: 882px) 100vw, 882px\" \/>\t\t\t\t\t\t\t\t\t\t\t\t\t\t\t<\/div>\n\t\t\t\t<\/div>\n\t\t\t\t<div class=\"elementor-element elementor-element-5da4bca elementor-widget elementor-widget-text-editor\" data-id=\"5da4bca\" data-element_type=\"widget\" data-widget_type=\"text-editor.default\">\n\t\t\t\t<div class=\"elementor-widget-container\">\n\t\t\t\t\t\t\t\t\t<p>Gera um valor elevado tanto nas importa\u00e7\u00f5es como nas exporta\u00e7\u00f5es. \u00c9 uma ind\u00fastria em crescimento devido \u00e0s mudan\u00e7as nos h\u00e1bitos de consumo que aumentam o consumo de peixe gra\u00e7as \u00e0 melhoria da qualidade de vida atrav\u00e9s de uma dieta equilibrada e saud\u00e1vel. \u00c9 uma ind\u00fastria minorit\u00e1ria, com um elevado valor diferencial e apreciada no estrangeiro.  <\/p><p>O consumo de t\u00e1rtaros, sushi, etc., aumenta a necessidade de processos de limpeza \u00f3ptimos durante a produ\u00e7\u00e3o e manuseamento de produtos enlatados, fumados ou outros produtos prontos a consumir, que s\u00e3o altamente suscept\u00edveis \u00e0 contamina\u00e7\u00e3o microbiana.<\/p><p>Os problemas surgem frequentemente devido \u00e0 utiliza\u00e7\u00e3o de \u00e1gua salgada, incrusta\u00e7\u00f5es de calc\u00e1rio devido a lavagens sucessivas, etc., e a carga de gordura ap\u00f3s o manuseamento do peixe, os restos de pele e escamas, o \u00f3leo das conservas, a \u00e1gua utilizada para enxaguar a sujidade, etc., tornam necess\u00e1rios agentes desengordurantes altamente eficazes, bem como desinfectantes que abranjam um amplo espetro de microrganismos.<\/p><p>Al\u00e9m disso, a refrigera\u00e7\u00e3o industrial e as m\u00e1quinas de lavagem de caixas e contentores requerem um conhecimento do seu funcionamento e a escolha dos produtos mais adequados.<\/p>\t\t\t\t\t\t\t\t<\/div>\n\t\t\t\t<\/div>\n\t\t\t\t<div class=\"elementor-element elementor-element-557ecf7 elementor-widget elementor-widget-image\" data-id=\"557ecf7\" data-element_type=\"widget\" data-widget_type=\"image.default\">\n\t\t\t\t<div class=\"elementor-widget-container\">\n\t\t\t\t\t\t\t\t\t\t\t\t\t\t\t<img decoding=\"async\" width=\"800\" height=\"349\" src=\"https:\/\/induquim.com\/wp-content\/uploads\/2025\/04\/massfood-industria-pesquera-1024x447.jpg\" class=\"attachment-large size-large wp-image-8380\" alt=\"Massfood industria pesquera\" srcset=\"https:\/\/induquim.com\/wp-content\/uploads\/2025\/04\/massfood-industria-pesquera-1024x447.jpg 1024w, https:\/\/induquim.com\/wp-content\/uploads\/2025\/04\/massfood-industria-pesquera-300x131.jpg 300w, https:\/\/induquim.com\/wp-content\/uploads\/2025\/04\/massfood-industria-pesquera-768x335.jpg 768w, https:\/\/induquim.com\/wp-content\/uploads\/2025\/04\/massfood-industria-pesquera.jpg 1280w\" sizes=\"(max-width: 800px) 100vw, 800px\" \/>\t\t\t\t\t\t\t\t\t\t\t\t\t\t\t<\/div>\n\t\t\t\t<\/div>\n\t\t\t\t\t<\/div>\n\t\t\t\t<\/div>\n\t\t\t\t<\/div>\n\t\t","protected":false},"excerpt":{"rendered":"<p>Ind\u00fastria da pesca Gera um valor elevado tanto nas importa\u00e7\u00f5es como nas exporta\u00e7\u00f5es. \u00c9 uma ind\u00fastria em crescimento devido \u00e0s mudan\u00e7as nos h\u00e1bitos de consumo que aumentam o consumo de peixe gra\u00e7as \u00e0 melhoria da qualidade de vida atrav\u00e9s de uma dieta equilibrada e saud\u00e1vel. \u00c9 uma ind\u00fastria minorit\u00e1ria, com um elevado valor diferencial e [&hellip;]<\/p>\n","protected":false},"author":1,"featured_media":0,"parent":11145,"menu_order":0,"comment_status":"closed","ping_status":"closed","template":"","meta":{"_acf_changed":false,"footnotes":""},"class_list":["post-11171","page","type-page","status-publish","hentry"],"acf":[],"_links":{"self":[{"href":"https:\/\/induquim.com\/pt-pt\/wp-json\/wp\/v2\/pages\/11171","targetHints":{"allow":["GET"]}}],"collection":[{"href":"https:\/\/induquim.com\/pt-pt\/wp-json\/wp\/v2\/pages"}],"about":[{"href":"https:\/\/induquim.com\/pt-pt\/wp-json\/wp\/v2\/types\/page"}],"author":[{"embeddable":true,"href":"https:\/\/induquim.com\/pt-pt\/wp-json\/wp\/v2\/users\/1"}],"replies":[{"embeddable":true,"href":"https:\/\/induquim.com\/pt-pt\/wp-json\/wp\/v2\/comments?post=11171"}],"version-history":[{"count":1,"href":"https:\/\/induquim.com\/pt-pt\/wp-json\/wp\/v2\/pages\/11171\/revisions"}],"predecessor-version":[{"id":11172,"href":"https:\/\/induquim.com\/pt-pt\/wp-json\/wp\/v2\/pages\/11171\/revisions\/11172"}],"up":[{"embeddable":true,"href":"https:\/\/induquim.com\/pt-pt\/wp-json\/wp\/v2\/pages\/11145"}],"wp:attachment":[{"href":"https:\/\/induquim.com\/pt-pt\/wp-json\/wp\/v2\/media?parent=11171"}],"curies":[{"name":"wp","href":"https:\/\/api.w.org\/{rel}","templated":true}]}}