{"id":11196,"date":"2025-04-03T19:38:04","date_gmt":"2025-04-03T17:38:04","guid":{"rendered":"https:\/\/induquim.com\/canal-de-reclamacoes\/"},"modified":"2025-05-29T13:01:42","modified_gmt":"2025-05-29T11:01:42","slug":"canal-de-reclamacoes","status":"publish","type":"page","link":"https:\/\/induquim.com\/pt-pt\/canal-de-reclamacoes\/","title":{"rendered":"Canal de reclama\u00e7\u00f5es"},"content":{"rendered":"\t\t<div data-elementor-type=\"wp-page\" data-elementor-id=\"11196\" class=\"elementor elementor-11196 elementor-3328\" data-elementor-post-type=\"page\">\n\t\t\t\t<div class=\"elementor-element elementor-element-e54258d e-con-full e-flex e-con e-parent\" data-id=\"e54258d\" data-element_type=\"container\" data-settings=\"{&quot;background_background&quot;:&quot;classic&quot;}\">\n\t\t\t\t<div class=\"elementor-element elementor-element-22b0eea elementor-widget elementor-widget-heading\" data-id=\"22b0eea\" data-element_type=\"widget\" data-widget_type=\"heading.default\">\n\t\t\t\t<div class=\"elementor-widget-container\">\n\t\t\t\t\t<h1 class=\"elementor-heading-title elementor-size-default\">Canal de reclama\u00e7\u00f5es<\/h1>\t\t\t\t<\/div>\n\t\t\t\t<\/div>\n\t\t\t\t<\/div>\n\t\t<div class=\"elementor-element elementor-element-8327f3e e-flex e-con-boxed e-con e-parent\" data-id=\"8327f3e\" data-element_type=\"container\">\n\t\t\t\t\t<div class=\"e-con-inner\">\n\t\t\t\t<div class=\"elementor-element elementor-element-b0f8d3c elementor-widget elementor-widget-image\" data-id=\"b0f8d3c\" data-element_type=\"widget\" data-widget_type=\"image.default\">\n\t\t\t\t<div class=\"elementor-widget-container\">\n\t\t\t\t\t\t\t\t\t\t\t\t\t\t\t\t<a href=\"https:\/\/induquim.factorialhr.com\/complaints\" target=\"_blank\">\n\t\t\t\t\t\t\t<img fetchpriority=\"high\" decoding=\"async\" width=\"885\" height=\"435\" src=\"https:\/\/induquim.com\/wp-content\/uploads\/2025\/04\/Canal-de-denuncias.jpg\" class=\"attachment-full size-full wp-image-4937\" alt=\"\" srcset=\"https:\/\/induquim.com\/wp-content\/uploads\/2025\/04\/Canal-de-denuncias.jpg 885w, https:\/\/induquim.com\/wp-content\/uploads\/2025\/04\/Canal-de-denuncias-300x147.jpg 300w, https:\/\/induquim.com\/wp-content\/uploads\/2025\/04\/Canal-de-denuncias-768x377.jpg 768w\" sizes=\"(max-width: 885px) 100vw, 885px\" \/>\t\t\t\t\t\t\t\t<\/a>\n\t\t\t\t\t\t\t\t\t\t\t\t\t\t\t<\/div>\n\t\t\t\t<\/div>\n\t\t\t\t<div class=\"elementor-element elementor-element-e7aa0b1 elementor-widget elementor-widget-text-editor\" data-id=\"e7aa0b1\" data-element_type=\"widget\" data-widget_type=\"text-editor.default\">\n\t\t\t\t<div class=\"elementor-widget-container\">\n\t\t\t\t\t\t\t\t\t<p>Podes apresentar uma queixa de forma segura utilizando este formul\u00e1rio. As informa\u00e7\u00f5es ser\u00e3o encriptadas para garantir que s\u00e3o apresentadas com os mais elevados padr\u00f5es de privacidade e seguran\u00e7a. <\/p><p>Apenas a pessoa designada pela empresa o poder\u00e1 ver.<\/p><p>Podes denunciar esse tipo de conduta:<\/p><ul><li>Compet\u00eancias<\/li><li>Contratos p\u00fablicos<\/li><li>Imposto sobre o rendimento das pessoas colectivas<\/li><li>Interesses financeiros do sindicato (despesas, receitas e angaria\u00e7\u00e3o de fundos)<\/li><li>Preven\u00e7\u00e3o do branqueamento de capitais\/financiamento de actividades terroristas.<\/li><li>Prote\u00e7\u00e3o contra as radia\u00e7\u00f5es e seguran\u00e7a nuclear<\/li><li>Prote\u00e7\u00e3o do ambiente<\/li><li>Prote\u00e7\u00e3o do utilizador<\/li><li>Prote\u00e7\u00e3o de dados pessoais e privacidade<\/li><li>Sa\u00fade p\u00fablica<\/li><li>Seguran\u00e7a das redes e dos sistemas de informa\u00e7\u00e3o<\/li><li>Seguran\u00e7a alimentar<\/li><li>Seguran\u00e7a dos transportes<\/li><li>Seguran\u00e7a do produto<\/li><li>Ass\u00e9dio sexual<\/li><li>Ass\u00e9dio no trabalho<\/li><\/ul>\t\t\t\t\t\t\t\t<\/div>\n\t\t\t\t<\/div>\n\t\t\t\t<div class=\"elementor-element elementor-element-9337cd5 elementor-align-center elementor-widget elementor-widget-button\" data-id=\"9337cd5\" data-element_type=\"widget\" data-widget_type=\"button.default\">\n\t\t\t\t<div class=\"elementor-widget-container\">\n\t\t\t\t\t\t\t\t\t<div class=\"elementor-button-wrapper\">\n\t\t\t\t\t<a class=\"elementor-button elementor-button-link elementor-size-sm\" href=\"https:\/\/induquim.factorialhr.com\/complaints\" target=\"_blank\">\n\t\t\t\t\t\t<span class=\"elementor-button-content-wrapper\">\n\t\t\t\t\t\t\t\t\t<span class=\"elementor-button-text\">Vai para o formul\u00e1rio<\/span>\n\t\t\t\t\t<\/span>\n\t\t\t\t\t<\/a>\n\t\t\t\t<\/div>\n\t\t\t\t\t\t\t\t<\/div>\n\t\t\t\t<\/div>\n\t\t\t\t\t<\/div>\n\t\t\t\t<\/div>\n\t\t\t\t<\/div>\n\t\t","protected":false},"excerpt":{"rendered":"<p>Canal de reclama\u00e7\u00f5es Podes apresentar uma queixa de forma segura utilizando este formul\u00e1rio. As informa\u00e7\u00f5es ser\u00e3o encriptadas para garantir que s\u00e3o apresentadas com os mais elevados padr\u00f5es de privacidade e seguran\u00e7a. Apenas a pessoa designada pela empresa o poder\u00e1 ver. Podes denunciar esse tipo de conduta: Compet\u00eancias Contratos p\u00fablicos Imposto sobre o rendimento das pessoas [&hellip;]<\/p>\n","protected":false},"author":1,"featured_media":0,"parent":0,"menu_order":0,"comment_status":"closed","ping_status":"closed","template":"","meta":{"_acf_changed":false,"footnotes":""},"class_list":["post-11196","page","type-page","status-publish","hentry"],"acf":[],"_links":{"self":[{"href":"https:\/\/induquim.com\/pt-pt\/wp-json\/wp\/v2\/pages\/11196","targetHints":{"allow":["GET"]}}],"collection":[{"href":"https:\/\/induquim.com\/pt-pt\/wp-json\/wp\/v2\/pages"}],"about":[{"href":"https:\/\/induquim.com\/pt-pt\/wp-json\/wp\/v2\/types\/page"}],"author":[{"embeddable":true,"href":"https:\/\/induquim.com\/pt-pt\/wp-json\/wp\/v2\/users\/1"}],"replies":[{"embeddable":true,"href":"https:\/\/induquim.com\/pt-pt\/wp-json\/wp\/v2\/comments?post=11196"}],"version-history":[{"count":1,"href":"https:\/\/induquim.com\/pt-pt\/wp-json\/wp\/v2\/pages\/11196\/revisions"}],"predecessor-version":[{"id":11197,"href":"https:\/\/induquim.com\/pt-pt\/wp-json\/wp\/v2\/pages\/11196\/revisions\/11197"}],"wp:attachment":[{"href":"https:\/\/induquim.com\/pt-pt\/wp-json\/wp\/v2\/media?parent=11196"}],"curies":[{"name":"wp","href":"https:\/\/api.w.org\/{rel}","templated":true}]}}