{"id":11200,"date":"2025-04-03T13:59:20","date_gmt":"2025-04-03T11:59:20","guid":{"rendered":"https:\/\/induquim.com\/qualidade-e-politica-ambiental\/"},"modified":"2025-05-29T13:02:41","modified_gmt":"2025-05-29T11:02:41","slug":"qualidade-e-politica-ambiental","status":"publish","type":"page","link":"https:\/\/induquim.com\/pt-pt\/qualidade-e-politica-ambiental\/","title":{"rendered":"Qualidade e pol\u00edtica ambiental"},"content":{"rendered":"\n<p>Na INDUQUIM apostamos na qualidade da conce\u00e7\u00e3o e produ\u00e7\u00e3o de produtos de limpeza para garantir a m\u00e1xima satisfa\u00e7\u00e3o do cliente e o respeito pelo meio ambiente e pela sustentabilidade.<\/p>\n\n<p>A INDUQUIM disp\u00f5e de um Sistema de Gest\u00e3o da Qualidade e Meio Ambiente baseado nas normas UNE-EN-ISO 9001:2015 e UNE-EN-ISO 14001:2015. A dire\u00e7\u00e3o da INDUQUIM compromete-se a cumprir e a comunicar os seguintes valores e compromissos: <\/p>\n\n<ol class=\"wp-block-list\">\n<li>Para obter produtos eficazes, fi\u00e1veis e altamente seguros.<\/li>\n\n\n\n<li>Melhorar o servi\u00e7o oferecido aos nossos clientes atrav\u00e9s da entrega de produtos dentro dos prazos e condi\u00e7\u00f5es exigidos.<\/li>\n\n\n\n<li>Colocar a preven\u00e7\u00e3o e o controlo nos produtos e nas tarefas em primeiro lugar.<\/li>\n\n\n\n<li>Promover uma cultura de melhoria cont\u00ednua na organiza\u00e7\u00e3o, actualizando os nossos processos internos e c\u00f3digos de boas pr\u00e1ticas e aumentando a efici\u00eancia, a qualidade dos nossos produtos e as expectativas dos nossos clientes.<\/li>\n\n\n\n<li>Cumpre os requisitos do cliente, legais e regulamentares e os estabelecidos internamente.<\/li>\n\n\n\n<li>Incentiva a participa\u00e7\u00e3o dos trabalhadores e o seu desenvolvimento pessoal e profissional.<\/li>\n\n\n\n<li>Desenvolver os nossos produtos com respeito pelo ambiente, atrav\u00e9s da utiliza\u00e7\u00e3o eficiente dos recursos, de forma a contribuir para a prote\u00e7\u00e3o do ambiente, o desenvolvimento sustent\u00e1vel e a preven\u00e7\u00e3o da polui\u00e7\u00e3o.<\/li>\n<\/ol>\n\n<p>A qualidade e a prote\u00e7\u00e3o do ambiente \u00e9 um compromisso e uma responsabilidade de todos os colaboradores da INDUQUIM, que participam ativamente na manuten\u00e7\u00e3o e melhoria cont\u00ednua do Sistema de Gest\u00e3o da Qualidade e Ambiente.<\/p>\n\n<p>A Dire\u00e7\u00e3o compromete-se a dispor dos recursos humanos e das infra-estruturas necess\u00e1rias para satisfazer os requisitos das actividades realizadas e os objectivos, e a melhorar continuamente a efic\u00e1cia do nosso Sistema de Gest\u00e3o da Qualidade e do Ambiente. Esta pol\u00edtica de qualidade e ambiental \u00e9 revista anualmente para verificar a sua adequa\u00e7\u00e3o ao contexto da organiza\u00e7\u00e3o e \u00e0 dire\u00e7\u00e3o estrat\u00e9gica. \u00c9 comunicada e disponibilizada \u00e0s partes interessadas relevantes.  <\/p>\n\n<p><em>Aprovado pela Dire\u00e7\u00e3o da INDUQUIM em 08\/01\/21<\/em><\/p>\n\n<h3 class=\"wp-block-heading\">Desempenho ambiental: <a href=\"https:\/\/induquim.com\/wp-content\/uploads\/2025\/04\/induquim-informe-de-desempeno-ambiental.pdf\" target=\"_blank\" rel=\"noreferrer noopener\">Ver liga\u00e7\u00e3o<\/a><\/h3>\n","protected":false},"excerpt":{"rendered":"<p>Na INDUQUIM apostamos na qualidade da conce\u00e7\u00e3o e produ\u00e7\u00e3o de produtos de limpeza para garantir a m\u00e1xima satisfa\u00e7\u00e3o do cliente e o respeito pelo meio ambiente e pela sustentabilidade. A INDUQUIM disp\u00f5e de um Sistema de Gest\u00e3o da Qualidade e Meio Ambiente baseado nas normas UNE-EN-ISO 9001:2015 e UNE-EN-ISO 14001:2015. A dire\u00e7\u00e3o da INDUQUIM compromete-se [&hellip;]<\/p>\n","protected":false},"author":1,"featured_media":0,"parent":0,"menu_order":0,"comment_status":"closed","ping_status":"closed","template":"","meta":{"_acf_changed":false,"footnotes":""},"class_list":["post-11200","page","type-page","status-publish","hentry"],"acf":[],"_links":{"self":[{"href":"https:\/\/induquim.com\/pt-pt\/wp-json\/wp\/v2\/pages\/11200","targetHints":{"allow":["GET"]}}],"collection":[{"href":"https:\/\/induquim.com\/pt-pt\/wp-json\/wp\/v2\/pages"}],"about":[{"href":"https:\/\/induquim.com\/pt-pt\/wp-json\/wp\/v2\/types\/page"}],"author":[{"embeddable":true,"href":"https:\/\/induquim.com\/pt-pt\/wp-json\/wp\/v2\/users\/1"}],"replies":[{"embeddable":true,"href":"https:\/\/induquim.com\/pt-pt\/wp-json\/wp\/v2\/comments?post=11200"}],"version-history":[{"count":1,"href":"https:\/\/induquim.com\/pt-pt\/wp-json\/wp\/v2\/pages\/11200\/revisions"}],"predecessor-version":[{"id":11201,"href":"https:\/\/induquim.com\/pt-pt\/wp-json\/wp\/v2\/pages\/11200\/revisions\/11201"}],"wp:attachment":[{"href":"https:\/\/induquim.com\/pt-pt\/wp-json\/wp\/v2\/media?parent=11200"}],"curies":[{"name":"wp","href":"https:\/\/api.w.org\/{rel}","templated":true}]}}