{"id":11202,"date":"2025-04-03T13:55:20","date_gmt":"2025-04-03T11:55:20","guid":{"rendered":"https:\/\/induquim.com\/cobertura-legal\/"},"modified":"2025-05-29T13:03:24","modified_gmt":"2025-05-29T11:03:24","slug":"cobertura-legal","status":"publish","type":"page","link":"https:\/\/induquim.com\/pt-pt\/cobertura-legal\/","title":{"rendered":"Cobertura legal"},"content":{"rendered":"\n<h2 class=\"wp-block-heading\">Conceito de utilizador<\/h2>\n\n<p>A utiliza\u00e7\u00e3o do s\u00edtio Web confere a condi\u00e7\u00e3o de utilizador e implica a aceita\u00e7\u00e3o plena e sem reservas de todas e cada uma das disposi\u00e7\u00f5es inclu\u00eddas neste Aviso Legal na vers\u00e3o publicada por INDUSTRIAS QUIMICAS INDUQUIM, S.L. no momento em que o utilizador acede ao s\u00edtio Web. Por conseguinte, o utilizador deve ler atentamente o presente Aviso Legal sempre que pretenda utilizar o s\u00edtio Web, uma vez que pode estar sujeito a altera\u00e7\u00f5es. <\/p>\n\n<h2 class=\"wp-block-heading\">Informa\u00e7\u00f5es sobre a liga\u00e7\u00e3o<\/h2>\n\n<p>As IND\u00daSTRIAS QU\u00cdMICAS INDUQUIM, S.L. n\u00e3o se responsabilizam pelos s\u00edtios Web alheios \u00e0s IND\u00daSTRIAS QU\u00cdMICAS INDUQUIM, S.L. aos quais se possa aceder atrav\u00e9s de liga\u00e7\u00f5es ou conte\u00fados disponibilizados por terceiros.<\/p>\n\n<p>A utiliza\u00e7\u00e3o de uma liga\u00e7\u00e3o ou o acesso a um s\u00edtio web alheio \u00e0 IND\u00daSTRIAS QU\u00cdMICAS INDUQUIM, S.L. \u00e9 realizado por conta e risco exclusivo do utilizador e a IND\u00daSTRIAS QU\u00cdMICAS INDUQUIM, S.L. n\u00e3o recomenda nem garante nenhuma informa\u00e7\u00e3o obtida atrav\u00e9s de uma liga\u00e7\u00e3o alheia ao s\u00edtio web da IND\u00daSTRIAS QU\u00cdMICAS INDUQUIM, S.L. A IND\u00daSTRIAS QU\u00cdMICAS INDUQUIM, S.L. n\u00e3o se responsabiliza por qualquer perda, reclama\u00e7\u00e3o ou dano derivado da utiliza\u00e7\u00e3o ou m\u00e1 utiliza\u00e7\u00e3o de uma liga\u00e7\u00e3o, ou da informa\u00e7\u00e3o obtida atrav\u00e9s da mesma, incluindo outras liga\u00e7\u00f5es ou webs, da interrup\u00e7\u00e3o do servi\u00e7o ou do acesso, ou da tentativa de utiliza\u00e7\u00e3o ou m\u00e1 utiliza\u00e7\u00e3o de uma liga\u00e7\u00e3o, tanto na liga\u00e7\u00e3o ao site da IND\u00daSTRIAS QU\u00cdMICAS INDUQUIM, S.L. como na liga\u00e7\u00e3o ao site da IND\u00daSTRIAS QU\u00cdMICAS INDUQUIM, S.L.<\/p>\n\n<h2 class=\"wp-block-heading\">Informa\u00e7\u00f5es sobre a utiliza\u00e7\u00e3o de cookies<\/h2>\n\n<p>Este s\u00edtio Web pode estar a utilizar cookies em algumas p\u00e1ginas. O objetivo destes cookies \u00e9 melhorar o servi\u00e7o oferecido aos seus clientes e aos nossos visitantes. <\/p>\n\n<p>Os cookies s\u00e3o pequenos ficheiros de dados que s\u00e3o gerados no computador do utilizador e que permitem obter as seguintes informa\u00e7\u00f5es:<\/p>\n\n<ul class=\"wp-block-list\">\n<li>Data e hora da \u00faltima vez que o utilizador visitou o s\u00edtio Web.<\/li>\n\n\n\n<li>Conce\u00e7\u00e3o do conte\u00fado que o utilizador escolheu na sua primeira visita ao s\u00edtio Web.<\/li>\n\n\n\n<li>Elementos de seguran\u00e7a envolvidos no controlo do acesso a zonas restritas.<\/li>\n<\/ul>\n","protected":false},"excerpt":{"rendered":"<p>Conceito de utilizador A utiliza\u00e7\u00e3o do s\u00edtio Web confere a condi\u00e7\u00e3o de utilizador e implica a aceita\u00e7\u00e3o plena e sem reservas de todas e cada uma das disposi\u00e7\u00f5es inclu\u00eddas neste Aviso Legal na vers\u00e3o publicada por INDUSTRIAS QUIMICAS INDUQUIM, S.L. no momento em que o utilizador acede ao s\u00edtio Web. Por conseguinte, o utilizador deve [&hellip;]<\/p>\n","protected":false},"author":1,"featured_media":0,"parent":0,"menu_order":0,"comment_status":"closed","ping_status":"closed","template":"","meta":{"_acf_changed":false,"footnotes":""},"class_list":["post-11202","page","type-page","status-publish","hentry"],"acf":[],"_links":{"self":[{"href":"https:\/\/induquim.com\/pt-pt\/wp-json\/wp\/v2\/pages\/11202","targetHints":{"allow":["GET"]}}],"collection":[{"href":"https:\/\/induquim.com\/pt-pt\/wp-json\/wp\/v2\/pages"}],"about":[{"href":"https:\/\/induquim.com\/pt-pt\/wp-json\/wp\/v2\/types\/page"}],"author":[{"embeddable":true,"href":"https:\/\/induquim.com\/pt-pt\/wp-json\/wp\/v2\/users\/1"}],"replies":[{"embeddable":true,"href":"https:\/\/induquim.com\/pt-pt\/wp-json\/wp\/v2\/comments?post=11202"}],"version-history":[{"count":1,"href":"https:\/\/induquim.com\/pt-pt\/wp-json\/wp\/v2\/pages\/11202\/revisions"}],"predecessor-version":[{"id":11203,"href":"https:\/\/induquim.com\/pt-pt\/wp-json\/wp\/v2\/pages\/11202\/revisions\/11203"}],"wp:attachment":[{"href":"https:\/\/induquim.com\/pt-pt\/wp-json\/wp\/v2\/media?parent=11202"}],"curies":[{"name":"wp","href":"https:\/\/api.w.org\/{rel}","templated":true}]}}