{"id":11206,"date":"2025-03-20T15:29:37","date_gmt":"2025-03-20T14:29:37","guid":{"rendered":"https:\/\/induquim.com\/torna-te-um-distribuidor\/"},"modified":"2025-06-16T16:17:48","modified_gmt":"2025-06-16T14:17:48","slug":"torna-te-um-distribuidor","status":"publish","type":"page","link":"https:\/\/induquim.com\/pt-pt\/torna-te-um-distribuidor\/","title":{"rendered":"Torna-te um distribuidor"},"content":{"rendered":"\t\t<div data-elementor-type=\"wp-page\" data-elementor-id=\"11206\" class=\"elementor elementor-11206 elementor-2951\" data-elementor-post-type=\"page\">\n\t\t\t\t<div class=\"elementor-element elementor-element-d25ef20 e-con-full e-flex e-con e-parent\" data-id=\"d25ef20\" data-element_type=\"container\" data-settings=\"{&quot;background_background&quot;:&quot;classic&quot;}\">\n\t\t\t\t<div class=\"elementor-element elementor-element-bdef826 elementor-widget elementor-widget-heading\" data-id=\"bdef826\" data-element_type=\"widget\" data-widget_type=\"heading.default\">\n\t\t\t\t<div class=\"elementor-widget-container\">\n\t\t\t\t\t<h1 class=\"elementor-heading-title elementor-size-default\">Torna-te um distribuidor<\/h1>\t\t\t\t<\/div>\n\t\t\t\t<\/div>\n\t\t\t\t<\/div>\n\t\t<div class=\"elementor-element elementor-element-1375240 e-flex e-con-boxed e-con e-parent\" data-id=\"1375240\" data-element_type=\"container\">\n\t\t\t\t\t<div class=\"e-con-inner\">\n\t\t<div class=\"elementor-element elementor-element-f8d48b6 e-con-full e-flex e-con e-child\" data-id=\"f8d48b6\" data-element_type=\"container\">\n\t\t\t\t<div class=\"elementor-element elementor-element-33b9255 elementor-widget elementor-widget-image\" data-id=\"33b9255\" data-element_type=\"widget\" data-widget_type=\"image.default\">\n\t\t\t\t<div class=\"elementor-widget-container\">\n\t\t\t\t\t\t\t\t\t\t\t\t\t\t\t<img fetchpriority=\"high\" decoding=\"async\" width=\"658\" height=\"77\" src=\"https:\/\/induquim.com\/wp-content\/uploads\/2025\/03\/induquim-su-mejor-opcion.jpg\" class=\"attachment-large size-large wp-image-4664\" alt=\"\" srcset=\"https:\/\/induquim.com\/wp-content\/uploads\/2025\/03\/induquim-su-mejor-opcion.jpg 658w, https:\/\/induquim.com\/wp-content\/uploads\/2025\/03\/induquim-su-mejor-opcion-300x35.jpg 300w\" sizes=\"(max-width: 658px) 100vw, 658px\" \/>\t\t\t\t\t\t\t\t\t\t\t\t\t\t\t<\/div>\n\t\t\t\t<\/div>\n\t\t\t\t<div class=\"elementor-element elementor-element-4430cd4 elementor-widget elementor-widget-text-editor\" data-id=\"4430cd4\" data-element_type=\"widget\" data-widget_type=\"text-editor.default\">\n\t\t\t\t<div class=\"elementor-widget-container\">\n\t\t\t\t\t\t\t\t\t<p>Junta-te \u00e0 rede de distribui\u00e7\u00e3o da Induquim e beneficiar\u00e1s de todas as vantagens de ter uma grande marca.<br>Queremos convidar-te a construir um mundo mais limpo. Para isso, colocamos \u00e0 tua disposi\u00e7\u00e3o todos os meios para que o teu e o nosso futuro sejam um sucesso. Aconselhamento personalizado, promo\u00e7\u00f5es e descontos s\u00e3o alguns dos muitos benef\u00edcios de pertencer a uma marca que aposta no futuro, que aposta em ti.<br>Convidamos-te a visitar o nosso site em profundidade para que possas avaliar o grande projeto que temos para ti.  <\/p>\t\t\t\t\t\t\t\t<\/div>\n\t\t\t\t<\/div>\n\t\t\t\t<div class=\"elementor-element elementor-element-a68a6e9 elementor-widget elementor-widget-heading\" data-id=\"a68a6e9\" data-element_type=\"widget\" data-widget_type=\"heading.default\">\n\t\t\t\t<div class=\"elementor-widget-container\">\n\t\t\t\t\t<h3 class=\"elementor-heading-title elementor-size-default\">Estamos \u00e0 tua espera!<\/h3>\t\t\t\t<\/div>\n\t\t\t\t<\/div>\n\t\t\t\t<\/div>\n\t\t<div class=\"elementor-element elementor-element-bcceec3 e-con-full e-flex e-con e-child\" data-id=\"bcceec3\" data-element_type=\"container\">\n\t\t\t\t<div class=\"elementor-element elementor-element-43d5de2 elementor-button-align-stretch elementor-widget elementor-widget-form\" data-id=\"43d5de2\" data-element_type=\"widget\" data-settings=\"{&quot;step_next_label&quot;:&quot;Seguinte&quot;,&quot;step_previous_label&quot;:&quot;Anterior&quot;,&quot;button_width&quot;:&quot;100&quot;,&quot;step_type&quot;:&quot;number_text&quot;,&quot;step_icon_shape&quot;:&quot;circle&quot;}\" data-widget_type=\"form.default\">\n\t\t\t\t<div class=\"elementor-widget-container\">\n\t\t\t\t\t\t\t<form class=\"elementor-form\" method=\"post\" name=\"Formul\u00e1rio de Distribuidor\" aria-label=\"Formul\u00e1rio de Distribuidor\">\n\t\t\t<input type=\"hidden\" name=\"post_id\" value=\"11206\"\/>\n\t\t\t<input type=\"hidden\" name=\"form_id\" value=\"43d5de2\"\/>\n\t\t\t<input type=\"hidden\" name=\"referer_title\" value=\"Torna-te um distribuidor\" \/>\n\n\t\t\t\t\t\t\t<input type=\"hidden\" name=\"queried_id\" value=\"11206\"\/>\n\t\t\t\n\t\t\t<div class=\"elementor-form-fields-wrapper elementor-labels-\">\n\t\t\t\t\t\t\t\t<div class=\"elementor-field-type-text elementor-field-group elementor-column elementor-field-group-name elementor-col-100 elementor-field-required\">\n\t\t\t\t\t\t\t\t\t\t\t\t<label for=\"form-field-name\" class=\"elementor-field-label elementor-screen-only\">\n\t\t\t\t\t\t\t\tNome\t\t\t\t\t\t\t<\/label>\n\t\t\t\t\t\t\t\t\t\t\t\t\t\t<input size=\"1\" type=\"text\" name=\"form_fields[name]\" id=\"form-field-name\" class=\"elementor-field elementor-size-sm  elementor-field-textual\" placeholder=\"Nome * Nome * Nome * Nome * Nome * Nome * Nome * Nome * Nome * Nome * Nome * Nome * Nome\" required=\"required\">\n\t\t\t\t\t\t\t\t\t\t\t<\/div>\n\t\t\t\t\t\t\t\t<div class=\"elementor-field-type-text elementor-field-group elementor-column elementor-field-group-field_dae3a8f elementor-col-100\">\n\t\t\t\t\t\t\t\t\t\t\t\t<label for=\"form-field-field_dae3a8f\" class=\"elementor-field-label elementor-screen-only\">\n\t\t\t\t\t\t\t\tEmpresa\t\t\t\t\t\t\t<\/label>\n\t\t\t\t\t\t\t\t\t\t\t\t\t\t<input size=\"1\" type=\"text\" name=\"form_fields[field_dae3a8f]\" id=\"form-field-field_dae3a8f\" class=\"elementor-field elementor-size-sm  elementor-field-textual\" placeholder=\"Empresa\">\n\t\t\t\t\t\t\t\t\t\t\t<\/div>\n\t\t\t\t\t\t\t\t<div class=\"elementor-field-type-tel elementor-field-group elementor-column elementor-field-group-field_da7bdd9 elementor-col-100\">\n\t\t\t\t\t\t\t\t\t\t\t\t<label for=\"form-field-field_da7bdd9\" class=\"elementor-field-label elementor-screen-only\">\n\t\t\t\t\t\t\t\tTelefone\t\t\t\t\t\t\t<\/label>\n\t\t\t\t\t\t\t\t<input size=\"1\" type=\"tel\" name=\"form_fields[field_da7bdd9]\" id=\"form-field-field_da7bdd9\" class=\"elementor-field elementor-size-sm  elementor-field-textual\" placeholder=\"Telefone\" pattern=\"[0-9()#&amp;+*-=.]+\" title=\"Only numbers and phone characters (#, -, *, etc) are accepted.\">\n\n\t\t\t\t\t\t<\/div>\n\t\t\t\t\t\t\t\t<div class=\"elementor-field-type-email elementor-field-group elementor-column elementor-field-group-email elementor-col-100 elementor-field-required\">\n\t\t\t\t\t\t\t\t\t\t\t\t<label for=\"form-field-email\" class=\"elementor-field-label elementor-screen-only\">\n\t\t\t\t\t\t\t\tEndere\u00e7o de correio eletr\u00f3nico\t\t\t\t\t\t\t<\/label>\n\t\t\t\t\t\t\t\t\t\t\t\t\t\t<input size=\"1\" type=\"email\" name=\"form_fields[email]\" id=\"form-field-email\" class=\"elementor-field elementor-size-sm  elementor-field-textual\" placeholder=\"E-mail * E-mail\" required=\"required\">\n\t\t\t\t\t\t\t\t\t\t\t<\/div>\n\t\t\t\t\t\t\t\t<div class=\"elementor-field-type-textarea elementor-field-group elementor-column elementor-field-group-message elementor-col-100\">\n\t\t\t\t\t\t\t\t\t\t\t\t<label for=\"form-field-message\" class=\"elementor-field-label elementor-screen-only\">\n\t\t\t\t\t\t\t\tMensagem\t\t\t\t\t\t\t<\/label>\n\t\t\t\t\t\t<textarea class=\"elementor-field-textual elementor-field  elementor-size-sm\" name=\"form_fields[message]\" id=\"form-field-message\" rows=\"4\" placeholder=\"Mensagem\"><\/textarea>\t\t\t\t<\/div>\n\t\t\t\t\t\t\t\t<div class=\"elementor-field-group elementor-column elementor-field-type-submit elementor-col-100 e-form__buttons\">\n\t\t\t\t\t<button class=\"elementor-button elementor-size-md\" type=\"submit\">\n\t\t\t\t\t\t<span class=\"elementor-button-content-wrapper\">\n\t\t\t\t\t\t\t\t\t\t\t\t\t\t\t\t\t\t\t\t\t\t<span class=\"elementor-button-text\">Envia<\/span>\n\t\t\t\t\t\t\t\t\t\t\t\t\t<\/span>\n\t\t\t\t\t<\/button>\n\t\t\t\t<\/div>\n\t\t\t<\/div>\n\t\t<\/form>\n\t\t\t\t\t\t<\/div>\n\t\t\t\t<\/div>\n\t\t\t\t<\/div>\n\t\t\t\t\t<\/div>\n\t\t\t\t<\/div>\n\t\t\t\t<\/div>\n\t\t","protected":false},"excerpt":{"rendered":"<p>Torna-te um distribuidor Junta-te \u00e0 rede de distribui\u00e7\u00e3o da Induquim e beneficiar\u00e1s de todas as vantagens de ter uma grande marca.Queremos convidar-te a construir um mundo mais limpo. Para isso, colocamos \u00e0 tua disposi\u00e7\u00e3o todos os meios para que o teu e o nosso futuro sejam um sucesso. Aconselhamento personalizado, promo\u00e7\u00f5es e descontos s\u00e3o alguns [&hellip;]<\/p>\n","protected":false},"author":1,"featured_media":0,"parent":0,"menu_order":0,"comment_status":"closed","ping_status":"closed","template":"","meta":{"_acf_changed":false,"footnotes":""},"class_list":["post-11206","page","type-page","status-publish","hentry"],"acf":[],"_links":{"self":[{"href":"https:\/\/induquim.com\/pt-pt\/wp-json\/wp\/v2\/pages\/11206","targetHints":{"allow":["GET"]}}],"collection":[{"href":"https:\/\/induquim.com\/pt-pt\/wp-json\/wp\/v2\/pages"}],"about":[{"href":"https:\/\/induquim.com\/pt-pt\/wp-json\/wp\/v2\/types\/page"}],"author":[{"embeddable":true,"href":"https:\/\/induquim.com\/pt-pt\/wp-json\/wp\/v2\/users\/1"}],"replies":[{"embeddable":true,"href":"https:\/\/induquim.com\/pt-pt\/wp-json\/wp\/v2\/comments?post=11206"}],"version-history":[{"count":3,"href":"https:\/\/induquim.com\/pt-pt\/wp-json\/wp\/v2\/pages\/11206\/revisions"}],"predecessor-version":[{"id":12637,"href":"https:\/\/induquim.com\/pt-pt\/wp-json\/wp\/v2\/pages\/11206\/revisions\/12637"}],"wp:attachment":[{"href":"https:\/\/induquim.com\/pt-pt\/wp-json\/wp\/v2\/media?parent=11206"}],"curies":[{"name":"wp","href":"https:\/\/api.w.org\/{rel}","templated":true}]}}