{"id":11209,"date":"2025-03-20T15:28:52","date_gmt":"2025-03-20T14:28:52","guid":{"rendered":"https:\/\/induquim.com\/catalogos\/"},"modified":"2025-05-29T13:05:12","modified_gmt":"2025-05-29T11:05:12","slug":"catalogos","status":"publish","type":"page","link":"https:\/\/induquim.com\/pt-pt\/catalogos\/","title":{"rendered":"Cat\u00e1logos"},"content":{"rendered":"\t\t<div data-elementor-type=\"wp-page\" data-elementor-id=\"11209\" class=\"elementor elementor-11209 elementor-2947\" data-elementor-post-type=\"page\">\n\t\t\t\t<div class=\"elementor-element elementor-element-d246761 e-con-full e-flex e-con e-parent\" data-id=\"d246761\" data-element_type=\"container\" data-settings=\"{&quot;background_background&quot;:&quot;classic&quot;}\">\n\t\t\t\t<div class=\"elementor-element elementor-element-58b1019 elementor-widget elementor-widget-heading\" data-id=\"58b1019\" data-element_type=\"widget\" data-widget_type=\"heading.default\">\n\t\t\t\t<div class=\"elementor-widget-container\">\n\t\t\t\t\t<h1 class=\"elementor-heading-title elementor-size-default\">Cat\u00e1logos e publica\u00e7\u00f5es<\/h1>\t\t\t\t<\/div>\n\t\t\t\t<\/div>\n\t\t\t\t<\/div>\n\t\t<div class=\"elementor-element elementor-element-449f992 e-con-full e-flex e-con e-parent\" data-id=\"449f992\" data-element_type=\"container\">\n\t\t<div class=\"elementor-element elementor-element-b71695e e-con-full e-flex e-con e-child\" data-id=\"b71695e\" data-element_type=\"container\">\n\t\t\t\t<div class=\"elementor-element elementor-element-f9e65ce elementor-widget elementor-widget-image\" data-id=\"f9e65ce\" data-element_type=\"widget\" data-widget_type=\"image.default\">\n\t\t\t\t<div class=\"elementor-widget-container\">\n\t\t\t\t\t\t\t\t\t\t\t\t\t\t\t<img fetchpriority=\"high\" decoding=\"async\" width=\"1024\" height=\"841\" src=\"https:\/\/induquim.com\/wp-content\/uploads\/2025\/05\/induquim-catalogo-web.jpg\" class=\"attachment-full size-full wp-image-10314\" alt=\"Cat\u00e1logo Induquim\" srcset=\"https:\/\/induquim.com\/wp-content\/uploads\/2025\/05\/induquim-catalogo-web.jpg 1024w, https:\/\/induquim.com\/wp-content\/uploads\/2025\/05\/induquim-catalogo-web-300x246.jpg 300w, https:\/\/induquim.com\/wp-content\/uploads\/2025\/05\/induquim-catalogo-web-768x631.jpg 768w\" sizes=\"(max-width: 1024px) 100vw, 1024px\" \/>\t\t\t\t\t\t\t\t\t\t\t\t\t\t\t<\/div>\n\t\t\t\t<\/div>\n\t\t\t\t<\/div>\n\t\t<div class=\"elementor-element elementor-element-a53482a e-con-full e-flex e-con e-child\" data-id=\"a53482a\" data-element_type=\"container\">\n\t\t\t\t<div class=\"elementor-element elementor-element-b96a3f8 elementor-button-align-stretch elementor-widget elementor-widget-form\" data-id=\"b96a3f8\" data-element_type=\"widget\" data-settings=\"{&quot;step_next_label&quot;:&quot;Seguinte&quot;,&quot;step_previous_label&quot;:&quot;Anterior&quot;,&quot;button_width&quot;:&quot;100&quot;,&quot;step_type&quot;:&quot;number_text&quot;,&quot;step_icon_shape&quot;:&quot;circle&quot;}\" data-widget_type=\"form.default\">\n\t\t\t\t<div class=\"elementor-widget-container\">\n\t\t\t\t\t\t\t<form class=\"elementor-form\" method=\"post\" name=\"Formul\u00e1rio de cat\u00e1logo\" aria-label=\"Formul\u00e1rio de cat\u00e1logo\">\n\t\t\t<input type=\"hidden\" name=\"post_id\" value=\"11209\"\/>\n\t\t\t<input type=\"hidden\" name=\"form_id\" value=\"b96a3f8\"\/>\n\t\t\t<input type=\"hidden\" name=\"referer_title\" value=\"Cat\u00e1logos\" \/>\n\n\t\t\t\t\t\t\t<input type=\"hidden\" name=\"queried_id\" value=\"11209\"\/>\n\t\t\t\n\t\t\t<div class=\"elementor-form-fields-wrapper elementor-labels-\">\n\t\t\t\t\t\t\t\t<div class=\"elementor-field-type-text elementor-field-group elementor-column elementor-field-group-name elementor-col-100 elementor-field-required\">\n\t\t\t\t\t\t\t\t\t\t\t\t<label for=\"form-field-name\" class=\"elementor-field-label elementor-screen-only\">\n\t\t\t\t\t\t\t\tNome\t\t\t\t\t\t\t<\/label>\n\t\t\t\t\t\t\t\t\t\t\t\t\t\t<input size=\"1\" type=\"text\" name=\"form_fields[name]\" id=\"form-field-name\" class=\"elementor-field elementor-size-sm  elementor-field-textual\" placeholder=\"Nome * Nome * Nome * Nome * Nome * Nome * Nome * Nome * Nome * Nome * Nome * Nome * Nome\" required=\"required\">\n\t\t\t\t\t\t\t\t\t\t\t<\/div>\n\t\t\t\t\t\t\t\t<div class=\"elementor-field-type-text elementor-field-group elementor-column elementor-field-group-field_01ff948 elementor-col-100\">\n\t\t\t\t\t\t\t\t\t\t\t\t<label for=\"form-field-field_01ff948\" class=\"elementor-field-label elementor-screen-only\">\n\t\t\t\t\t\t\t\tEmpresa\t\t\t\t\t\t\t<\/label>\n\t\t\t\t\t\t\t\t\t\t\t\t\t\t<input size=\"1\" type=\"text\" name=\"form_fields[field_01ff948]\" id=\"form-field-field_01ff948\" class=\"elementor-field elementor-size-sm  elementor-field-textual\" placeholder=\"Empresa\">\n\t\t\t\t\t\t\t\t\t\t\t<\/div>\n\t\t\t\t\t\t\t\t<div class=\"elementor-field-type-tel elementor-field-group elementor-column elementor-field-group-field_311e771 elementor-col-100\">\n\t\t\t\t\t\t\t\t\t\t\t\t<label for=\"form-field-field_311e771\" class=\"elementor-field-label elementor-screen-only\">\n\t\t\t\t\t\t\t\tTelefone\t\t\t\t\t\t\t<\/label>\n\t\t\t\t\t\t\t\t<input size=\"1\" type=\"tel\" name=\"form_fields[field_311e771]\" id=\"form-field-field_311e771\" class=\"elementor-field elementor-size-sm  elementor-field-textual\" placeholder=\"Telefone\" pattern=\"[0-9()#&amp;+*-=.]+\" title=\"Only numbers and phone characters (#, -, *, etc) are accepted.\">\n\n\t\t\t\t\t\t<\/div>\n\t\t\t\t\t\t\t\t<div class=\"elementor-field-type-email elementor-field-group elementor-column elementor-field-group-email elementor-col-100 elementor-field-required\">\n\t\t\t\t\t\t\t\t\t\t\t\t<label for=\"form-field-email\" class=\"elementor-field-label elementor-screen-only\">\n\t\t\t\t\t\t\t\tEndere\u00e7o de correio eletr\u00f3nico\t\t\t\t\t\t\t<\/label>\n\t\t\t\t\t\t\t\t\t\t\t\t\t\t<input size=\"1\" type=\"email\" name=\"form_fields[email]\" id=\"form-field-email\" class=\"elementor-field elementor-size-sm  elementor-field-textual\" placeholder=\"E-mail * E-mail\" required=\"required\">\n\t\t\t\t\t\t\t\t\t\t\t<\/div>\n\t\t\t\t\t\t\t\t<div class=\"elementor-field-type-textarea elementor-field-group elementor-column elementor-field-group-message elementor-col-100\">\n\t\t\t\t\t\t\t\t\t\t\t\t<label for=\"form-field-message\" class=\"elementor-field-label elementor-screen-only\">\n\t\t\t\t\t\t\t\tObserva\u00e7\u00f5es\t\t\t\t\t\t\t<\/label>\n\t\t\t\t\t\t<textarea class=\"elementor-field-textual elementor-field  elementor-size-sm\" name=\"form_fields[message]\" id=\"form-field-message\" rows=\"4\" placeholder=\"Observa\u00e7\u00f5es\"><\/textarea>\t\t\t\t<\/div>\n\t\t\t\t\t\t\t\t<div class=\"elementor-field-group elementor-column elementor-field-type-submit elementor-col-100 e-form__buttons\">\n\t\t\t\t\t<button class=\"elementor-button elementor-size-md\" type=\"submit\">\n\t\t\t\t\t\t<span class=\"elementor-button-content-wrapper\">\n\t\t\t\t\t\t\t\t\t\t\t\t\t\t\t\t\t\t\t\t\t\t<span class=\"elementor-button-text\">Envia<\/span>\n\t\t\t\t\t\t\t\t\t\t\t\t\t<\/span>\n\t\t\t\t\t<\/button>\n\t\t\t\t<\/div>\n\t\t\t<\/div>\n\t\t<\/form>\n\t\t\t\t\t\t<\/div>\n\t\t\t\t<\/div>\n\t\t\t\t<\/div>\n\t\t\t\t<\/div>\n\t\t\t\t<\/div>\n\t\t","protected":false},"excerpt":{"rendered":"<p>Cat\u00e1logos e publica\u00e7\u00f5es<\/p>\n","protected":false},"author":1,"featured_media":0,"parent":0,"menu_order":0,"comment_status":"closed","ping_status":"closed","template":"","meta":{"_acf_changed":false,"footnotes":""},"class_list":["post-11209","page","type-page","status-publish","hentry"],"acf":[],"_links":{"self":[{"href":"https:\/\/induquim.com\/pt-pt\/wp-json\/wp\/v2\/pages\/11209","targetHints":{"allow":["GET"]}}],"collection":[{"href":"https:\/\/induquim.com\/pt-pt\/wp-json\/wp\/v2\/pages"}],"about":[{"href":"https:\/\/induquim.com\/pt-pt\/wp-json\/wp\/v2\/types\/page"}],"author":[{"embeddable":true,"href":"https:\/\/induquim.com\/pt-pt\/wp-json\/wp\/v2\/users\/1"}],"replies":[{"embeddable":true,"href":"https:\/\/induquim.com\/pt-pt\/wp-json\/wp\/v2\/comments?post=11209"}],"version-history":[{"count":1,"href":"https:\/\/induquim.com\/pt-pt\/wp-json\/wp\/v2\/pages\/11209\/revisions"}],"predecessor-version":[{"id":11210,"href":"https:\/\/induquim.com\/pt-pt\/wp-json\/wp\/v2\/pages\/11209\/revisions\/11210"}],"wp:attachment":[{"href":"https:\/\/induquim.com\/pt-pt\/wp-json\/wp\/v2\/media?parent=11209"}],"curies":[{"name":"wp","href":"https:\/\/api.w.org\/{rel}","templated":true}]}}