{"id":11215,"date":"2025-03-20T15:27:47","date_gmt":"2025-03-20T14:27:47","guid":{"rendered":"https:\/\/induquim.com\/empresa\/r-d-i\/"},"modified":"2025-05-29T13:07:07","modified_gmt":"2025-05-29T11:07:07","slug":"r-d-i","status":"publish","type":"page","link":"https:\/\/induquim.com\/pt-pt\/empresa\/r-d-i\/","title":{"rendered":"R + D + i"},"content":{"rendered":"\t\t<div data-elementor-type=\"wp-page\" data-elementor-id=\"11215\" class=\"elementor elementor-11215 elementor-2943\" data-elementor-post-type=\"page\">\n\t\t\t\t<div class=\"elementor-element elementor-element-a8bcdb7 e-con-full e-flex e-con e-parent\" data-id=\"a8bcdb7\" data-element_type=\"container\" data-settings=\"{&quot;background_background&quot;:&quot;classic&quot;}\">\n\t\t\t\t<div class=\"elementor-element elementor-element-a1f2e0b elementor-widget elementor-widget-heading\" data-id=\"a1f2e0b\" data-element_type=\"widget\" data-widget_type=\"heading.default\">\n\t\t\t\t<div class=\"elementor-widget-container\">\n\t\t\t\t\t<h1 class=\"elementor-heading-title elementor-size-default\">R + D + i<\/h1>\t\t\t\t<\/div>\n\t\t\t\t<\/div>\n\t\t\t\t<\/div>\n\t\t<div class=\"elementor-element elementor-element-6bae338 e-flex e-con-boxed e-con e-parent\" data-id=\"6bae338\" data-element_type=\"container\">\n\t\t\t\t\t<div class=\"e-con-inner\">\n\t\t\t\t<div class=\"elementor-element elementor-element-e875c31 elementor-widget elementor-widget-heading\" data-id=\"e875c31\" data-element_type=\"widget\" data-widget_type=\"heading.default\">\n\t\t\t\t<div class=\"elementor-widget-container\">\n\t\t\t\t\t<h2 class=\"elementor-heading-title elementor-size-default\">Sistemas Induquim<\/h2>\t\t\t\t<\/div>\n\t\t\t\t<\/div>\n\t\t\t\t<div class=\"elementor-element elementor-element-c47b5e8 elementor-widget elementor-widget-image\" data-id=\"c47b5e8\" data-element_type=\"widget\" data-widget_type=\"image.default\">\n\t\t\t\t<div class=\"elementor-widget-container\">\n\t\t\t\t\t\t\t\t\t\t\t\t\t\t\t<img fetchpriority=\"high\" decoding=\"async\" width=\"601\" height=\"183\" src=\"https:\/\/induquim.com\/wp-content\/uploads\/2025\/03\/induquim-sistemas-i-d-i.jpg\" class=\"attachment-large size-large wp-image-4682\" alt=\"\" srcset=\"https:\/\/induquim.com\/wp-content\/uploads\/2025\/03\/induquim-sistemas-i-d-i.jpg 601w, https:\/\/induquim.com\/wp-content\/uploads\/2025\/03\/induquim-sistemas-i-d-i-300x91.jpg 300w\" sizes=\"(max-width: 601px) 100vw, 601px\" \/>\t\t\t\t\t\t\t\t\t\t\t\t\t\t\t<\/div>\n\t\t\t\t<\/div>\n\t\t\t\t<div class=\"elementor-element elementor-element-8dfe494 elementor-widget elementor-widget-text-editor\" data-id=\"8dfe494\" data-element_type=\"widget\" data-widget_type=\"text-editor.default\">\n\t\t\t\t<div class=\"elementor-widget-container\">\n\t\t\t\t\t\t\t\t\t<p>O Departamento de I&amp;D&amp;I da Induquim desenvolve sistemas e produtos concentrados que melhoram a efici\u00eancia dos seus Planos de Limpeza, reduzindo custos em todos os factores envolvidos e aumentando a efic\u00e1cia dos resultados de excel\u00eancia, com crit\u00e9rios de sustentabilidade e maior rentabilidade para os seus clientes.<\/p>\t\t\t\t\t\t\t\t<\/div>\n\t\t\t\t<\/div>\n\t\t\t\t\t<\/div>\n\t\t\t\t<\/div>\n\t\t<div class=\"elementor-element elementor-element-f4306e1 e-flex e-con-boxed e-con e-parent\" data-id=\"f4306e1\" data-element_type=\"container\">\n\t\t\t\t\t<div class=\"e-con-inner\">\n\t\t<div class=\"elementor-element elementor-element-1ca7113 e-con-full e-flex e-con e-child\" data-id=\"1ca7113\" data-element_type=\"container\">\n\t\t\t\t<div class=\"elementor-element elementor-element-fe36366 elementor-widget elementor-widget-text-editor\" data-id=\"fe36366\" data-element_type=\"widget\" data-widget_type=\"text-editor.default\">\n\t\t\t\t<div class=\"elementor-widget-container\">\n\t\t\t\t\t\t\t\t\t<p>Na Induquim estamos comprometidos com a investiga\u00e7\u00e3o, e \u00e9 por isso que estamos continuamente a desenvolver novos produtos utilizando a mais recente tecnologia. Estamos sempre a investigar novos programas de limpeza e desenvolvimento no sector da limpeza e higiene. <\/p><p>O nosso departamento de I+D+i desenvolve os produtos mais inovadores a partir das melhores mat\u00e9rias-primas para oferecer aos nossos produtos uma excelente qualidade e respeito pelo meio ambiente.<\/p><p>O departamento \u00e9 composto pelo laborat\u00f3rio de controlo de qualidade e pelo laborat\u00f3rio de investiga\u00e7\u00e3o e desenvolvimento de novos produtos, ambos equipados com os mais modernos aparelhos de medi\u00e7\u00e3o e ensaio. A mais alta qualidade \u00e9 verificada nestes laborat\u00f3rios sob a norma ISO 9001:2008 certificada pela AENOR. <\/p>\t\t\t\t\t\t\t\t<\/div>\n\t\t\t\t<\/div>\n\t\t\t\t<\/div>\n\t\t<div class=\"elementor-element elementor-element-2c9d141 e-con-full e-flex e-con e-child\" data-id=\"2c9d141\" data-element_type=\"container\">\n\t\t\t\t<div class=\"elementor-element elementor-element-6253aa9 elementor-widget elementor-widget-image\" data-id=\"6253aa9\" data-element_type=\"widget\" data-widget_type=\"image.default\">\n\t\t\t\t<div class=\"elementor-widget-container\">\n\t\t\t\t\t\t\t\t\t\t\t\t\t\t\t<img decoding=\"async\" width=\"700\" height=\"700\" src=\"https:\/\/induquim.com\/wp-content\/uploads\/2025\/03\/laboratorio_003_001.jpg\" class=\"attachment-full size-full wp-image-4685\" alt=\"\" srcset=\"https:\/\/induquim.com\/wp-content\/uploads\/2025\/03\/laboratorio_003_001.jpg 700w, https:\/\/induquim.com\/wp-content\/uploads\/2025\/03\/laboratorio_003_001-300x300.jpg 300w, https:\/\/induquim.com\/wp-content\/uploads\/2025\/03\/laboratorio_003_001-150x150.jpg 150w\" sizes=\"(max-width: 700px) 100vw, 700px\" \/>\t\t\t\t\t\t\t\t\t\t\t\t\t\t\t<\/div>\n\t\t\t\t<\/div>\n\t\t\t\t<div class=\"elementor-element elementor-element-2f7d3a2 elementor-widget elementor-widget-image\" data-id=\"2f7d3a2\" data-element_type=\"widget\" data-widget_type=\"image.default\">\n\t\t\t\t<div class=\"elementor-widget-container\">\n\t\t\t\t\t\t\t\t\t\t\t\t\t\t\t<img decoding=\"async\" width=\"700\" height=\"700\" src=\"https:\/\/induquim.com\/wp-content\/uploads\/2025\/03\/desinfectantes_2_002.jpg\" class=\"attachment-full size-full wp-image-4688\" alt=\"\" srcset=\"https:\/\/induquim.com\/wp-content\/uploads\/2025\/03\/desinfectantes_2_002.jpg 700w, https:\/\/induquim.com\/wp-content\/uploads\/2025\/03\/desinfectantes_2_002-300x300.jpg 300w, https:\/\/induquim.com\/wp-content\/uploads\/2025\/03\/desinfectantes_2_002-150x150.jpg 150w\" sizes=\"(max-width: 700px) 100vw, 700px\" \/>\t\t\t\t\t\t\t\t\t\t\t\t\t\t\t<\/div>\n\t\t\t\t<\/div>\n\t\t\t\t<\/div>\n\t\t\t\t\t<\/div>\n\t\t\t\t<\/div>\n\t\t\t\t<\/div>\n\t\t","protected":false},"excerpt":{"rendered":"<p>R + D + i Sistemas Induquim O Departamento de I&amp;D&amp;I da Induquim desenvolve sistemas e produtos concentrados que melhoram a efici\u00eancia dos seus Planos de Limpeza, reduzindo custos em todos os factores envolvidos e aumentando a efic\u00e1cia dos resultados de excel\u00eancia, com crit\u00e9rios de sustentabilidade e maior rentabilidade para os seus clientes. Na Induquim [&hellip;]<\/p>\n","protected":false},"author":1,"featured_media":0,"parent":11211,"menu_order":0,"comment_status":"closed","ping_status":"closed","template":"","meta":{"_acf_changed":false,"footnotes":""},"class_list":["post-11215","page","type-page","status-publish","hentry"],"acf":[],"_links":{"self":[{"href":"https:\/\/induquim.com\/pt-pt\/wp-json\/wp\/v2\/pages\/11215","targetHints":{"allow":["GET"]}}],"collection":[{"href":"https:\/\/induquim.com\/pt-pt\/wp-json\/wp\/v2\/pages"}],"about":[{"href":"https:\/\/induquim.com\/pt-pt\/wp-json\/wp\/v2\/types\/page"}],"author":[{"embeddable":true,"href":"https:\/\/induquim.com\/pt-pt\/wp-json\/wp\/v2\/users\/1"}],"replies":[{"embeddable":true,"href":"https:\/\/induquim.com\/pt-pt\/wp-json\/wp\/v2\/comments?post=11215"}],"version-history":[{"count":1,"href":"https:\/\/induquim.com\/pt-pt\/wp-json\/wp\/v2\/pages\/11215\/revisions"}],"predecessor-version":[{"id":11216,"href":"https:\/\/induquim.com\/pt-pt\/wp-json\/wp\/v2\/pages\/11215\/revisions\/11216"}],"up":[{"embeddable":true,"href":"https:\/\/induquim.com\/pt-pt\/wp-json\/wp\/v2\/pages\/11211"}],"wp:attachment":[{"href":"https:\/\/induquim.com\/pt-pt\/wp-json\/wp\/v2\/media?parent=11215"}],"curies":[{"name":"wp","href":"https:\/\/api.w.org\/{rel}","templated":true}]}}