{"id":11217,"date":"2025-03-20T15:27:15","date_gmt":"2025-03-20T14:27:15","guid":{"rendered":"https:\/\/induquim.com\/empresa\/aconselhamento-e-formacao\/"},"modified":"2025-05-29T13:07:34","modified_gmt":"2025-05-29T11:07:34","slug":"aconselhamento-e-formacao","status":"publish","type":"page","link":"https:\/\/induquim.com\/pt-pt\/empresa\/aconselhamento-e-formacao\/","title":{"rendered":"Aconselhamento e forma\u00e7\u00e3o"},"content":{"rendered":"\t\t<div data-elementor-type=\"wp-page\" data-elementor-id=\"11217\" class=\"elementor elementor-11217 elementor-2941\" data-elementor-post-type=\"page\">\n\t\t\t\t<div class=\"elementor-element elementor-element-9bb358a e-con-full e-flex e-con e-parent\" data-id=\"9bb358a\" data-element_type=\"container\" data-settings=\"{&quot;background_background&quot;:&quot;classic&quot;}\">\n\t\t\t\t<div class=\"elementor-element elementor-element-f927975 elementor-widget elementor-widget-heading\" data-id=\"f927975\" data-element_type=\"widget\" data-widget_type=\"heading.default\">\n\t\t\t\t<div class=\"elementor-widget-container\">\n\t\t\t\t\t<h1 class=\"elementor-heading-title elementor-size-default\">Aconselhamento e forma\u00e7\u00e3o<\/h1>\t\t\t\t<\/div>\n\t\t\t\t<\/div>\n\t\t\t\t<\/div>\n\t\t<div class=\"elementor-element elementor-element-563e013 e-flex e-con-boxed e-con e-parent\" data-id=\"563e013\" data-element_type=\"container\">\n\t\t\t\t\t<div class=\"e-con-inner\">\n\t\t\t\t<div class=\"elementor-element elementor-element-e941bec elementor-widget elementor-widget-heading\" data-id=\"e941bec\" data-element_type=\"widget\" data-widget_type=\"heading.default\">\n\t\t\t\t<div class=\"elementor-widget-container\">\n\t\t\t\t\t<h2 class=\"elementor-heading-title elementor-size-default\">Porque \u00e9 que o Induquim \u00e9 a tua melhor escolha?<\/h2>\t\t\t\t<\/div>\n\t\t\t\t<\/div>\n\t\t\t\t<div class=\"elementor-element elementor-element-6f2aa3a elementor-widget elementor-widget-image\" data-id=\"6f2aa3a\" data-element_type=\"widget\" data-widget_type=\"image.default\">\n\t\t\t\t<div class=\"elementor-widget-container\">\n\t\t\t\t\t\t\t\t\t\t\t\t\t\t\t<img fetchpriority=\"high\" decoding=\"async\" width=\"658\" height=\"77\" src=\"https:\/\/induquim.com\/wp-content\/uploads\/2025\/03\/induquim-su-mejor-opcion.jpg\" class=\"attachment-large size-large wp-image-4664\" alt=\"\" srcset=\"https:\/\/induquim.com\/wp-content\/uploads\/2025\/03\/induquim-su-mejor-opcion.jpg 658w, https:\/\/induquim.com\/wp-content\/uploads\/2025\/03\/induquim-su-mejor-opcion-300x35.jpg 300w\" sizes=\"(max-width: 658px) 100vw, 658px\" \/>\t\t\t\t\t\t\t\t\t\t\t\t\t\t\t<\/div>\n\t\t\t\t<\/div>\n\t\t\t\t<div class=\"elementor-element elementor-element-42749b8 elementor-widget elementor-widget-text-editor\" data-id=\"42749b8\" data-element_type=\"widget\" data-widget_type=\"text-editor.default\">\n\t\t\t\t<div class=\"elementor-widget-container\">\n\t\t\t\t\t\t\t\t\t<p>Juntamente contigo, os nossos especialistas estudam as tuas circunst\u00e2ncias espec\u00edficas e as poss\u00edveis melhorias, inova\u00e7\u00f5es e oportunidades.<\/p>\t\t\t\t\t\t\t\t<\/div>\n\t\t\t\t<\/div>\n\t\t\t\t\t<\/div>\n\t\t\t\t<\/div>\n\t\t<div class=\"elementor-element elementor-element-3f5e6c9 e-flex e-con-boxed e-con e-parent\" data-id=\"3f5e6c9\" data-element_type=\"container\">\n\t\t\t\t\t<div class=\"e-con-inner\">\n\t\t<div class=\"elementor-element elementor-element-c7ea2f9 e-con-full e-flex e-con e-child\" data-id=\"c7ea2f9\" data-element_type=\"container\">\n\t\t\t\t<div class=\"elementor-element elementor-element-ee84e82 elementor-widget elementor-widget-heading\" data-id=\"ee84e82\" data-element_type=\"widget\" data-widget_type=\"heading.default\">\n\t\t\t\t<div class=\"elementor-widget-container\">\n\t\t\t\t\t<h3 class=\"elementor-heading-title elementor-size-default\">De m\u00e3os dadas com os nossos clientes<\/h3>\t\t\t\t<\/div>\n\t\t\t\t<\/div>\n\t\t\t\t<div class=\"elementor-element elementor-element-29f3a32 elementor-widget elementor-widget-text-editor\" data-id=\"29f3a32\" data-element_type=\"widget\" data-widget_type=\"text-editor.default\">\n\t\t\t\t<div class=\"elementor-widget-container\">\n\t\t\t\t\t\t\t\t\t<p>O estudo meticuloso e personalizado dos nossos clientes e a obriga\u00e7\u00e3o de melhorar fazem da Induquim uma empresa pr\u00f3xima e eficiente. Oferece seguran\u00e7a e compromisso, al\u00e9m de produtos de alta qualidade. <\/p><p>A rela\u00e7\u00e3o com os nossos clientes \u00e9 sempre direta e pessoal. O principal objetivo da Induquim \u00e9 a satisfa\u00e7\u00e3o do cliente. Para isso, \u00e9 fundamental o apoio dos nossos distribuidores, com os quais mantemos uma rela\u00e7\u00e3o de confian\u00e7a e lealdade.  <\/p><p>O controlo da qualidade dos nossos produtos e do servi\u00e7o que oferecemos \u00e9 a base sobre a qual assenta a atividade da empresa.<\/p>\t\t\t\t\t\t\t\t<\/div>\n\t\t\t\t<\/div>\n\t\t\t\t<\/div>\n\t\t<div class=\"elementor-element elementor-element-ae1b473 e-con-full e-flex e-con e-child\" data-id=\"ae1b473\" data-element_type=\"container\">\n\t\t\t\t<div class=\"elementor-element elementor-element-de64db2 elementor-widget elementor-widget-image\" data-id=\"de64db2\" data-element_type=\"widget\" data-widget_type=\"image.default\">\n\t\t\t\t<div class=\"elementor-widget-container\">\n\t\t\t\t\t\t\t\t\t\t\t\t\t\t\t<img decoding=\"async\" width=\"700\" height=\"700\" src=\"https:\/\/induquim.com\/wp-content\/uploads\/2025\/03\/presentacion_001_001.jpg\" class=\"attachment-full size-full wp-image-4679\" alt=\"\" srcset=\"https:\/\/induquim.com\/wp-content\/uploads\/2025\/03\/presentacion_001_001.jpg 700w, https:\/\/induquim.com\/wp-content\/uploads\/2025\/03\/presentacion_001_001-300x300.jpg 300w, https:\/\/induquim.com\/wp-content\/uploads\/2025\/03\/presentacion_001_001-150x150.jpg 150w\" sizes=\"(max-width: 700px) 100vw, 700px\" \/>\t\t\t\t\t\t\t\t\t\t\t\t\t\t\t<\/div>\n\t\t\t\t<\/div>\n\t\t\t\t<\/div>\n\t\t\t\t\t<\/div>\n\t\t\t\t<\/div>\n\t\t<div class=\"elementor-element elementor-element-ba66c92 e-flex e-con-boxed e-con e-parent\" data-id=\"ba66c92\" data-element_type=\"container\">\n\t\t\t\t\t<div class=\"e-con-inner\">\n\t\t<div class=\"elementor-element elementor-element-6776448 e-con-full e-flex e-con e-child\" data-id=\"6776448\" data-element_type=\"container\">\n\t\t\t\t<div class=\"elementor-element elementor-element-2e09512 elementor-widget elementor-widget-image\" data-id=\"2e09512\" data-element_type=\"widget\" data-widget_type=\"image.default\">\n\t\t\t\t<div class=\"elementor-widget-container\">\n\t\t\t\t\t\t\t\t\t\t\t\t\t\t\t<img decoding=\"async\" width=\"700\" height=\"700\" src=\"https:\/\/induquim.com\/wp-content\/uploads\/2025\/03\/esquemas_001_001.jpg\" class=\"attachment-full size-full wp-image-4676\" alt=\"\" srcset=\"https:\/\/induquim.com\/wp-content\/uploads\/2025\/03\/esquemas_001_001.jpg 700w, https:\/\/induquim.com\/wp-content\/uploads\/2025\/03\/esquemas_001_001-300x300.jpg 300w, https:\/\/induquim.com\/wp-content\/uploads\/2025\/03\/esquemas_001_001-150x150.jpg 150w\" sizes=\"(max-width: 700px) 100vw, 700px\" \/>\t\t\t\t\t\t\t\t\t\t\t\t\t\t\t<\/div>\n\t\t\t\t<\/div>\n\t\t\t\t<\/div>\n\t\t<div class=\"elementor-element elementor-element-d40a082 e-con-full e-flex e-con e-child\" data-id=\"d40a082\" data-element_type=\"container\">\n\t\t\t\t<div class=\"elementor-element elementor-element-fb59072 elementor-widget elementor-widget-heading\" data-id=\"fb59072\" data-element_type=\"widget\" data-widget_type=\"heading.default\">\n\t\t\t\t<div class=\"elementor-widget-container\">\n\t\t\t\t\t<h3 class=\"elementor-heading-title elementor-size-default\">Cursos de forma\u00e7\u00e3o \u00e0 medida<\/h3>\t\t\t\t<\/div>\n\t\t\t\t<\/div>\n\t\t\t\t<div class=\"elementor-element elementor-element-dfe685e elementor-widget elementor-widget-text-editor\" data-id=\"dfe685e\" data-element_type=\"widget\" data-widget_type=\"text-editor.default\">\n\t\t\t\t<div class=\"elementor-widget-container\">\n\t\t\t\t\t\t\t\t\t<p>Na Induquim sabemos a import\u00e2ncia da forma\u00e7\u00e3o e do conhecimento dos produtos e da sua aplica\u00e7\u00e3o.<\/p><p>Atrav\u00e9s dos nossos especialistas nas diferentes \u00e1reas, oferecemos cursos de forma\u00e7\u00e3o aos nossos clientes que necessitam de estar actualizados tanto no fabrico como nos sistemas e m\u00e9todos de limpeza mais modernos.<\/p><p>Dispomos de instala\u00e7\u00f5es pr\u00f3prias para a realiza\u00e7\u00e3o destes cursos e contamos com uma excelente infraestrutura de material tecnol\u00f3gico para a realiza\u00e7\u00e3o dos cursos de forma\u00e7\u00e3o de uma forma din\u00e2mica e funcional.<\/p>\t\t\t\t\t\t\t\t<\/div>\n\t\t\t\t<\/div>\n\t\t\t\t<\/div>\n\t\t\t\t\t<\/div>\n\t\t\t\t<\/div>\n\t\t\t\t<\/div>\n\t\t","protected":false},"excerpt":{"rendered":"<p>Aconselhamento e forma\u00e7\u00e3o Porque \u00e9 que o Induquim \u00e9 a tua melhor escolha? Juntamente contigo, os nossos especialistas estudam as tuas circunst\u00e2ncias espec\u00edficas e as poss\u00edveis melhorias, inova\u00e7\u00f5es e oportunidades. De m\u00e3os dadas com os nossos clientes O estudo meticuloso e personalizado dos nossos clientes e a obriga\u00e7\u00e3o de melhorar fazem da Induquim uma empresa [&hellip;]<\/p>\n","protected":false},"author":1,"featured_media":0,"parent":11211,"menu_order":0,"comment_status":"closed","ping_status":"closed","template":"","meta":{"_acf_changed":false,"footnotes":""},"class_list":["post-11217","page","type-page","status-publish","hentry"],"acf":[],"_links":{"self":[{"href":"https:\/\/induquim.com\/pt-pt\/wp-json\/wp\/v2\/pages\/11217","targetHints":{"allow":["GET"]}}],"collection":[{"href":"https:\/\/induquim.com\/pt-pt\/wp-json\/wp\/v2\/pages"}],"about":[{"href":"https:\/\/induquim.com\/pt-pt\/wp-json\/wp\/v2\/types\/page"}],"author":[{"embeddable":true,"href":"https:\/\/induquim.com\/pt-pt\/wp-json\/wp\/v2\/users\/1"}],"replies":[{"embeddable":true,"href":"https:\/\/induquim.com\/pt-pt\/wp-json\/wp\/v2\/comments?post=11217"}],"version-history":[{"count":1,"href":"https:\/\/induquim.com\/pt-pt\/wp-json\/wp\/v2\/pages\/11217\/revisions"}],"predecessor-version":[{"id":11218,"href":"https:\/\/induquim.com\/pt-pt\/wp-json\/wp\/v2\/pages\/11217\/revisions\/11218"}],"up":[{"embeddable":true,"href":"https:\/\/induquim.com\/pt-pt\/wp-json\/wp\/v2\/pages\/11211"}],"wp:attachment":[{"href":"https:\/\/induquim.com\/pt-pt\/wp-json\/wp\/v2\/media?parent=11217"}],"curies":[{"name":"wp","href":"https:\/\/api.w.org\/{rel}","templated":true}]}}