{"id":11221,"date":"2025-03-20T11:58:16","date_gmt":"2025-03-20T10:58:16","guid":{"rendered":"https:\/\/induquim.com\/empresa\/porque-induquim\/"},"modified":"2025-05-29T13:08:27","modified_gmt":"2025-05-29T11:08:27","slug":"porque-induquim","status":"publish","type":"page","link":"https:\/\/induquim.com\/pt-pt\/empresa\/porque-induquim\/","title":{"rendered":"Porqu\u00ea Induquim"},"content":{"rendered":"\t\t<div data-elementor-type=\"wp-page\" data-elementor-id=\"11221\" class=\"elementor elementor-11221 elementor-2906\" data-elementor-post-type=\"page\">\n\t\t\t\t<div class=\"elementor-element elementor-element-0fd66f2 e-con-full e-flex e-con e-parent\" data-id=\"0fd66f2\" data-element_type=\"container\" data-settings=\"{&quot;background_background&quot;:&quot;classic&quot;}\">\n\t\t\t\t<div class=\"elementor-element elementor-element-294c940 elementor-widget elementor-widget-heading\" data-id=\"294c940\" data-element_type=\"widget\" data-widget_type=\"heading.default\">\n\t\t\t\t<div class=\"elementor-widget-container\">\n\t\t\t\t\t<h1 class=\"elementor-heading-title elementor-size-default\">Porqu\u00ea Induquim<\/h1>\t\t\t\t<\/div>\n\t\t\t\t<\/div>\n\t\t\t\t<\/div>\n\t\t<div class=\"elementor-element elementor-element-22b56b6 e-flex e-con-boxed e-con e-parent\" data-id=\"22b56b6\" data-element_type=\"container\">\n\t\t\t\t\t<div class=\"e-con-inner\">\n\t\t\t\t<div class=\"elementor-element elementor-element-6f3f974 elementor-widget elementor-widget-heading\" data-id=\"6f3f974\" data-element_type=\"widget\" data-widget_type=\"heading.default\">\n\t\t\t\t<div class=\"elementor-widget-container\">\n\t\t\t\t\t<h2 class=\"elementor-heading-title elementor-size-default\">Porque \u00e9 que o Induquim \u00e9 a tua melhor escolha?<\/h2>\t\t\t\t<\/div>\n\t\t\t\t<\/div>\n\t\t\t\t<div class=\"elementor-element elementor-element-131c507 elementor-widget elementor-widget-image\" data-id=\"131c507\" data-element_type=\"widget\" data-widget_type=\"image.default\">\n\t\t\t\t<div class=\"elementor-widget-container\">\n\t\t\t\t\t\t\t\t\t\t\t\t\t\t\t<img fetchpriority=\"high\" decoding=\"async\" width=\"658\" height=\"77\" src=\"https:\/\/induquim.com\/wp-content\/uploads\/2025\/03\/induquim-su-mejor-opcion.jpg\" class=\"attachment-large size-large wp-image-4664\" alt=\"\" srcset=\"https:\/\/induquim.com\/wp-content\/uploads\/2025\/03\/induquim-su-mejor-opcion.jpg 658w, https:\/\/induquim.com\/wp-content\/uploads\/2025\/03\/induquim-su-mejor-opcion-300x35.jpg 300w\" sizes=\"(max-width: 658px) 100vw, 658px\" \/>\t\t\t\t\t\t\t\t\t\t\t\t\t\t\t<\/div>\n\t\t\t\t<\/div>\n\t\t\t\t<div class=\"elementor-element elementor-element-d7910d9 elementor-widget elementor-widget-text-editor\" data-id=\"d7910d9\" data-element_type=\"widget\" data-widget_type=\"text-editor.default\">\n\t\t\t\t<div class=\"elementor-widget-container\">\n\t\t\t\t\t\t\t\t\t<p>Porque somos paix\u00e3o, investiga\u00e7\u00e3o, tecnologia e sustentabilidade em Planos de Limpeza Profissional com voca\u00e7\u00e3o de servi\u00e7o a cada um dos nossos clientes.<\/p>\t\t\t\t\t\t\t\t<\/div>\n\t\t\t\t<\/div>\n\t\t\t\t\t<\/div>\n\t\t\t\t<\/div>\n\t\t<div class=\"elementor-element elementor-element-e7a1fb7 e-flex e-con-boxed e-con e-parent\" data-id=\"e7a1fb7\" data-element_type=\"container\">\n\t\t\t\t\t<div class=\"e-con-inner\">\n\t\t<div class=\"elementor-element elementor-element-4482a2a e-con-full e-flex e-con e-child\" data-id=\"4482a2a\" data-element_type=\"container\">\n\t\t\t\t<div class=\"elementor-element elementor-element-8156e8d elementor-widget elementor-widget-heading\" data-id=\"8156e8d\" data-element_type=\"widget\" data-widget_type=\"heading.default\">\n\t\t\t\t<div class=\"elementor-widget-container\">\n\t\t\t\t\t<h3 class=\"elementor-heading-title elementor-size-default\">Mais de 30 anos de inova\u00e7\u00e3o e experi\u00eancia<\/h3>\t\t\t\t<\/div>\n\t\t\t\t<\/div>\n\t\t\t\t<div class=\"elementor-element elementor-element-1dd4b6d elementor-widget elementor-widget-text-editor\" data-id=\"1dd4b6d\" data-element_type=\"widget\" data-widget_type=\"text-editor.default\">\n\t\t\t\t<div class=\"elementor-widget-container\">\n\t\t\t\t\t\t\t\t\t<p><strong>Fundada por Ana Chicharro e Jer\u00f3nimo Arija, a Induquim<\/strong> iniciou o seu percurso em 1994 incorporando a experi\u00eancia dos profissionais do sector com a inova\u00e7\u00e3o e a \u00faltima tecnologia na evolu\u00e7\u00e3o dos processos de limpeza profissional.<\/p>\t\t\t\t\t\t\t\t<\/div>\n\t\t\t\t<\/div>\n\t\t\t\t<div class=\"elementor-element elementor-element-a20bddf elementor-widget elementor-widget-heading\" data-id=\"a20bddf\" data-element_type=\"widget\" data-widget_type=\"heading.default\">\n\t\t\t\t<div class=\"elementor-widget-container\">\n\t\t\t\t\t<h3 class=\"elementor-heading-title elementor-size-default\">I&amp;D&amp;I com os nossos clientes<\/h3>\t\t\t\t<\/div>\n\t\t\t\t<\/div>\n\t\t\t\t<div class=\"elementor-element elementor-element-fe60332 elementor-widget elementor-widget-text-editor\" data-id=\"fe60332\" data-element_type=\"widget\" data-widget_type=\"text-editor.default\">\n\t\t\t\t<div class=\"elementor-widget-container\">\n\t\t\t\t\t\t\t\t\t<p>Desde ent\u00e3o, em conjunto com os nossos clientes e com uma voca\u00e7\u00e3o de melhoria cont\u00ednua, o departamento de I+D+i da Induquim tem vindo a desenvolver f\u00f3rmulas, sistemas, produtos, programas e servi\u00e7os para melhorar todos os resultados e a rentabilidade na limpeza profissional, proporcionando as solu\u00e7\u00f5es mais inovadoras, eficientes e eficazes, excelentes resultados ao menor custo.<\/p>\t\t\t\t\t\t\t\t<\/div>\n\t\t\t\t<\/div>\n\t\t\t\t<div class=\"elementor-element elementor-element-581f1cc elementor-widget elementor-widget-heading\" data-id=\"581f1cc\" data-element_type=\"widget\" data-widget_type=\"heading.default\">\n\t\t\t\t<div class=\"elementor-widget-container\">\n\t\t\t\t\t<h3 class=\"elementor-heading-title elementor-size-default\">Forma\u00e7\u00e3o \u00e0 medida<\/h3>\t\t\t\t<\/div>\n\t\t\t\t<\/div>\n\t\t\t\t<div class=\"elementor-element elementor-element-351399f elementor-widget elementor-widget-text-editor\" data-id=\"351399f\" data-element_type=\"widget\" data-widget_type=\"text-editor.default\">\n\t\t\t\t<div class=\"elementor-widget-container\">\n\t\t\t\t\t\t\t\t\t<p>Partilhamos o nosso conhecimento e experi\u00eancia em cursos de forma\u00e7\u00e3o sobre novos produtos, sistemas, produtos e novas t\u00e9cnicas de limpeza para gestores e profissionais.<\/p>\t\t\t\t\t\t\t\t<\/div>\n\t\t\t\t<\/div>\n\t\t\t\t<\/div>\n\t\t<div class=\"elementor-element elementor-element-7c7cc3b e-con-full e-flex e-con e-child\" data-id=\"7c7cc3b\" data-element_type=\"container\">\n\t\t\t\t<div class=\"elementor-element elementor-element-9f91d07 elementor-widget elementor-widget-heading\" data-id=\"9f91d07\" data-element_type=\"widget\" data-widget_type=\"heading.default\">\n\t\t\t\t<div class=\"elementor-widget-container\">\n\t\t\t\t\t<h3 class=\"elementor-heading-title elementor-size-default\">Tecnologia espanhola para o mundo<\/h3>\t\t\t\t<\/div>\n\t\t\t\t<\/div>\n\t\t\t\t<div class=\"elementor-element elementor-element-c9f0c17 elementor-widget elementor-widget-text-editor\" data-id=\"c9f0c17\" data-element_type=\"widget\" data-widget_type=\"text-editor.default\">\n\t\t\t\t<div class=\"elementor-widget-container\">\n\t\t\t\t\t\t\t\t\t<p>A Induquim, presente em mais de 20 pa\u00edses, exporta talento, qualidade e tecnologia espanhola para o mundo, tanto em produtos como em sistemas e patentes de Limpeza Profissional.<\/p>\t\t\t\t\t\t\t\t<\/div>\n\t\t\t\t<\/div>\n\t\t\t\t<div class=\"elementor-element elementor-element-acd8ad7 elementor-widget elementor-widget-heading\" data-id=\"acd8ad7\" data-element_type=\"widget\" data-widget_type=\"heading.default\">\n\t\t\t\t<div class=\"elementor-widget-container\">\n\t\t\t\t\t<h3 class=\"elementor-heading-title elementor-size-default\">Qualidade e ambiente<\/h3>\t\t\t\t<\/div>\n\t\t\t\t<\/div>\n\t\t\t\t<div class=\"elementor-element elementor-element-9552473 elementor-widget elementor-widget-text-editor\" data-id=\"9552473\" data-element_type=\"widget\" data-widget_type=\"text-editor.default\">\n\t\t\t\t<div class=\"elementor-widget-container\">\n\t\t\t\t\t\t\t\t\t<p>Proporcionando a mais elevada qualidade e cuidado ambiental, para al\u00e9m do cumprimento rigoroso das normas da Uni\u00e3o Europeia e do nosso compromisso moral e empresarial com a sustentabilidade.<\/p>\t\t\t\t\t\t\t\t<\/div>\n\t\t\t\t<\/div>\n\t\t\t\t<div class=\"elementor-element elementor-element-0b56498 elementor-widget__width-initial elementor-widget elementor-widget-text-editor\" data-id=\"0b56498\" data-element_type=\"widget\" data-widget_type=\"text-editor.default\">\n\t\t\t\t<div class=\"elementor-widget-container\">\n\t\t\t\t\t\t\t\t\t<p>Porqu\u00ea Induquim?<br>Porque o nosso sucesso \u00e9 o sucesso dos nossos clientes<\/p>\t\t\t\t\t\t\t\t<\/div>\n\t\t\t\t<\/div>\n\t\t\t\t<\/div>\n\t\t\t\t\t<\/div>\n\t\t\t\t<\/div>\n\t\t\t\t<\/div>\n\t\t","protected":false},"excerpt":{"rendered":"<p>Porqu\u00ea Induquim Porque \u00e9 que o Induquim \u00e9 a tua melhor escolha? Porque somos paix\u00e3o, investiga\u00e7\u00e3o, tecnologia e sustentabilidade em Planos de Limpeza Profissional com voca\u00e7\u00e3o de servi\u00e7o a cada um dos nossos clientes. Mais de 30 anos de inova\u00e7\u00e3o e experi\u00eancia Fundada por Ana Chicharro e Jer\u00f3nimo Arija, a Induquim iniciou o seu percurso [&hellip;]<\/p>\n","protected":false},"author":1,"featured_media":0,"parent":11211,"menu_order":0,"comment_status":"closed","ping_status":"closed","template":"","meta":{"_acf_changed":false,"footnotes":""},"class_list":["post-11221","page","type-page","status-publish","hentry"],"acf":[],"_links":{"self":[{"href":"https:\/\/induquim.com\/pt-pt\/wp-json\/wp\/v2\/pages\/11221","targetHints":{"allow":["GET"]}}],"collection":[{"href":"https:\/\/induquim.com\/pt-pt\/wp-json\/wp\/v2\/pages"}],"about":[{"href":"https:\/\/induquim.com\/pt-pt\/wp-json\/wp\/v2\/types\/page"}],"author":[{"embeddable":true,"href":"https:\/\/induquim.com\/pt-pt\/wp-json\/wp\/v2\/users\/1"}],"replies":[{"embeddable":true,"href":"https:\/\/induquim.com\/pt-pt\/wp-json\/wp\/v2\/comments?post=11221"}],"version-history":[{"count":1,"href":"https:\/\/induquim.com\/pt-pt\/wp-json\/wp\/v2\/pages\/11221\/revisions"}],"predecessor-version":[{"id":11222,"href":"https:\/\/induquim.com\/pt-pt\/wp-json\/wp\/v2\/pages\/11221\/revisions\/11222"}],"up":[{"embeddable":true,"href":"https:\/\/induquim.com\/pt-pt\/wp-json\/wp\/v2\/pages\/11211"}],"wp:attachment":[{"href":"https:\/\/induquim.com\/pt-pt\/wp-json\/wp\/v2\/media?parent=11221"}],"curies":[{"name":"wp","href":"https:\/\/api.w.org\/{rel}","templated":true}]}}